{"id":1533,"date":"2023-09-04T17:44:08","date_gmt":"2023-09-04T17:44:08","guid":{"rendered":"https:\/\/rcatering.cz\/?page_id=1533"},"modified":"2024-04-25T18:56:49","modified_gmt":"2024-04-25T18:56:49","slug":"ueber-uns","status":"publish","type":"page","link":"https:\/\/rcatering.cz\/de\/ueber-uns\/","title":{"rendered":"\u00dcber uns"},"content":{"rendered":"<div class=\"gb-container gb-container-aa6cd72c\">\n<div class=\"gb-container gb-container-557a2960\">\n<div class=\"gb-grid-wrapper gb-grid-wrapper-a66e7a4c\">\n<div class=\"gb-grid-column gb-grid-column-5a8708d4\"><div class=\"gb-container gb-container-5a8708d4\">\n\n<h1 class=\"gb-headline gb-headline-6d15678c gb-headline-text\">\u00dcber uns<\/h1>\n\n\n\n<p>Willkommen bei R CATERING, s.r.o. &#8211; dem Ort, an dem alle Ihre gastronomischen Tr\u00e4ume wahr werden!<\/p>\n\n\n\n<p>Unsere Reise begann 1979, als der junge und ehrgeizige Pavel Rychl\u00edk seine Ausbildung zum Koch begann. Nach erfolgreichem Studium und 14 Jahren Erfahrung in der Gastronomie beschloss er, Schritt f\u00fcr Schritt sein eigenes Unternehmen aufzubauen. Seit 1997 als Selbst\u00e4ndiger und dann im Jahr 2010 wurde Rychl\u00edk Catering zur Realit\u00e4t.<\/p>\n\n\n\n<p>R CATERING ist ein Familienunternehmen, in dem Pavel und seine Frau Jitka seit 2012 von seinen T\u00f6chtern Krist\u00fdna und Petra unterst\u00fctzt werden.<\/p>\n\n\n\n<p>Trotz der schwierigen Zeiten f\u00fcr Catering-Unternehmen im Jahr 2020 aufgrund der Covid-Pandemie haben wir \u00fcberlebt, indem wir Essen an Privatpersonen und Unternehmen geliefert haben. Das tun wir auch heute noch.<\/p>\n\n\n\n<p>Wir haben Backstage-Catering f\u00fcr einige der gr\u00f6\u00dften Namen in der Musikbranche geliefert, darunter Led Zeppelin Symphony, Scorpions, Deep Purple, Hollywood Vampires, Sting, Megadeth, The OffSpring, Kiss, Manowar und Placebo.<\/p>\n\n\n\n<p>&nbsp;Keine Veranstaltung ist zu gro\u00df oder zu klein f\u00fcr uns. Wir sind stolz darauf, Teil von Gro\u00dfveranstaltungen gewesen zu sein wie:<\/p>\n\n\n\n<p class=\"gb-headline gb-headline-8bb04fdc\"><span class=\"gb-icon\"><svg aria-hidden=\"true\" role=\"img\" height=\"1em\" width=\"1em\" viewBox=\"0 0 256 512\" xmlns=\"http:\/\/www.w3.org\/2000\/svg\"><path fill=\"currentColor\" d=\"M224.3 273l-136 136c-9.4 9.4-24.6 9.4-33.9 0l-22.6-22.6c-9.4-9.4-9.4-24.6 0-33.9l96.4-96.4-96.4-96.4c-9.4-9.4-9.4-24.6 0-33.9L54.3 103c9.4-9.4 24.6-9.4 33.9 0l136 136c9.5 9.4 9.5 24.6.1 34z\"><\/path><\/svg><\/span><span class=\"gb-headline-text\">ICRI 2022 Konferenz f\u00fcr 500 Personen,<\/span><\/p>\n\n\n\n<p class=\"gb-headline gb-headline-9aaebd3f\"><span class=\"gb-icon\"><svg aria-hidden=\"true\" role=\"img\" height=\"1em\" width=\"1em\" viewBox=\"0 0 256 512\" xmlns=\"http:\/\/www.w3.org\/2000\/svg\"><path fill=\"currentColor\" d=\"M224.3 273l-136 136c-9.4 9.4-24.6 9.4-33.9 0l-22.6-22.6c-9.4-9.4-9.4-24.6 0-33.9l96.4-96.4-96.4-96.4c-9.4-9.4-9.4-24.6 0-33.9L54.3 103c9.4-9.4 24.6-9.4 33.9 0l136 136c9.5 9.4 9.5 24.6.1 34z\"><\/path><\/svg><\/span><span class=\"gb-headline-text\">die zweit\u00e4gige Herbalife 2022 Konferenz in Br\u00fcnn f\u00fcr 1000 Personen,<\/span><\/p>\n\n\n\n<p class=\"gb-headline gb-headline-6650e8f1\"><span class=\"gb-icon\"><svg aria-hidden=\"true\" role=\"img\" height=\"1em\" width=\"1em\" viewBox=\"0 0 256 512\" xmlns=\"http:\/\/www.w3.org\/2000\/svg\"><path fill=\"currentColor\" d=\"M224.3 273l-136 136c-9.4 9.4-24.6 9.4-33.9 0l-22.6-22.6c-9.4-9.4-9.4-24.6 0-33.9l96.4-96.4-96.4-96.4c-9.4-9.4-9.4-24.6 0-33.9L54.3 103c9.4-9.4 24.6-9.4 33.9 0l136 136c9.5 9.4 9.5 24.6.1 34z\"><\/path><\/svg><\/span><span class=\"gb-headline-text\">Starlet Dance School Gala Ball 2023, der gr\u00f6\u00dfte Highschool-Tanzball des Landes f\u00fcr 1200 Personen,<\/span><\/p>\n\n\n\n<p class=\"gb-headline gb-headline-85f04666\"><span class=\"gb-icon\"><svg aria-hidden=\"true\" role=\"img\" height=\"1em\" width=\"1em\" viewBox=\"0 0 256 512\" xmlns=\"http:\/\/www.w3.org\/2000\/svg\"><path fill=\"currentColor\" d=\"M224.3 273l-136 136c-9.4 9.4-24.6 9.4-33.9 0l-22.6-22.6c-9.4-9.4-9.4-24.6 0-33.9l96.4-96.4-96.4-96.4c-9.4-9.4-9.4-24.6 0-33.9L54.3 103c9.4-9.4 24.6-9.4 33.9 0l136 136c9.5 9.4 9.5 24.6.1 34z\"><\/path><\/svg><\/span><span class=\"gb-headline-text\">Jagdball 2023, f\u00fcr 1300 Personen,<\/span><\/p>\n\n\n\n<p class=\"gb-headline gb-headline-b3537116\"><span class=\"gb-icon\"><svg aria-hidden=\"true\" role=\"img\" height=\"1em\" width=\"1em\" viewBox=\"0 0 256 512\" xmlns=\"http:\/\/www.w3.org\/2000\/svg\"><path fill=\"currentColor\" d=\"M224.3 273l-136 136c-9.4 9.4-24.6 9.4-33.9 0l-22.6-22.6c-9.4-9.4-9.4-24.6 0-33.9l96.4-96.4-96.4-96.4c-9.4-9.4-9.4-24.6 0-33.9L54.3 103c9.4-9.4 24.6-9.4 33.9 0l136 136c9.5 9.4 9.5 24.6.1 34z\"><\/path><\/svg><\/span><span class=\"gb-headline-text\">Wistron Corporate Day 2022, 500 Personen und 2023, 1500 Personen,<\/span><\/p>\n\n\n\n<p class=\"gb-headline gb-headline-5811f7ef\"><span class=\"gb-icon\"><svg aria-hidden=\"true\" role=\"img\" height=\"1em\" width=\"1em\" viewBox=\"0 0 256 512\" xmlns=\"http:\/\/www.w3.org\/2000\/svg\"><path fill=\"currentColor\" d=\"M224.3 273l-136 136c-9.4 9.4-24.6 9.4-33.9 0l-22.6-22.6c-9.4-9.4-9.4-24.6 0-33.9l96.4-96.4-96.4-96.4c-9.4-9.4-9.4-24.6 0-33.9L54.3 103c9.4-9.4 24.6-9.4 33.9 0l136 136c9.5 9.4 9.5 24.6.1 34z\"><\/path><\/svg><\/span><span class=\"gb-headline-text\">Elfetex Corporate Day auf dem Parkplatz der Czernowitz-Terrasse oder Elfetex-Fest 2022, 1500 Personen,<\/span><\/p>\n\n\n\n<p class=\"gb-headline gb-headline-6d385ef8\"><span class=\"gb-icon\"><svg aria-hidden=\"true\" role=\"img\" height=\"1em\" width=\"1em\" viewBox=\"0 0 256 512\" xmlns=\"http:\/\/www.w3.org\/2000\/svg\"><path fill=\"currentColor\" d=\"M224.3 273l-136 136c-9.4 9.4-24.6 9.4-33.9 0l-22.6-22.6c-9.4-9.4-9.4-24.6 0-33.9l96.4-96.4-96.4-96.4c-9.4-9.4-9.4-24.6 0-33.9L54.3 103c9.4-9.4 24.6-9.4 33.9 0l136 136c9.5 9.4 9.5 24.6.1 34z\"><\/path><\/svg><\/span><span class=\"gb-headline-text\">Gesellschaftsabend von OHLA \u017dS 2022, 300 Personen,<\/span><\/p>\n\n\n\n<p class=\"gb-headline gb-headline-8765348e\"><span class=\"gb-icon\"><svg aria-hidden=\"true\" role=\"img\" height=\"1em\" width=\"1em\" viewBox=\"0 0 256 512\" xmlns=\"http:\/\/www.w3.org\/2000\/svg\"><path fill=\"currentColor\" d=\"M224.3 273l-136 136c-9.4 9.4-24.6 9.4-33.9 0l-22.6-22.6c-9.4-9.4-9.4-24.6 0-33.9l96.4-96.4-96.4-96.4c-9.4-9.4-9.4-24.6 0-33.9L54.3 103c9.4-9.4 24.6-9.4 33.9 0l136 136c9.5 9.4 9.5 24.6.1 34z\"><\/path><\/svg><\/span><span class=\"gb-headline-text\">Regelm\u00e4\u00dfige Konferenz des KCHC, Katholische Charismatische Konferenz, 3000 Personen<\/span><\/p>\n\n\n\n<p class=\"gb-headline gb-headline-f3edbe64 gb-headline-text\">und mehr.<\/p>\n\n\n\n<p>Unsere idealen Kunden sind diejenigen, die auf Messen in Br\u00fcnn, unabh\u00e4ngig von der Gr\u00f6\u00dfe der Veranstaltung, erstklassige Cateringdienste und Erfrischungen suchen.<\/p>\n\n\n\n<p>Was macht uns einzigartig? Es ist unsere Leidenschaft f\u00fcr das, was wir tun, unsere Offenheit f\u00fcr neue Ideen und unser unerm\u00fcdliches Engagement f\u00fcr Qualit\u00e4t. Wir legen Wert auf lokale Zutaten und eine kreative Pr\u00e4sentation der Speisen.<\/p>\n\n\n\n<p>Wenn Sie sich f\u00fcr R CATERING entscheiden, entscheiden Sie sich f\u00fcr Qualit\u00e4t, Zuverl\u00e4ssigkeit und Innovation. Schlie\u00dfen Sie sich unseren zufriedenen Kunden an und lassen Sie uns Ihre n\u00e4chste Veranstaltung zu einem un\u00fcbertroffenen Erlebnis machen.<\/p>\n\n\n\n<a class=\"gb-button gb-button-09e428ee gb-button-text\" href=\"https:\/\/rcatering.cz\/de\/kontakt-formular\/\">Eine Anfrage erstellen<\/a>\n\n<\/div><\/div>\n<\/div>\n<\/div>\n<\/div>","protected":false},"excerpt":{"rendered":"","protected":false},"author":1,"featured_media":0,"parent":0,"menu_order":0,"comment_status":"closed","ping_status":"closed","template":"","meta":{"footnotes":""},"class_list":["post-1533","page","type-page","status-publish"],"yoast_head":"<!-- This site is optimized with the Yoast SEO plugin v27.6 - https:\/\/yoast.com\/product\/yoast-seo-wordpress\/ -->\n<title>R CATERING - Beschreibung des Catering-Unternehmens<\/title>\n<meta name=\"description\" content=\"Informationen \u00fcber das Unternehmen, das sich mit Catering und Verpflegung besch\u00e4ftigt. R CATERING liefert Dienstleistungen im Bereich der Rennverpflegung und Catering.\" \/>\n<meta name=\"robots\" content=\"index, follow, max-snippet:-1, max-image-preview:large, max-video-preview:-1\" \/>\n<link rel=\"canonical\" href=\"https:\/\/rcatering.cz\/de\/ueber-uns\/\" \/>\n<meta property=\"og:locale\" content=\"de_DE\" \/>\n<meta property=\"og:type\" content=\"article\" \/>\n<meta property=\"og:title\" content=\"R CATERING - Beschreibung des Catering-Unternehmens\" \/>\n<meta property=\"og:description\" content=\"Informationen \u00fcber das Unternehmen, das sich mit Catering und Verpflegung besch\u00e4ftigt. R CATERING liefert Dienstleistungen im Bereich der Rennverpflegung und Catering.\" \/>\n<meta property=\"og:url\" content=\"https:\/\/rcatering.cz\/de\/ueber-uns\/\" \/>\n<meta property=\"og:site_name\" content=\"R CATERING\" \/>\n<meta property=\"article:modified_time\" content=\"2024-04-25T18:56:49+00:00\" \/>\n<meta name=\"twitter:card\" content=\"summary_large_image\" \/>\n<meta name=\"twitter:label1\" content=\"Gesch\u00e4tzte Lesezeit\" \/>\n\t<meta name=\"twitter:data1\" content=\"2\u00a0Minuten\" \/>\n<script type=\"application\/ld+json\" class=\"yoast-schema-graph\">{\"@context\":\"https:\\\/\\\/schema.org\",\"@graph\":[{\"@type\":\"WebPage\",\"@id\":\"https:\\\/\\\/rcatering.cz\\\/de\\\/ueber-uns\\\/\",\"url\":\"https:\\\/\\\/rcatering.cz\\\/de\\\/ueber-uns\\\/\",\"name\":\"R CATERING - Beschreibung des Catering-Unternehmens\",\"isPartOf\":{\"@id\":\"https:\\\/\\\/rcatering.cz\\\/de\\\/#website\"},\"datePublished\":\"2023-09-04T17:44:08+00:00\",\"dateModified\":\"2024-04-25T18:56:49+00:00\",\"description\":\"Informationen \u00fcber das Unternehmen, das sich mit Catering und Verpflegung besch\u00e4ftigt. R CATERING liefert Dienstleistungen im Bereich der Rennverpflegung und Catering.\",\"breadcrumb\":{\"@id\":\"https:\\\/\\\/rcatering.cz\\\/de\\\/ueber-uns\\\/#breadcrumb\"},\"inLanguage\":\"de\",\"potentialAction\":[{\"@type\":\"ReadAction\",\"target\":[\"https:\\\/\\\/rcatering.cz\\\/de\\\/ueber-uns\\\/\"]}]},{\"@type\":\"BreadcrumbList\",\"@id\":\"https:\\\/\\\/rcatering.cz\\\/de\\\/ueber-uns\\\/#breadcrumb\",\"itemListElement\":[{\"@type\":\"ListItem\",\"position\":1,\"name\":\"Dom\u016f\",\"item\":\"https:\\\/\\\/rcatering.cz\\\/de\\\/\"},{\"@type\":\"ListItem\",\"position\":2,\"name\":\"\u00dcber uns\"}]},{\"@type\":\"WebSite\",\"@id\":\"https:\\\/\\\/rcatering.cz\\\/de\\\/#website\",\"url\":\"https:\\\/\\\/rcatering.cz\\\/de\\\/\",\"name\":\"R CATERING\",\"description\":\"\",\"publisher\":{\"@id\":\"https:\\\/\\\/rcatering.cz\\\/de\\\/#organization\"},\"inLanguage\":\"de\"},{\"@type\":\"Organization\",\"@id\":\"https:\\\/\\\/rcatering.cz\\\/de\\\/#organization\",\"name\":\"R CATERING\",\"url\":\"https:\\\/\\\/rcatering.cz\\\/de\\\/\",\"logo\":{\"@type\":\"ImageObject\",\"inLanguage\":\"de\",\"@id\":\"https:\\\/\\\/rcatering.cz\\\/de\\\/#\\\/schema\\\/logo\\\/image\\\/\",\"url\":\"https:\\\/\\\/rcatering.cz\\\/app\\\/uploads\\\/2024\\\/04\\\/bila-2-e1714039805848.png\",\"contentUrl\":\"https:\\\/\\\/rcatering.cz\\\/app\\\/uploads\\\/2024\\\/04\\\/bila-2-e1714039805848.png\",\"width\":1920,\"height\":1921,\"caption\":\"R CATERING\"},\"image\":{\"@id\":\"https:\\\/\\\/rcatering.cz\\\/de\\\/#\\\/schema\\\/logo\\\/image\\\/\"}}]}<\/script>\n<!-- \/ Yoast SEO plugin. -->","yoast_head_json":{"title":"R CATERING - Beschreibung des Catering-Unternehmens","description":"Informationen \u00fcber das Unternehmen, das sich mit Catering und Verpflegung besch\u00e4ftigt. R CATERING liefert Dienstleistungen im Bereich der Rennverpflegung und Catering.","robots":{"index":"index","follow":"follow","max-snippet":"max-snippet:-1","max-image-preview":"max-image-preview:large","max-video-preview":"max-video-preview:-1"},"canonical":"https:\/\/rcatering.cz\/de\/ueber-uns\/","og_locale":"de_DE","og_type":"article","og_title":"R CATERING - Beschreibung des Catering-Unternehmens","og_description":"Informationen \u00fcber das Unternehmen, das sich mit Catering und Verpflegung besch\u00e4ftigt. R CATERING liefert Dienstleistungen im Bereich der Rennverpflegung und Catering.","og_url":"https:\/\/rcatering.cz\/de\/ueber-uns\/","og_site_name":"R CATERING","article_modified_time":"2024-04-25T18:56:49+00:00","twitter_card":"summary_large_image","twitter_misc":{"Gesch\u00e4tzte Lesezeit":"2\u00a0Minuten"},"schema":{"@context":"https:\/\/schema.org","@graph":[{"@type":"WebPage","@id":"https:\/\/rcatering.cz\/de\/ueber-uns\/","url":"https:\/\/rcatering.cz\/de\/ueber-uns\/","name":"R CATERING - Beschreibung des Catering-Unternehmens","isPartOf":{"@id":"https:\/\/rcatering.cz\/de\/#website"},"datePublished":"2023-09-04T17:44:08+00:00","dateModified":"2024-04-25T18:56:49+00:00","description":"Informationen \u00fcber das Unternehmen, das sich mit Catering und Verpflegung besch\u00e4ftigt. R CATERING liefert Dienstleistungen im Bereich der Rennverpflegung und Catering.","breadcrumb":{"@id":"https:\/\/rcatering.cz\/de\/ueber-uns\/#breadcrumb"},"inLanguage":"de","potentialAction":[{"@type":"ReadAction","target":["https:\/\/rcatering.cz\/de\/ueber-uns\/"]}]},{"@type":"BreadcrumbList","@id":"https:\/\/rcatering.cz\/de\/ueber-uns\/#breadcrumb","itemListElement":[{"@type":"ListItem","position":1,"name":"Dom\u016f","item":"https:\/\/rcatering.cz\/de\/"},{"@type":"ListItem","position":2,"name":"\u00dcber uns"}]},{"@type":"WebSite","@id":"https:\/\/rcatering.cz\/de\/#website","url":"https:\/\/rcatering.cz\/de\/","name":"R CATERING","description":"","publisher":{"@id":"https:\/\/rcatering.cz\/de\/#organization"},"inLanguage":"de"},{"@type":"Organization","@id":"https:\/\/rcatering.cz\/de\/#organization","name":"R CATERING","url":"https:\/\/rcatering.cz\/de\/","logo":{"@type":"ImageObject","inLanguage":"de","@id":"https:\/\/rcatering.cz\/de\/#\/schema\/logo\/image\/","url":"https:\/\/rcatering.cz\/app\/uploads\/2024\/04\/bila-2-e1714039805848.png","contentUrl":"https:\/\/rcatering.cz\/app\/uploads\/2024\/04\/bila-2-e1714039805848.png","width":1920,"height":1921,"caption":"R CATERING"},"image":{"@id":"https:\/\/rcatering.cz\/de\/#\/schema\/logo\/image\/"}}]}},"_links":{"self":[{"href":"https:\/\/rcatering.cz\/de\/wp-json\/wp\/v2\/pages\/1533","targetHints":{"allow":["GET"]}}],"collection":[{"href":"https:\/\/rcatering.cz\/de\/wp-json\/wp\/v2\/pages"}],"about":[{"href":"https:\/\/rcatering.cz\/de\/wp-json\/wp\/v2\/types\/page"}],"author":[{"embeddable":true,"href":"https:\/\/rcatering.cz\/de\/wp-json\/wp\/v2\/users\/1"}],"replies":[{"embeddable":true,"href":"https:\/\/rcatering.cz\/de\/wp-json\/wp\/v2\/comments?post=1533"}],"version-history":[{"count":5,"href":"https:\/\/rcatering.cz\/de\/wp-json\/wp\/v2\/pages\/1533\/revisions"}],"predecessor-version":[{"id":2570,"href":"https:\/\/rcatering.cz\/de\/wp-json\/wp\/v2\/pages\/1533\/revisions\/2570"}],"wp:attachment":[{"href":"https:\/\/rcatering.cz\/de\/wp-json\/wp\/v2\/media?parent=1533"}],"curies":[{"name":"wp","href":"https:\/\/api.w.org\/{rel}","templated":true}]}}