{"id":1538,"date":"2023-09-04T17:49:37","date_gmt":"2023-09-04T17:49:37","guid":{"rendered":"https:\/\/rcatering.cz\/?page_id=1538"},"modified":"2024-04-25T14:25:32","modified_gmt":"2024-04-25T14:25:32","slug":"firmenveranstaltungen","status":"publish","type":"page","link":"https:\/\/rcatering.cz\/de\/firmenveranstaltungen\/","title":{"rendered":"Firmenveranstaltungen"},"content":{"rendered":"<div class=\"gb-container gb-container-aa6cd72c\">\n<div class=\"gb-container gb-container-557a2960\">\n<div class=\"gb-grid-wrapper gb-grid-wrapper-a66e7a4c\">\n<div class=\"gb-grid-column gb-grid-column-75d56a9c\"><div class=\"gb-container gb-container-75d56a9c\">\n\n<figure class=\"gb-block-image gb-block-image-c4e8d035\"><img loading=\"lazy\" decoding=\"async\" width=\"2048\" height=\"1365\" class=\"gb-image gb-image-c4e8d035\" src=\"http:\/\/rcatering.cz\/app\/uploads\/2023\/11\/53305494370_dca60fe12e_k.jpg\" alt=\"\" title=\"53305494370_dca60fe12e_k\" srcset=\"https:\/\/rcatering.cz\/app\/uploads\/2023\/11\/53305494370_dca60fe12e_k.jpg 2048w, https:\/\/rcatering.cz\/app\/uploads\/2023\/11\/53305494370_dca60fe12e_k-300x200.jpg 300w, https:\/\/rcatering.cz\/app\/uploads\/2023\/11\/53305494370_dca60fe12e_k-1024x683.jpg 1024w, https:\/\/rcatering.cz\/app\/uploads\/2023\/11\/53305494370_dca60fe12e_k-768x512.jpg 768w, https:\/\/rcatering.cz\/app\/uploads\/2023\/11\/53305494370_dca60fe12e_k-1536x1024.jpg 1536w\" sizes=\"auto, (max-width: 2048px) 100vw, 2048px\" \/><\/figure>\n\n\n\n<p><\/p>\n\n\n\n<figure class=\"gb-block-image gb-block-image-189fa358\"><img loading=\"lazy\" decoding=\"async\" width=\"2048\" height=\"1365\" class=\"gb-image gb-image-189fa358\" src=\"http:\/\/rcatering.cz\/app\/uploads\/2023\/11\/53305494300_b9ac8f3ead_k-1.jpg\" alt=\"\" title=\"53305494300_b9ac8f3ead_k-1\" srcset=\"https:\/\/rcatering.cz\/app\/uploads\/2023\/11\/53305494300_b9ac8f3ead_k-1.jpg 2048w, https:\/\/rcatering.cz\/app\/uploads\/2023\/11\/53305494300_b9ac8f3ead_k-1-300x200.jpg 300w, https:\/\/rcatering.cz\/app\/uploads\/2023\/11\/53305494300_b9ac8f3ead_k-1-1024x683.jpg 1024w, https:\/\/rcatering.cz\/app\/uploads\/2023\/11\/53305494300_b9ac8f3ead_k-1-768x512.jpg 768w, https:\/\/rcatering.cz\/app\/uploads\/2023\/11\/53305494300_b9ac8f3ead_k-1-1536x1024.jpg 1536w\" sizes=\"auto, (max-width: 2048px) 100vw, 2048px\" \/><\/figure>\n\n<\/div><\/div>\n\n<div class=\"gb-grid-column gb-grid-column-5a8708d4\"><div class=\"gb-container gb-container-5a8708d4\">\n\n<h1 class=\"gb-headline gb-headline-6d15678c gb-headline-text\">Firmenveranstaltungen<\/h1>\n\n\n\n<p class=\"gb-headline gb-headline-481cf55f gb-headline-text\">Die St\u00e4rkung des Absatzes oder die Wirkung einer Unternehmenspr\u00e4sentation kann durch entsprechend ausgew\u00e4hlte Erfrischungen erreicht werden. Steigern Sie bei der Pr\u00e4sentation Ihres ausgezeichneten Produkts dessen Attraktivit\u00e4t durch exklusive Erfrischungen. W\u00e4hlen Sie eine Erfrischung, die nicht auff\u00e4llig ist, aber gleichzeitig eine freundliche und offene Atmosph\u00e4re schafft. Machen Sie Ihre Veranstaltung zu einem unvergesslichen Erlebnis f\u00fcr Ihre Teilnehmer!<\/p>\n\n\n\n<p class=\"gb-headline gb-headline-ac4dbdce gb-headline-text\">Folgende Optionen sind m\u00f6glich:<\/p>\n\n\n\n<p class=\"gb-headline gb-headline-d322aa63\"><span class=\"gb-icon\"><svg aria-hidden=\"true\" role=\"img\" height=\"1em\" width=\"1em\" viewBox=\"0 0 256 512\" xmlns=\"http:\/\/www.w3.org\/2000\/svg\"><path fill=\"currentColor\" d=\"M224.3 273l-136 136c-9.4 9.4-24.6 9.4-33.9 0l-22.6-22.6c-9.4-9.4-9.4-24.6 0-33.9l96.4-96.4-96.4-96.4c-9.4-9.4-9.4-24.6 0-33.9L54.3 103c9.4-9.4 24.6-9.4 33.9 0l136 136c9.5 9.4 9.5 24.6.1 34z\"><\/path><\/svg><\/span><span class=\"gb-headline-text\">Ein Bankett im Tapas-Stil &#8211; einfache Kleinigkeiten, die durch ihre neuartige Pr\u00e4sentation und ihren gro\u00dfartigen Geschmack \u00fcberraschen werden.<\/span><\/p>\n\n\n\n<p class=\"gb-headline gb-headline-6f201b27\"><span class=\"gb-icon\"><svg aria-hidden=\"true\" role=\"img\" height=\"1em\" width=\"1em\" viewBox=\"0 0 256 512\" xmlns=\"http:\/\/www.w3.org\/2000\/svg\"><path fill=\"currentColor\" d=\"M224.3 273l-136 136c-9.4 9.4-24.6 9.4-33.9 0l-22.6-22.6c-9.4-9.4-9.4-24.6 0-33.9l96.4-96.4-96.4-96.4c-9.4-9.4-9.4-24.6 0-33.9L54.3 103c9.4-9.4 24.6-9.4 33.9 0l136 136c9.5 9.4 9.5 24.6.1 34z\"><\/path><\/svg><\/span><span class=\"gb-headline-text\">Fliegende Leckerbissen &#8211; st\u00e4ndiger Service von frischen Snacks unter den G\u00e4sten.<\/span><\/p>\n\n\n\n<p class=\"gb-headline gb-headline-26df635a gb-headline-text\">Im Rahmen unserer aktuellen Aktion bieten wir Ihnen jetzt ein kostenloses Catering-Angebot f\u00fcr Ihre n\u00e4chste Veranstaltung an! Verlieren Sie keine Zeit und senden Sie uns jetzt eine unverbindliche Anfrage.<\/p>\n\n\n\n<a class=\"gb-button gb-button-09e428ee gb-button-text\" href=\"https:\/\/rcatering.cz\/de\/kontakt-formular\/\">Kontakt-Formular<\/a>\n\n<\/div><\/div>\n<\/div>\n<\/div>\n<\/div>\n\n<div class=\"gb-container gb-container-0b0f2499\">\n<div class=\"gb-container gb-container-c7489ead\">\n<div class=\"gb-grid-wrapper gb-grid-wrapper-d1339e06\">\n<div class=\"gb-grid-column gb-grid-column-1b2b0235\"><div class=\"gb-container gb-container-1b2b0235\">\n\n<h2 class=\"gb-headline gb-headline-83972958 gb-headline-text\">M\u016f\u017eeme v\u00e1s ujistit, \u017ee v\u00e1s na\u0161e j\u00eddlo nezklame:<\/h2>\n\n\n\n<p class=\"gb-headline gb-headline-3e8fd496 gb-headline-text\">Wir haben unz\u00e4hlige Erfahrungen mit Banketten bei Firmenveranstaltungen und sind daher fest davon \u00fcberzeugt, dass unser Catering nicht nur ansprechend, sondern auch absolut einwandfrei und unvergesslich sein wird. Ihre G\u00e4ste werden ein gro\u00dfartiges gastronomisches Erlebnis genie\u00dfen.<\/p>\n\n<\/div><\/div>\n\n<div class=\"gb-grid-column gb-grid-column-a82305c3\"><div class=\"gb-container gb-container-a82305c3\">\n\n<h2 class=\"gb-headline gb-headline-5ee9cda2 gb-headline-text\">Ich bin interessiert<\/h2>\n\n\n\n<p class=\"gb-headline gb-headline-787776b6 gb-headline-text\">Lassen Sie es uns wissen und senden Sie uns Ihre Anfrage. Wir setzen uns gerne mit Ihnen in Verbindung und helfen Ihnen, Ihre gastronomischen Pl\u00e4ne zu verwirklichen.<\/p>\n\n\n\n<a class=\"gb-button gb-button-b3db2d70 gb-button-text\" href=\"https:\/\/rcatering.cz\/de\/kontakt-formular\/\">Anfrage<\/a>\n\n<\/div><\/div>\n<\/div>\n<\/div>\n<\/div>\n\n<div class=\"gb-container gb-container-1acc1d7e\">\n<div class=\"gb-container gb-container-3d062906\">\n\n<h3 class=\"gb-headline gb-headline-94ccdd3b gb-headline-text\">Galerie<\/h3>\n\n\n\n<figure class=\"wp-block-gallery has-nested-images columns-5 is-cropped wp-block-gallery-1 is-layout-flex wp-block-gallery-is-layout-flex\">\n<figure class=\"wp-block-image size-large\"><a href=\"https:\/\/rcatering.cz\/app\/uploads\/2023\/09\/MIK_7209-scaled.jpg\"><img loading=\"lazy\" decoding=\"async\" width=\"1024\" height=\"680\" data-id=\"327\" src=\"http:\/\/rcatering.cz\/app\/uploads\/2023\/09\/MIK_7209-1024x680.jpg\" alt=\"\" class=\"wp-image-327\" srcset=\"https:\/\/rcatering.cz\/app\/uploads\/2023\/09\/MIK_7209-1024x680.jpg 1024w, https:\/\/rcatering.cz\/app\/uploads\/2023\/09\/MIK_7209-300x199.jpg 300w, https:\/\/rcatering.cz\/app\/uploads\/2023\/09\/MIK_7209-768x510.jpg 768w, https:\/\/rcatering.cz\/app\/uploads\/2023\/09\/MIK_7209-1536x1020.jpg 1536w, https:\/\/rcatering.cz\/app\/uploads\/2023\/09\/MIK_7209-2048x1360.jpg 2048w\" sizes=\"auto, (max-width: 1024px) 100vw, 1024px\" \/><\/a><\/figure>\n\n\n\n<figure class=\"wp-block-image size-large\"><a href=\"https:\/\/rcatering.cz\/app\/uploads\/2023\/09\/MIK_7206-scaled.jpg\"><img loading=\"lazy\" decoding=\"async\" width=\"1024\" height=\"624\" data-id=\"324\" src=\"http:\/\/rcatering.cz\/app\/uploads\/2023\/09\/MIK_7206-1024x624.jpg\" alt=\"R CATERING\" class=\"wp-image-324\" srcset=\"https:\/\/rcatering.cz\/app\/uploads\/2023\/09\/MIK_7206-1024x624.jpg 1024w, https:\/\/rcatering.cz\/app\/uploads\/2023\/09\/MIK_7206-300x183.jpg 300w, https:\/\/rcatering.cz\/app\/uploads\/2023\/09\/MIK_7206-768x468.jpg 768w, https:\/\/rcatering.cz\/app\/uploads\/2023\/09\/MIK_7206-1536x937.jpg 1536w, https:\/\/rcatering.cz\/app\/uploads\/2023\/09\/MIK_7206-2048x1249.jpg 2048w\" sizes=\"auto, (max-width: 1024px) 100vw, 1024px\" \/><\/a><\/figure>\n\n\n\n<figure class=\"wp-block-image size-large\"><a href=\"https:\/\/rcatering.cz\/app\/uploads\/2023\/09\/MIK_7187-scaled.jpg\"><img loading=\"lazy\" decoding=\"async\" width=\"1024\" height=\"670\" data-id=\"314\" src=\"http:\/\/rcatering.cz\/app\/uploads\/2023\/09\/MIK_7187-1024x670.jpg\" alt=\"\" class=\"wp-image-314\" srcset=\"https:\/\/rcatering.cz\/app\/uploads\/2023\/09\/MIK_7187-1024x670.jpg 1024w, https:\/\/rcatering.cz\/app\/uploads\/2023\/09\/MIK_7187-300x196.jpg 300w, https:\/\/rcatering.cz\/app\/uploads\/2023\/09\/MIK_7187-768x502.jpg 768w, https:\/\/rcatering.cz\/app\/uploads\/2023\/09\/MIK_7187-1536x1004.jpg 1536w, https:\/\/rcatering.cz\/app\/uploads\/2023\/09\/MIK_7187-2048x1339.jpg 2048w\" sizes=\"auto, (max-width: 1024px) 100vw, 1024px\" \/><\/a><\/figure>\n\n\n\n<figure class=\"wp-block-image size-large\"><a href=\"https:\/\/rcatering.cz\/app\/uploads\/2023\/09\/MIK_7184-scaled.jpg\"><img loading=\"lazy\" decoding=\"async\" width=\"1024\" height=\"692\" data-id=\"312\" src=\"http:\/\/rcatering.cz\/app\/uploads\/2023\/09\/MIK_7184-1024x692.jpg\" alt=\"R CATERING\" class=\"wp-image-312\" srcset=\"https:\/\/rcatering.cz\/app\/uploads\/2023\/09\/MIK_7184-1024x692.jpg 1024w, https:\/\/rcatering.cz\/app\/uploads\/2023\/09\/MIK_7184-300x203.jpg 300w, https:\/\/rcatering.cz\/app\/uploads\/2023\/09\/MIK_7184-768x519.jpg 768w, https:\/\/rcatering.cz\/app\/uploads\/2023\/09\/MIK_7184-1536x1038.jpg 1536w, https:\/\/rcatering.cz\/app\/uploads\/2023\/09\/MIK_7184-2048x1384.jpg 2048w\" sizes=\"auto, (max-width: 1024px) 100vw, 1024px\" \/><\/a><\/figure>\n\n\n\n<figure class=\"wp-block-image size-large\"><a href=\"https:\/\/rcatering.cz\/app\/uploads\/2023\/09\/MIK_7165-scaled.jpg\"><img loading=\"lazy\" decoding=\"async\" width=\"1024\" height=\"657\" data-id=\"300\" src=\"http:\/\/rcatering.cz\/app\/uploads\/2023\/09\/MIK_7165-1024x657.jpg\" alt=\"\" class=\"wp-image-300\" srcset=\"https:\/\/rcatering.cz\/app\/uploads\/2023\/09\/MIK_7165-1024x657.jpg 1024w, https:\/\/rcatering.cz\/app\/uploads\/2023\/09\/MIK_7165-300x192.jpg 300w, https:\/\/rcatering.cz\/app\/uploads\/2023\/09\/MIK_7165-768x493.jpg 768w, https:\/\/rcatering.cz\/app\/uploads\/2023\/09\/MIK_7165-1536x985.jpg 1536w, https:\/\/rcatering.cz\/app\/uploads\/2023\/09\/MIK_7165-2048x1314.jpg 2048w\" sizes=\"auto, (max-width: 1024px) 100vw, 1024px\" \/><\/a><\/figure>\n\n\n\n<figure class=\"wp-block-image size-large\"><a href=\"https:\/\/rcatering.cz\/app\/uploads\/2023\/09\/MIK_7217-scaled.jpg\"><img loading=\"lazy\" decoding=\"async\" width=\"1024\" height=\"683\" data-id=\"334\" src=\"http:\/\/rcatering.cz\/app\/uploads\/2023\/09\/MIK_7217-1024x683.jpg\" alt=\"\" class=\"wp-image-334\" srcset=\"https:\/\/rcatering.cz\/app\/uploads\/2023\/09\/MIK_7217-1024x683.jpg 1024w, https:\/\/rcatering.cz\/app\/uploads\/2023\/09\/MIK_7217-300x200.jpg 300w, https:\/\/rcatering.cz\/app\/uploads\/2023\/09\/MIK_7217-768x512.jpg 768w, https:\/\/rcatering.cz\/app\/uploads\/2023\/09\/MIK_7217-1536x1024.jpg 1536w, https:\/\/rcatering.cz\/app\/uploads\/2023\/09\/MIK_7217-2048x1365.jpg 2048w\" sizes=\"auto, (max-width: 1024px) 100vw, 1024px\" \/><\/a><\/figure>\n\n\n\n<figure class=\"wp-block-image size-large\"><a href=\"https:\/\/rcatering.cz\/app\/uploads\/2023\/09\/MIK_7221-scaled.jpg\"><img loading=\"lazy\" decoding=\"async\" width=\"1024\" height=\"683\" data-id=\"337\" src=\"http:\/\/rcatering.cz\/app\/uploads\/2023\/09\/MIK_7221-1024x683.jpg\" alt=\"\" class=\"wp-image-337\" srcset=\"https:\/\/rcatering.cz\/app\/uploads\/2023\/09\/MIK_7221-1024x683.jpg 1024w, https:\/\/rcatering.cz\/app\/uploads\/2023\/09\/MIK_7221-300x200.jpg 300w, https:\/\/rcatering.cz\/app\/uploads\/2023\/09\/MIK_7221-768x512.jpg 768w, https:\/\/rcatering.cz\/app\/uploads\/2023\/09\/MIK_7221-1536x1024.jpg 1536w, https:\/\/rcatering.cz\/app\/uploads\/2023\/09\/MIK_7221-2048x1366.jpg 2048w\" sizes=\"auto, (max-width: 1024px) 100vw, 1024px\" \/><\/a><\/figure>\n\n\n\n<figure class=\"wp-block-image size-large\"><a href=\"https:\/\/rcatering.cz\/app\/uploads\/2023\/09\/MIK_7232-scaled.jpg\"><img loading=\"lazy\" decoding=\"async\" width=\"1024\" height=\"682\" data-id=\"343\" src=\"http:\/\/rcatering.cz\/app\/uploads\/2023\/09\/MIK_7232-1024x682.jpg\" alt=\"\" class=\"wp-image-343\" srcset=\"https:\/\/rcatering.cz\/app\/uploads\/2023\/09\/MIK_7232-1024x682.jpg 1024w, https:\/\/rcatering.cz\/app\/uploads\/2023\/09\/MIK_7232-300x200.jpg 300w, https:\/\/rcatering.cz\/app\/uploads\/2023\/09\/MIK_7232-768x512.jpg 768w, https:\/\/rcatering.cz\/app\/uploads\/2023\/09\/MIK_7232-1536x1024.jpg 1536w, https:\/\/rcatering.cz\/app\/uploads\/2023\/09\/MIK_7232-2048x1365.jpg 2048w\" sizes=\"auto, (max-width: 1024px) 100vw, 1024px\" \/><\/a><\/figure>\n\n\n\n<figure class=\"wp-block-image size-large\"><a href=\"https:\/\/rcatering.cz\/app\/uploads\/2023\/09\/MIK_7252-scaled.jpg\"><img loading=\"lazy\" decoding=\"async\" width=\"1024\" height=\"660\" data-id=\"356\" src=\"http:\/\/rcatering.cz\/app\/uploads\/2023\/09\/MIK_7252-1024x660.jpg\" alt=\"R CATERING\" class=\"wp-image-356\" srcset=\"https:\/\/rcatering.cz\/app\/uploads\/2023\/09\/MIK_7252-1024x660.jpg 1024w, https:\/\/rcatering.cz\/app\/uploads\/2023\/09\/MIK_7252-300x193.jpg 300w, https:\/\/rcatering.cz\/app\/uploads\/2023\/09\/MIK_7252-768x495.jpg 768w, https:\/\/rcatering.cz\/app\/uploads\/2023\/09\/MIK_7252-1536x990.jpg 1536w, https:\/\/rcatering.cz\/app\/uploads\/2023\/09\/MIK_7252-2048x1319.jpg 2048w\" sizes=\"auto, (max-width: 1024px) 100vw, 1024px\" \/><\/a><\/figure>\n\n\n\n<figure class=\"wp-block-image size-large\"><a href=\"https:\/\/rcatering.cz\/app\/uploads\/2023\/09\/MIK_7257-kopie-scaled.jpg\"><img loading=\"lazy\" decoding=\"async\" width=\"1024\" height=\"683\" data-id=\"360\" src=\"http:\/\/rcatering.cz\/app\/uploads\/2023\/09\/MIK_7257-kopie-1024x683.jpg\" alt=\"\" class=\"wp-image-360\" srcset=\"https:\/\/rcatering.cz\/app\/uploads\/2023\/09\/MIK_7257-kopie-1024x683.jpg 1024w, https:\/\/rcatering.cz\/app\/uploads\/2023\/09\/MIK_7257-kopie-300x200.jpg 300w, https:\/\/rcatering.cz\/app\/uploads\/2023\/09\/MIK_7257-kopie-768x512.jpg 768w, https:\/\/rcatering.cz\/app\/uploads\/2023\/09\/MIK_7257-kopie-1536x1024.jpg 1536w, https:\/\/rcatering.cz\/app\/uploads\/2023\/09\/MIK_7257-kopie-2048x1365.jpg 2048w\" sizes=\"auto, (max-width: 1024px) 100vw, 1024px\" \/><\/a><\/figure>\n<\/figure>\n\n<\/div>\n<\/div>","protected":false},"excerpt":{"rendered":"<p>Galerie<\/p>\n","protected":false},"author":1,"featured_media":0,"parent":0,"menu_order":0,"comment_status":"closed","ping_status":"closed","template":"","meta":{"footnotes":""},"class_list":["post-1538","page","type-page","status-publish"],"yoast_head":"<!-- This site is optimized with the Yoast SEO plugin v27.6 - https:\/\/yoast.com\/product\/yoast-seo-wordpress\/ -->\n<title>Firmenveranstaltungen - R CATERING<\/title>\n<meta name=\"description\" content=\"Erfrischungen sind immer geeignet, um den Verkauf oder die Unternehmenspr\u00e4sentation zu unterst\u00fctzen.\" \/>\n<meta name=\"robots\" content=\"index, follow, max-snippet:-1, max-image-preview:large, max-video-preview:-1\" \/>\n<link rel=\"canonical\" href=\"https:\/\/rcatering.cz\/de\/firmenveranstaltungen\/\" \/>\n<meta property=\"og:locale\" content=\"de_DE\" \/>\n<meta property=\"og:type\" content=\"article\" \/>\n<meta property=\"og:title\" content=\"Firmenveranstaltungen - R CATERING\" \/>\n<meta property=\"og:description\" content=\"Erfrischungen sind immer geeignet, um den Verkauf oder die Unternehmenspr\u00e4sentation zu unterst\u00fctzen.\" \/>\n<meta property=\"og:url\" content=\"https:\/\/rcatering.cz\/de\/firmenveranstaltungen\/\" \/>\n<meta property=\"og:site_name\" content=\"R CATERING\" \/>\n<meta property=\"article:modified_time\" content=\"2024-04-25T14:25:32+00:00\" \/>\n<meta property=\"og:image\" content=\"http:\/\/rcatering.cz\/app\/uploads\/2023\/11\/53305494370_dca60fe12e_k.jpg\" \/>\n<meta name=\"twitter:card\" content=\"summary_large_image\" \/>\n<meta name=\"twitter:label1\" content=\"Gesch\u00e4tzte Lesezeit\" \/>\n\t<meta name=\"twitter:data1\" content=\"4\u00a0Minuten\" \/>\n<script type=\"application\/ld+json\" class=\"yoast-schema-graph\">{\"@context\":\"https:\\\/\\\/schema.org\",\"@graph\":[{\"@type\":\"WebPage\",\"@id\":\"https:\\\/\\\/rcatering.cz\\\/de\\\/firmenveranstaltungen\\\/\",\"url\":\"https:\\\/\\\/rcatering.cz\\\/de\\\/firmenveranstaltungen\\\/\",\"name\":\"Firmenveranstaltungen - R CATERING\",\"isPartOf\":{\"@id\":\"https:\\\/\\\/rcatering.cz\\\/de\\\/#website\"},\"primaryImageOfPage\":{\"@id\":\"https:\\\/\\\/rcatering.cz\\\/de\\\/firmenveranstaltungen\\\/#primaryimage\"},\"image\":{\"@id\":\"https:\\\/\\\/rcatering.cz\\\/de\\\/firmenveranstaltungen\\\/#primaryimage\"},\"thumbnailUrl\":\"http:\\\/\\\/rcatering.cz\\\/app\\\/uploads\\\/2023\\\/11\\\/53305494370_dca60fe12e_k.jpg\",\"datePublished\":\"2023-09-04T17:49:37+00:00\",\"dateModified\":\"2024-04-25T14:25:32+00:00\",\"description\":\"Erfrischungen sind immer geeignet, um den Verkauf oder die Unternehmenspr\u00e4sentation zu unterst\u00fctzen.\",\"breadcrumb\":{\"@id\":\"https:\\\/\\\/rcatering.cz\\\/de\\\/firmenveranstaltungen\\\/#breadcrumb\"},\"inLanguage\":\"de\",\"potentialAction\":[{\"@type\":\"ReadAction\",\"target\":[\"https:\\\/\\\/rcatering.cz\\\/de\\\/firmenveranstaltungen\\\/\"]}]},{\"@type\":\"ImageObject\",\"inLanguage\":\"de\",\"@id\":\"https:\\\/\\\/rcatering.cz\\\/de\\\/firmenveranstaltungen\\\/#primaryimage\",\"url\":\"http:\\\/\\\/rcatering.cz\\\/app\\\/uploads\\\/2023\\\/11\\\/53305494370_dca60fe12e_k.jpg\",\"contentUrl\":\"http:\\\/\\\/rcatering.cz\\\/app\\\/uploads\\\/2023\\\/11\\\/53305494370_dca60fe12e_k.jpg\"},{\"@type\":\"BreadcrumbList\",\"@id\":\"https:\\\/\\\/rcatering.cz\\\/de\\\/firmenveranstaltungen\\\/#breadcrumb\",\"itemListElement\":[{\"@type\":\"ListItem\",\"position\":1,\"name\":\"Dom\u016f\",\"item\":\"https:\\\/\\\/rcatering.cz\\\/de\\\/\"},{\"@type\":\"ListItem\",\"position\":2,\"name\":\"Firmenveranstaltungen\"}]},{\"@type\":\"WebSite\",\"@id\":\"https:\\\/\\\/rcatering.cz\\\/de\\\/#website\",\"url\":\"https:\\\/\\\/rcatering.cz\\\/de\\\/\",\"name\":\"R CATERING\",\"description\":\"\",\"publisher\":{\"@id\":\"https:\\\/\\\/rcatering.cz\\\/de\\\/#organization\"},\"inLanguage\":\"de\"},{\"@type\":\"Organization\",\"@id\":\"https:\\\/\\\/rcatering.cz\\\/de\\\/#organization\",\"name\":\"R CATERING\",\"url\":\"https:\\\/\\\/rcatering.cz\\\/de\\\/\",\"logo\":{\"@type\":\"ImageObject\",\"inLanguage\":\"de\",\"@id\":\"https:\\\/\\\/rcatering.cz\\\/de\\\/#\\\/schema\\\/logo\\\/image\\\/\",\"url\":\"https:\\\/\\\/rcatering.cz\\\/app\\\/uploads\\\/2024\\\/04\\\/bila-2-e1714039805848.png\",\"contentUrl\":\"https:\\\/\\\/rcatering.cz\\\/app\\\/uploads\\\/2024\\\/04\\\/bila-2-e1714039805848.png\",\"width\":1920,\"height\":1921,\"caption\":\"R CATERING\"},\"image\":{\"@id\":\"https:\\\/\\\/rcatering.cz\\\/de\\\/#\\\/schema\\\/logo\\\/image\\\/\"}}]}<\/script>\n<!-- \/ Yoast SEO plugin. -->","yoast_head_json":{"title":"Firmenveranstaltungen - R CATERING","description":"Erfrischungen sind immer geeignet, um den Verkauf oder die Unternehmenspr\u00e4sentation zu unterst\u00fctzen.","robots":{"index":"index","follow":"follow","max-snippet":"max-snippet:-1","max-image-preview":"max-image-preview:large","max-video-preview":"max-video-preview:-1"},"canonical":"https:\/\/rcatering.cz\/de\/firmenveranstaltungen\/","og_locale":"de_DE","og_type":"article","og_title":"Firmenveranstaltungen - R CATERING","og_description":"Erfrischungen sind immer geeignet, um den Verkauf oder die Unternehmenspr\u00e4sentation zu unterst\u00fctzen.","og_url":"https:\/\/rcatering.cz\/de\/firmenveranstaltungen\/","og_site_name":"R CATERING","article_modified_time":"2024-04-25T14:25:32+00:00","og_image":[{"url":"http:\/\/rcatering.cz\/app\/uploads\/2023\/11\/53305494370_dca60fe12e_k.jpg","type":"","width":"","height":""}],"twitter_card":"summary_large_image","twitter_misc":{"Gesch\u00e4tzte Lesezeit":"4\u00a0Minuten"},"schema":{"@context":"https:\/\/schema.org","@graph":[{"@type":"WebPage","@id":"https:\/\/rcatering.cz\/de\/firmenveranstaltungen\/","url":"https:\/\/rcatering.cz\/de\/firmenveranstaltungen\/","name":"Firmenveranstaltungen - R CATERING","isPartOf":{"@id":"https:\/\/rcatering.cz\/de\/#website"},"primaryImageOfPage":{"@id":"https:\/\/rcatering.cz\/de\/firmenveranstaltungen\/#primaryimage"},"image":{"@id":"https:\/\/rcatering.cz\/de\/firmenveranstaltungen\/#primaryimage"},"thumbnailUrl":"http:\/\/rcatering.cz\/app\/uploads\/2023\/11\/53305494370_dca60fe12e_k.jpg","datePublished":"2023-09-04T17:49:37+00:00","dateModified":"2024-04-25T14:25:32+00:00","description":"Erfrischungen sind immer geeignet, um den Verkauf oder die Unternehmenspr\u00e4sentation zu unterst\u00fctzen.","breadcrumb":{"@id":"https:\/\/rcatering.cz\/de\/firmenveranstaltungen\/#breadcrumb"},"inLanguage":"de","potentialAction":[{"@type":"ReadAction","target":["https:\/\/rcatering.cz\/de\/firmenveranstaltungen\/"]}]},{"@type":"ImageObject","inLanguage":"de","@id":"https:\/\/rcatering.cz\/de\/firmenveranstaltungen\/#primaryimage","url":"http:\/\/rcatering.cz\/app\/uploads\/2023\/11\/53305494370_dca60fe12e_k.jpg","contentUrl":"http:\/\/rcatering.cz\/app\/uploads\/2023\/11\/53305494370_dca60fe12e_k.jpg"},{"@type":"BreadcrumbList","@id":"https:\/\/rcatering.cz\/de\/firmenveranstaltungen\/#breadcrumb","itemListElement":[{"@type":"ListItem","position":1,"name":"Dom\u016f","item":"https:\/\/rcatering.cz\/de\/"},{"@type":"ListItem","position":2,"name":"Firmenveranstaltungen"}]},{"@type":"WebSite","@id":"https:\/\/rcatering.cz\/de\/#website","url":"https:\/\/rcatering.cz\/de\/","name":"R CATERING","description":"","publisher":{"@id":"https:\/\/rcatering.cz\/de\/#organization"},"inLanguage":"de"},{"@type":"Organization","@id":"https:\/\/rcatering.cz\/de\/#organization","name":"R CATERING","url":"https:\/\/rcatering.cz\/de\/","logo":{"@type":"ImageObject","inLanguage":"de","@id":"https:\/\/rcatering.cz\/de\/#\/schema\/logo\/image\/","url":"https:\/\/rcatering.cz\/app\/uploads\/2024\/04\/bila-2-e1714039805848.png","contentUrl":"https:\/\/rcatering.cz\/app\/uploads\/2024\/04\/bila-2-e1714039805848.png","width":1920,"height":1921,"caption":"R CATERING"},"image":{"@id":"https:\/\/rcatering.cz\/de\/#\/schema\/logo\/image\/"}}]}},"_links":{"self":[{"href":"https:\/\/rcatering.cz\/de\/wp-json\/wp\/v2\/pages\/1538","targetHints":{"allow":["GET"]}}],"collection":[{"href":"https:\/\/rcatering.cz\/de\/wp-json\/wp\/v2\/pages"}],"about":[{"href":"https:\/\/rcatering.cz\/de\/wp-json\/wp\/v2\/types\/page"}],"author":[{"embeddable":true,"href":"https:\/\/rcatering.cz\/de\/wp-json\/wp\/v2\/users\/1"}],"replies":[{"embeddable":true,"href":"https:\/\/rcatering.cz\/de\/wp-json\/wp\/v2\/comments?post=1538"}],"version-history":[{"count":6,"href":"https:\/\/rcatering.cz\/de\/wp-json\/wp\/v2\/pages\/1538\/revisions"}],"predecessor-version":[{"id":2529,"href":"https:\/\/rcatering.cz\/de\/wp-json\/wp\/v2\/pages\/1538\/revisions\/2529"}],"wp:attachment":[{"href":"https:\/\/rcatering.cz\/de\/wp-json\/wp\/v2\/media?parent=1538"}],"curies":[{"name":"wp","href":"https:\/\/api.w.org\/{rel}","templated":true}]}}