{"id":1550,"date":"2023-09-04T17:49:47","date_gmt":"2023-09-04T17:49:47","guid":{"rendered":"https:\/\/rcatering.cz\/?page_id=1550"},"modified":"2024-04-25T14:26:48","modified_gmt":"2024-04-25T14:26:48","slug":"konferenz","status":"publish","type":"page","link":"https:\/\/rcatering.cz\/de\/konferenz\/","title":{"rendered":"Konferenz"},"content":{"rendered":"<div class=\"gb-container gb-container-aa6cd72c\">\n<div class=\"gb-container gb-container-557a2960\">\n<div class=\"gb-grid-wrapper gb-grid-wrapper-a66e7a4c\">\n<div class=\"gb-grid-column gb-grid-column-5a8708d4\"><div class=\"gb-container gb-container-5a8708d4\">\n\n<h1 class=\"gb-headline gb-headline-6d15678c gb-headline-text\">Konferenz<\/h1>\n\n\n\n<p class=\"gb-headline gb-headline-481cf55f gb-headline-text\">Unsere Aufgabe ist es, die Erfahrung aller Teilnehmer der Kongresse und Konferenzen, die Sie uns anvertrauen, zu pflegen und zu bereichern. Zu diesem Zweck bieten wir mit viel Liebe und Sorgfalt kleine Erfrischungen f\u00fcr jeden Teilnehmer an. Dabei geht es uns um mehr als nur das traditionelle Sandwich. Aber auch das wird von uns mit so viel Sorgfalt und Geschick zubereitet, dass es nicht nur nicht beleidigt, sondern sogar Freude und Genuss f\u00fcr Ihren Geschmackssinn bringt.<\/p>\n\n\n\n<p class=\"gb-headline gb-headline-c1e88481 gb-headline-text\">Unser Angebot geht jedoch weit \u00fcber den einfachen Imbiss hinaus. Es liegt uns am Herzen, dass jeder Teilnehmer unserer Veranstaltungen verw\u00f6hnt wird, sowohl durch die Auswahl der k\u00f6stlichen Speisen als auch durch die Atmosph\u00e4re, die wir f\u00fcr Sie schaffen. Wir m\u00f6chten jedem die M\u00f6glichkeit geben, das zu w\u00e4hlen, was ihm am besten schmeckt, sei es ein Buffet, warm oder kalt.<\/p>\n\n\n\n<p class=\"gb-headline gb-headline-0a1ed1ee gb-headline-text\">Wir haben eine breite Palette von M\u00f6glichkeiten, die von einfachen kalten Snacks wie Sandwiches, Canap\u00e9s oder Degustationsgerichten bis hin zu Buffets oder B\u00fcfetts reichen. Dar\u00fcber hinaus bieten wir den Teilnehmern auch ein warmes Mittagessen in verschiedenen Varianten an &#8211; traditionell, modern oder vegetarisch. Wir m\u00f6chten, dass unsere Speisekarte so vielf\u00e4ltig und abwechslungsreich wie m\u00f6glich ist, ohne dabei an Qualit\u00e4t und Geschmack einzub\u00fc\u00dfen.<\/p>\n\n\n\n<p class=\"gb-headline gb-headline-c94fc3d1 gb-headline-text\">Und weil Sie uns wirklich am Herzen liegen, haben wir ein besonderes Angebot f\u00fcr Sie &#8211; eine kostenlose Catering-Kalkulation f\u00fcr Ihre Veranstaltung! Z\u00f6gern Sie nicht und schicken Sie uns gleich eine unverbindliche Anfrage. Wir sind daf\u00fcr da, Ihre Veranstaltung zu einem unvergesslichen Gourmet-Erlebnis zu machen.<\/p>\n\n\n\n<a class=\"gb-button gb-button-09e428ee gb-button-text\" href=\"https:\/\/rcatering.cz\/de\/kontakt-formular\/\">Kontakt-Formular<\/a>\n\n<\/div><\/div>\n\n<div class=\"gb-grid-column gb-grid-column-7b573bc2\"><div class=\"gb-container gb-container-7b573bc2\">\n<div class=\"gb-container gb-container-70d00f24\">\n\n<figure class=\"gb-block-image gb-block-image-bc7f8c65\"><img loading=\"lazy\" decoding=\"async\" width=\"2560\" height=\"1637\" class=\"gb-image gb-image-bc7f8c65\" src=\"http:\/\/rcatering.cz\/app\/uploads\/2023\/09\/MIK_7173-scaled.jpg\" alt=\"\" title=\"MIK_7173\" srcset=\"https:\/\/rcatering.cz\/app\/uploads\/2023\/09\/MIK_7173-scaled.jpg 2560w, https:\/\/rcatering.cz\/app\/uploads\/2023\/09\/MIK_7173-300x192.jpg 300w, https:\/\/rcatering.cz\/app\/uploads\/2023\/09\/MIK_7173-1024x655.jpg 1024w, https:\/\/rcatering.cz\/app\/uploads\/2023\/09\/MIK_7173-768x491.jpg 768w, https:\/\/rcatering.cz\/app\/uploads\/2023\/09\/MIK_7173-1536x982.jpg 1536w, https:\/\/rcatering.cz\/app\/uploads\/2023\/09\/MIK_7173-2048x1310.jpg 2048w\" sizes=\"auto, (max-width: 2560px) 100vw, 2560px\" \/><\/figure>\n\n\n\n<p><\/p>\n\n\n\n<figure class=\"gb-block-image gb-block-image-9f9b77e5\"><img loading=\"lazy\" decoding=\"async\" width=\"2560\" height=\"1706\" class=\"gb-image gb-image-9f9b77e5\" src=\"http:\/\/rcatering.cz\/app\/uploads\/2023\/09\/MIK_7257-kopie-scaled.jpg\" alt=\"\" title=\"MIK_7257 - kopie\" srcset=\"https:\/\/rcatering.cz\/app\/uploads\/2023\/09\/MIK_7257-kopie-scaled.jpg 2560w, https:\/\/rcatering.cz\/app\/uploads\/2023\/09\/MIK_7257-kopie-300x200.jpg 300w, https:\/\/rcatering.cz\/app\/uploads\/2023\/09\/MIK_7257-kopie-1024x683.jpg 1024w, https:\/\/rcatering.cz\/app\/uploads\/2023\/09\/MIK_7257-kopie-768x512.jpg 768w, https:\/\/rcatering.cz\/app\/uploads\/2023\/09\/MIK_7257-kopie-1536x1024.jpg 1536w, https:\/\/rcatering.cz\/app\/uploads\/2023\/09\/MIK_7257-kopie-2048x1365.jpg 2048w\" sizes=\"auto, (max-width: 2560px) 100vw, 2560px\" \/><\/figure>\n\n<\/div>\n<\/div><\/div>\n<\/div>\n<\/div>\n<\/div>\n\n<div class=\"gb-container gb-container-0b0f2499\">\n<div class=\"gb-container gb-container-c7489ead\">\n<div class=\"gb-grid-wrapper gb-grid-wrapper-d1339e06\">\n<div class=\"gb-grid-column gb-grid-column-1b2b0235\"><div class=\"gb-container gb-container-1b2b0235\">\n\n<h2 class=\"gb-headline gb-headline-83972958 gb-headline-text\"><strong>Wir k\u00f6nnen Ihnen versichern, dass unser Catering Sie nicht im Stich l\u00e4sst:<\/strong><\/h2>\n\n\n\n<p class=\"gb-headline gb-headline-3e8fd496 gb-headline-text\">F\u00fcr uns ist keine Konferenz zu gro\u00df oder zu klein. Wir sind bereit, f\u00fcr Veranstaltungen aller Gr\u00f6\u00dfenordnungen ein hochwertiges Catering anzubieten. Ihre Konferenzen sind bei uns in guten H\u00e4nden.<\/p>\n\n<\/div><\/div>\n\n<div class=\"gb-grid-column gb-grid-column-a82305c3\"><div class=\"gb-container gb-container-a82305c3\">\n\n<h2 class=\"gb-headline gb-headline-5ee9cda2 gb-headline-text\">Sie sind interessiert<\/h2>\n\n\n\n<p class=\"gb-headline gb-headline-787776b6 gb-headline-text\">Lassen Sie es uns wissen und senden Sie uns Ihre Anfrage. Wir setzen uns gerne mit Ihnen in Verbindung und helfen Ihnen, Ihre Catering-Pl\u00e4ne zu verwirklichen.<\/p>\n\n\n\n<a class=\"gb-button gb-button-b3db2d70 gb-button-text\" href=\"https:\/\/rcatering.cz\/de\/kontakt-formular\/\">Anfrage<\/a>\n\n<\/div><\/div>\n<\/div>\n<\/div>\n<\/div>\n\n<div class=\"gb-container gb-container-1acc1d7e\">\n<div class=\"gb-container gb-container-3d062906\">\n\n<h3 class=\"gb-headline gb-headline-94ccdd3b gb-headline-text\">Galerie<\/h3>\n\n\n\n<figure class=\"wp-block-gallery has-nested-images columns-4 is-cropped wp-block-gallery-1 is-layout-flex wp-block-gallery-is-layout-flex\">\n<figure class=\"wp-block-image size-large\"><a href=\"https:\/\/rcatering.cz\/app\/uploads\/2023\/09\/20220623_190017-scaled-1-1024x461.jpg\"><img loading=\"lazy\" decoding=\"async\" width=\"1024\" height=\"461\" data-id=\"997\" src=\"https:\/\/rcatering.cz\/app\/uploads\/2023\/09\/20220623_190017-scaled-1-1024x461.jpg\" alt=\"R CATERING\" class=\"wp-image-997\" srcset=\"https:\/\/rcatering.cz\/app\/uploads\/2023\/09\/20220623_190017-scaled-1-1024x461.jpg 1024w, https:\/\/rcatering.cz\/app\/uploads\/2023\/09\/20220623_190017-scaled-1-300x135.jpg 300w, https:\/\/rcatering.cz\/app\/uploads\/2023\/09\/20220623_190017-scaled-1-768x346.jpg 768w, https:\/\/rcatering.cz\/app\/uploads\/2023\/09\/20220623_190017-scaled-1-1536x691.jpg 1536w, https:\/\/rcatering.cz\/app\/uploads\/2023\/09\/20220623_190017-scaled-1-2048x922.jpg 2048w\" sizes=\"auto, (max-width: 1024px) 100vw, 1024px\" \/><\/a><\/figure>\n\n\n\n<figure class=\"wp-block-image size-large\"><a href=\"https:\/\/rcatering.cz\/app\/uploads\/2023\/09\/20220623_190118-1-scaled-1-1024x461.jpg\"><img loading=\"lazy\" decoding=\"async\" width=\"1024\" height=\"461\" data-id=\"994\" src=\"https:\/\/rcatering.cz\/app\/uploads\/2023\/09\/20220623_190118-1-scaled-1-1024x461.jpg\" alt=\"R CATERING\" class=\"wp-image-994\" srcset=\"https:\/\/rcatering.cz\/app\/uploads\/2023\/09\/20220623_190118-1-scaled-1-1024x461.jpg 1024w, https:\/\/rcatering.cz\/app\/uploads\/2023\/09\/20220623_190118-1-scaled-1-300x135.jpg 300w, https:\/\/rcatering.cz\/app\/uploads\/2023\/09\/20220623_190118-1-scaled-1-768x346.jpg 768w, https:\/\/rcatering.cz\/app\/uploads\/2023\/09\/20220623_190118-1-scaled-1-1536x691.jpg 1536w, https:\/\/rcatering.cz\/app\/uploads\/2023\/09\/20220623_190118-1-scaled-1-2048x922.jpg 2048w\" sizes=\"auto, (max-width: 1024px) 100vw, 1024px\" \/><\/a><\/figure>\n\n\n\n<figure class=\"wp-block-image size-large\"><a href=\"https:\/\/rcatering.cz\/app\/uploads\/2023\/09\/20220624_182154-scaled-1-1024x461.jpg\"><img loading=\"lazy\" decoding=\"async\" width=\"1024\" height=\"461\" data-id=\"991\" src=\"https:\/\/rcatering.cz\/app\/uploads\/2023\/09\/20220624_182154-scaled-1-1024x461.jpg\" alt=\"R CATERING\" class=\"wp-image-991\" srcset=\"https:\/\/rcatering.cz\/app\/uploads\/2023\/09\/20220624_182154-scaled-1-1024x461.jpg 1024w, https:\/\/rcatering.cz\/app\/uploads\/2023\/09\/20220624_182154-scaled-1-300x135.jpg 300w, https:\/\/rcatering.cz\/app\/uploads\/2023\/09\/20220624_182154-scaled-1-768x346.jpg 768w, https:\/\/rcatering.cz\/app\/uploads\/2023\/09\/20220624_182154-scaled-1-1536x691.jpg 1536w, https:\/\/rcatering.cz\/app\/uploads\/2023\/09\/20220624_182154-scaled-1-2048x922.jpg 2048w\" sizes=\"auto, (max-width: 1024px) 100vw, 1024px\" \/><\/a><\/figure>\n\n\n\n<figure class=\"wp-block-image size-large\"><a href=\"https:\/\/rcatering.cz\/app\/uploads\/2023\/09\/20220624_190110-scaled-1-1024x461.jpg\"><img loading=\"lazy\" decoding=\"async\" width=\"1024\" height=\"461\" data-id=\"1000\" src=\"https:\/\/rcatering.cz\/app\/uploads\/2023\/09\/20220624_190110-scaled-1-1024x461.jpg\" alt=\"R CATERING\" class=\"wp-image-1000\" srcset=\"https:\/\/rcatering.cz\/app\/uploads\/2023\/09\/20220624_190110-scaled-1-1024x461.jpg 1024w, https:\/\/rcatering.cz\/app\/uploads\/2023\/09\/20220624_190110-scaled-1-300x135.jpg 300w, https:\/\/rcatering.cz\/app\/uploads\/2023\/09\/20220624_190110-scaled-1-768x346.jpg 768w, https:\/\/rcatering.cz\/app\/uploads\/2023\/09\/20220624_190110-scaled-1-1536x691.jpg 1536w, https:\/\/rcatering.cz\/app\/uploads\/2023\/09\/20220624_190110-scaled-1-2048x922.jpg 2048w\" sizes=\"auto, (max-width: 1024px) 100vw, 1024px\" \/><\/a><\/figure>\n\n\n\n<figure class=\"wp-block-image size-large\"><a href=\"https:\/\/rcatering.cz\/app\/uploads\/2023\/09\/20230211_183825-scaled-1-1024x461.jpg\"><img loading=\"lazy\" decoding=\"async\" width=\"1024\" height=\"461\" data-id=\"982\" src=\"https:\/\/rcatering.cz\/app\/uploads\/2023\/09\/20230211_183825-scaled-1-1024x461.jpg\" alt=\"R CATERING\" class=\"wp-image-982\" srcset=\"https:\/\/rcatering.cz\/app\/uploads\/2023\/09\/20230211_183825-scaled-1-1024x461.jpg 1024w, https:\/\/rcatering.cz\/app\/uploads\/2023\/09\/20230211_183825-scaled-1-300x135.jpg 300w, https:\/\/rcatering.cz\/app\/uploads\/2023\/09\/20230211_183825-scaled-1-768x346.jpg 768w, https:\/\/rcatering.cz\/app\/uploads\/2023\/09\/20230211_183825-scaled-1-1536x691.jpg 1536w, https:\/\/rcatering.cz\/app\/uploads\/2023\/09\/20230211_183825-scaled-1-2048x922.jpg 2048w\" sizes=\"auto, (max-width: 1024px) 100vw, 1024px\" \/><\/a><\/figure>\n\n\n\n<figure class=\"wp-block-image size-large\"><a href=\"http:\/\/rcatering.cz\/app\/uploads\/2023\/09\/FB_IMG_1610659046489-1.jpg\"><img loading=\"lazy\" decoding=\"async\" width=\"960\" height=\"720\" data-id=\"988\" src=\"http:\/\/rcatering.cz\/app\/uploads\/2023\/09\/FB_IMG_1610659046489-1.jpg\" alt=\"R CATERING\" class=\"wp-image-988\" srcset=\"https:\/\/rcatering.cz\/app\/uploads\/2023\/09\/FB_IMG_1610659046489-1.jpg 960w, https:\/\/rcatering.cz\/app\/uploads\/2023\/09\/FB_IMG_1610659046489-1-300x225.jpg 300w, https:\/\/rcatering.cz\/app\/uploads\/2023\/09\/FB_IMG_1610659046489-1-768x576.jpg 768w\" sizes=\"auto, (max-width: 960px) 100vw, 960px\" \/><\/a><\/figure>\n\n\n\n<figure class=\"wp-block-image size-large\"><a href=\"https:\/\/rcatering.cz\/app\/uploads\/2023\/09\/20230211_211748-scaled-1-1024x461.jpg\"><img loading=\"lazy\" decoding=\"async\" width=\"1024\" height=\"461\" data-id=\"979\" src=\"https:\/\/rcatering.cz\/app\/uploads\/2023\/09\/20230211_211748-scaled-1-1024x461.jpg\" alt=\"R CATERING\" class=\"wp-image-979\" srcset=\"https:\/\/rcatering.cz\/app\/uploads\/2023\/09\/20230211_211748-scaled-1-1024x461.jpg 1024w, https:\/\/rcatering.cz\/app\/uploads\/2023\/09\/20230211_211748-scaled-1-300x135.jpg 300w, https:\/\/rcatering.cz\/app\/uploads\/2023\/09\/20230211_211748-scaled-1-768x346.jpg 768w, https:\/\/rcatering.cz\/app\/uploads\/2023\/09\/20230211_211748-scaled-1-1536x691.jpg 1536w, https:\/\/rcatering.cz\/app\/uploads\/2023\/09\/20230211_211748-scaled-1-2048x922.jpg 2048w\" sizes=\"auto, (max-width: 1024px) 100vw, 1024px\" \/><\/a><\/figure>\n\n\n\n<figure class=\"wp-block-image size-large\"><a href=\"http:\/\/rcatering.cz\/app\/uploads\/2023\/09\/73206667_2228547717250449_6492969732315021312_n.jpg\"><img loading=\"lazy\" decoding=\"async\" width=\"720\" height=\"960\" data-id=\"985\" src=\"http:\/\/rcatering.cz\/app\/uploads\/2023\/09\/73206667_2228547717250449_6492969732315021312_n.jpg\" alt=\"R CATERING\" class=\"wp-image-985\" srcset=\"https:\/\/rcatering.cz\/app\/uploads\/2023\/09\/73206667_2228547717250449_6492969732315021312_n.jpg 720w, https:\/\/rcatering.cz\/app\/uploads\/2023\/09\/73206667_2228547717250449_6492969732315021312_n-225x300.jpg 225w\" sizes=\"auto, (max-width: 720px) 100vw, 720px\" \/><\/a><\/figure>\n<\/figure>\n\n<\/div>\n<\/div>","protected":false},"excerpt":{"rendered":"<p>Galerie<\/p>\n","protected":false},"author":1,"featured_media":0,"parent":0,"menu_order":0,"comment_status":"closed","ping_status":"closed","template":"","meta":{"footnotes":""},"class_list":["post-1550","page","type-page","status-publish"],"yoast_head":"<!-- This site is optimized with the Yoast SEO plugin v26.2 - https:\/\/yoast.com\/wordpress\/plugins\/seo\/ -->\n<title>R CATERING - Konferenz<\/title>\n<meta name=\"description\" content=\"Bei Kongressen und Konferenzen bieten wir kleine Erfrischungen f\u00fcr jeden Teilnehmer an.\" \/>\n<meta name=\"robots\" content=\"index, follow, max-snippet:-1, max-image-preview:large, max-video-preview:-1\" \/>\n<link rel=\"canonical\" href=\"https:\/\/rcatering.cz\/de\/konferenz\/\" \/>\n<meta property=\"og:locale\" content=\"de_DE\" \/>\n<meta property=\"og:type\" content=\"article\" \/>\n<meta property=\"og:title\" content=\"R CATERING - Konferenz\" \/>\n<meta property=\"og:description\" content=\"Bei Kongressen und Konferenzen bieten wir kleine Erfrischungen f\u00fcr jeden Teilnehmer an.\" \/>\n<meta property=\"og:url\" content=\"https:\/\/rcatering.cz\/de\/konferenz\/\" \/>\n<meta property=\"og:site_name\" content=\"R CATERING\" \/>\n<meta property=\"article:modified_time\" content=\"2024-04-25T14:26:48+00:00\" \/>\n<meta property=\"og:image\" content=\"http:\/\/rcatering.cz\/app\/uploads\/2023\/09\/MIK_7173-scaled.jpg\" \/>\n<meta name=\"twitter:card\" content=\"summary_large_image\" \/>\n<meta name=\"twitter:label1\" content=\"Gesch\u00e4tzte Lesezeit\" \/>\n\t<meta name=\"twitter:data1\" content=\"4\u00a0Minuten\" \/>\n<script type=\"application\/ld+json\" class=\"yoast-schema-graph\">{\"@context\":\"https:\/\/schema.org\",\"@graph\":[{\"@type\":\"WebPage\",\"@id\":\"https:\/\/rcatering.cz\/de\/konferenz\/\",\"url\":\"https:\/\/rcatering.cz\/de\/konferenz\/\",\"name\":\"R CATERING - Konferenz\",\"isPartOf\":{\"@id\":\"https:\/\/rcatering.cz\/de\/#website\"},\"primaryImageOfPage\":{\"@id\":\"https:\/\/rcatering.cz\/de\/konferenz\/#primaryimage\"},\"image\":{\"@id\":\"https:\/\/rcatering.cz\/de\/konferenz\/#primaryimage\"},\"thumbnailUrl\":\"http:\/\/rcatering.cz\/app\/uploads\/2023\/09\/MIK_7173-scaled.jpg\",\"datePublished\":\"2023-09-04T17:49:47+00:00\",\"dateModified\":\"2024-04-25T14:26:48+00:00\",\"description\":\"Bei Kongressen und Konferenzen bieten wir kleine Erfrischungen f\u00fcr jeden Teilnehmer an.\",\"breadcrumb\":{\"@id\":\"https:\/\/rcatering.cz\/de\/konferenz\/#breadcrumb\"},\"inLanguage\":\"de\",\"potentialAction\":[{\"@type\":\"ReadAction\",\"target\":[\"https:\/\/rcatering.cz\/de\/konferenz\/\"]}]},{\"@type\":\"ImageObject\",\"inLanguage\":\"de\",\"@id\":\"https:\/\/rcatering.cz\/de\/konferenz\/#primaryimage\",\"url\":\"http:\/\/rcatering.cz\/app\/uploads\/2023\/09\/MIK_7173-scaled.jpg\",\"contentUrl\":\"http:\/\/rcatering.cz\/app\/uploads\/2023\/09\/MIK_7173-scaled.jpg\"},{\"@type\":\"BreadcrumbList\",\"@id\":\"https:\/\/rcatering.cz\/de\/konferenz\/#breadcrumb\",\"itemListElement\":[{\"@type\":\"ListItem\",\"position\":1,\"name\":\"Dom\u016f\",\"item\":\"https:\/\/rcatering.cz\/de\/\"},{\"@type\":\"ListItem\",\"position\":2,\"name\":\"Konferenz\"}]},{\"@type\":\"WebSite\",\"@id\":\"https:\/\/rcatering.cz\/de\/#website\",\"url\":\"https:\/\/rcatering.cz\/de\/\",\"name\":\"R CATERING\",\"description\":\"\",\"publisher\":{\"@id\":\"https:\/\/rcatering.cz\/de\/#organization\"},\"inLanguage\":\"de\"},{\"@type\":\"Organization\",\"@id\":\"https:\/\/rcatering.cz\/de\/#organization\",\"name\":\"R CATERING\",\"url\":\"https:\/\/rcatering.cz\/de\/\",\"logo\":{\"@type\":\"ImageObject\",\"inLanguage\":\"de\",\"@id\":\"https:\/\/rcatering.cz\/de\/#\/schema\/logo\/image\/\",\"url\":\"https:\/\/rcatering.cz\/app\/uploads\/2024\/04\/bila-2-e1714039805848.png\",\"contentUrl\":\"https:\/\/rcatering.cz\/app\/uploads\/2024\/04\/bila-2-e1714039805848.png\",\"width\":1920,\"height\":1921,\"caption\":\"R CATERING\"},\"image\":{\"@id\":\"https:\/\/rcatering.cz\/de\/#\/schema\/logo\/image\/\"}}]}<\/script>\n<!-- \/ Yoast SEO plugin. -->","yoast_head_json":{"title":"R CATERING - Konferenz","description":"Bei Kongressen und Konferenzen bieten wir kleine Erfrischungen f\u00fcr jeden Teilnehmer an.","robots":{"index":"index","follow":"follow","max-snippet":"max-snippet:-1","max-image-preview":"max-image-preview:large","max-video-preview":"max-video-preview:-1"},"canonical":"https:\/\/rcatering.cz\/de\/konferenz\/","og_locale":"de_DE","og_type":"article","og_title":"R CATERING - Konferenz","og_description":"Bei Kongressen und Konferenzen bieten wir kleine Erfrischungen f\u00fcr jeden Teilnehmer an.","og_url":"https:\/\/rcatering.cz\/de\/konferenz\/","og_site_name":"R CATERING","article_modified_time":"2024-04-25T14:26:48+00:00","og_image":[{"url":"http:\/\/rcatering.cz\/app\/uploads\/2023\/09\/MIK_7173-scaled.jpg","type":"","width":"","height":""}],"twitter_card":"summary_large_image","twitter_misc":{"Gesch\u00e4tzte Lesezeit":"4\u00a0Minuten"},"schema":{"@context":"https:\/\/schema.org","@graph":[{"@type":"WebPage","@id":"https:\/\/rcatering.cz\/de\/konferenz\/","url":"https:\/\/rcatering.cz\/de\/konferenz\/","name":"R CATERING - Konferenz","isPartOf":{"@id":"https:\/\/rcatering.cz\/de\/#website"},"primaryImageOfPage":{"@id":"https:\/\/rcatering.cz\/de\/konferenz\/#primaryimage"},"image":{"@id":"https:\/\/rcatering.cz\/de\/konferenz\/#primaryimage"},"thumbnailUrl":"http:\/\/rcatering.cz\/app\/uploads\/2023\/09\/MIK_7173-scaled.jpg","datePublished":"2023-09-04T17:49:47+00:00","dateModified":"2024-04-25T14:26:48+00:00","description":"Bei Kongressen und Konferenzen bieten wir kleine Erfrischungen f\u00fcr jeden Teilnehmer an.","breadcrumb":{"@id":"https:\/\/rcatering.cz\/de\/konferenz\/#breadcrumb"},"inLanguage":"de","potentialAction":[{"@type":"ReadAction","target":["https:\/\/rcatering.cz\/de\/konferenz\/"]}]},{"@type":"ImageObject","inLanguage":"de","@id":"https:\/\/rcatering.cz\/de\/konferenz\/#primaryimage","url":"http:\/\/rcatering.cz\/app\/uploads\/2023\/09\/MIK_7173-scaled.jpg","contentUrl":"http:\/\/rcatering.cz\/app\/uploads\/2023\/09\/MIK_7173-scaled.jpg"},{"@type":"BreadcrumbList","@id":"https:\/\/rcatering.cz\/de\/konferenz\/#breadcrumb","itemListElement":[{"@type":"ListItem","position":1,"name":"Dom\u016f","item":"https:\/\/rcatering.cz\/de\/"},{"@type":"ListItem","position":2,"name":"Konferenz"}]},{"@type":"WebSite","@id":"https:\/\/rcatering.cz\/de\/#website","url":"https:\/\/rcatering.cz\/de\/","name":"R CATERING","description":"","publisher":{"@id":"https:\/\/rcatering.cz\/de\/#organization"},"inLanguage":"de"},{"@type":"Organization","@id":"https:\/\/rcatering.cz\/de\/#organization","name":"R CATERING","url":"https:\/\/rcatering.cz\/de\/","logo":{"@type":"ImageObject","inLanguage":"de","@id":"https:\/\/rcatering.cz\/de\/#\/schema\/logo\/image\/","url":"https:\/\/rcatering.cz\/app\/uploads\/2024\/04\/bila-2-e1714039805848.png","contentUrl":"https:\/\/rcatering.cz\/app\/uploads\/2024\/04\/bila-2-e1714039805848.png","width":1920,"height":1921,"caption":"R CATERING"},"image":{"@id":"https:\/\/rcatering.cz\/de\/#\/schema\/logo\/image\/"}}]}},"_links":{"self":[{"href":"https:\/\/rcatering.cz\/de\/wp-json\/wp\/v2\/pages\/1550","targetHints":{"allow":["GET"]}}],"collection":[{"href":"https:\/\/rcatering.cz\/de\/wp-json\/wp\/v2\/pages"}],"about":[{"href":"https:\/\/rcatering.cz\/de\/wp-json\/wp\/v2\/types\/page"}],"author":[{"embeddable":true,"href":"https:\/\/rcatering.cz\/de\/wp-json\/wp\/v2\/users\/1"}],"replies":[{"embeddable":true,"href":"https:\/\/rcatering.cz\/de\/wp-json\/wp\/v2\/comments?post=1550"}],"version-history":[{"count":5,"href":"https:\/\/rcatering.cz\/de\/wp-json\/wp\/v2\/pages\/1550\/revisions"}],"predecessor-version":[{"id":2531,"href":"https:\/\/rcatering.cz\/de\/wp-json\/wp\/v2\/pages\/1550\/revisions\/2531"}],"wp:attachment":[{"href":"https:\/\/rcatering.cz\/de\/wp-json\/wp\/v2\/media?parent=1550"}],"curies":[{"name":"wp","href":"https:\/\/api.w.org\/{rel}","templated":true}]}}