{"id":1554,"date":"2023-09-04T17:49:59","date_gmt":"2023-09-04T17:49:59","guid":{"rendered":"https:\/\/rcatering.cz\/?page_id=1554"},"modified":"2024-04-25T14:27:26","modified_gmt":"2024-04-25T14:27:26","slug":"mittagslieferung","status":"publish","type":"page","link":"https:\/\/rcatering.cz\/de\/mittagslieferung\/","title":{"rendered":"Mittagslieferung"},"content":{"rendered":"<div class=\"gb-container gb-container-aa6cd72c\">\n<div class=\"gb-container gb-container-557a2960\">\n<div class=\"gb-grid-wrapper gb-grid-wrapper-a66e7a4c\">\n<div class=\"gb-grid-column gb-grid-column-5a8708d4\"><div class=\"gb-container gb-container-5a8708d4\">\n\n<h1 class=\"gb-headline gb-headline-6d15678c gb-headline-text\">Mittagslieferung<\/h1>\n\n\n\n<p class=\"gb-headline gb-headline-481cf55f gb-headline-text\">Keine Zeit zum Kochen? Wir bieten Ihnen eine professionelle Lieferung von leckeren Speisen direkt zu Ihnen nach Br\u00fcnn. Wir verk\u00fcrzen Ihre Fahrt zu Restaurants und die Zeit, die Sie hinter dem Herd verbringen. Unsere Kunden loben uns seit langem f\u00fcr die Qualit\u00e4t und Auswahl unserer Speisen. Wir bereiten t\u00e4glich k\u00f6stliche Gerichte aus frischen Zutaten zu und achten dabei auf Geschmack und Qualit\u00e4t.<\/p>\n\n\n\n<p class=\"gb-headline gb-headline-88d6aee4 gb-headline-text\">Unser Ziel? Ihnen das Essen schmackhaft zu machen und Ihnen Energie zu geben. Nehmen Sie einfach Kontakt mit uns auf und lassen Sie sich eine k\u00f6stliche Mahlzeit direkt zu Ihnen bringen. Ihre Zufriedenheit ist unser Hauptanliegen. Vereinfachen Sie Ihr Leben mit unserem Lebensmittellieferservice!<\/p>\n\n\n\n<p class=\"gb-headline gb-headline-e562f44c gb-headline-text\">Unsere Lieferrouten umfassen die folgenden Gebiete:<\/p>\n\n\n\n<ul class=\"wp-block-list\">\n<li>Masaryk-Viertel<\/li>\n\n\n\n<li>\u017dabov\u0159esky<\/li>\n\n\n\n<li>Kr\u00e1lovo Pole<\/li>\n\n\n\n<li>\u010cern\u00e1 Pole<\/li>\n\n\n\n<li>\u0158e\u010dkovice<\/li>\n\n\n\n<li>Medl\u00e1nky<\/li>\n\n\n\n<li>Brno Ivanovice<\/li>\n\n\n\n<li>\u0160t\u00fd\u0159ice<\/li>\n\n\n\n<li>Mod\u0159ice<\/li>\n\n\n\n<li>Jundrov<\/li>\n\n\n\n<li>\u017deb\u011bt\u00edn<\/li>\n\n\n\n<li>Bystrc<\/li>\n\n\n\n<li>Kom\u00edn<\/li>\n\n\n\n<li>Star\u00fd L\u00edskovec<\/li>\n\n\n\n<li>Nov\u00fd L\u00edskovec<\/li>\n\n\n\n<li>Bohunice<\/li>\n\n\n\n<li>Horn\u00ed Her\u0161pice<\/li>\n\n\n\n<li>Doln\u00ed Her\u0161pice<\/li>\n<\/ul>\n\n\n\n<p class=\"gb-headline gb-headline-b3fbed3c gb-headline-text\">Bestellungen f\u00fcr den n\u00e4chsten Tag m\u00fcssen bis sp\u00e4testens 13:00 Uhr erfolgen. Derzeit erweitern wir unser Angebot und nehmen neue Kunden auf den Strecken Kr\u00e1lovo Pole und \u010cern\u00e1 Pole auf.<\/p>\n\n\n\n<a class=\"gb-button gb-button-09e428ee gb-button-text\" href=\"https:\/\/rcatering.cz\/de\/kontakt-formular\/\">Kontakt-Formular<\/a>\n\n<\/div><\/div>\n\n<div class=\"gb-grid-column gb-grid-column-7b573bc2\"><div class=\"gb-container gb-container-7b573bc2\">\n\n<figure class=\"gb-block-image gb-block-image-c5a8c363\"><img loading=\"lazy\" decoding=\"async\" width=\"1244\" height=\"1800\" class=\"gb-image gb-image-c5a8c363\" src=\"https:\/\/rcatering.cz\/app\/uploads\/2023\/09\/20210318_073414-scaled-e1694431273463.jpg\" alt=\"R CATERING\" title=\"R CATERING\" srcset=\"https:\/\/rcatering.cz\/app\/uploads\/2023\/09\/20210318_073414-scaled-e1694431273463.jpg 1244w, https:\/\/rcatering.cz\/app\/uploads\/2023\/09\/20210318_073414-scaled-e1694431273463-207x300.jpg 207w, https:\/\/rcatering.cz\/app\/uploads\/2023\/09\/20210318_073414-scaled-e1694431273463-708x1024.jpg 708w, https:\/\/rcatering.cz\/app\/uploads\/2023\/09\/20210318_073414-scaled-e1694431273463-768x1111.jpg 768w, https:\/\/rcatering.cz\/app\/uploads\/2023\/09\/20210318_073414-scaled-e1694431273463-1062x1536.jpg 1062w\" sizes=\"auto, (max-width: 1244px) 100vw, 1244px\" \/><\/figure>\n\n<\/div><\/div>\n<\/div>\n<\/div>\n<\/div>\n\n<div class=\"gb-container gb-container-f7704d54\">\n<div class=\"gb-container gb-container-767f6830\">\n<div class=\"gb-grid-wrapper gb-grid-wrapper-6683f32a\">\n<div class=\"gb-grid-column gb-grid-column-8bc3156f\"><div class=\"gb-container gb-container-8bc3156f\">\n\n<h2 class=\"gb-headline gb-headline-9b95d4b6 gb-headline-text\"><strong>Informationen f\u00fcr Gastronomen<\/strong><\/h2>\n\n\n\n<p class=\"gb-headline gb-headline-c3b7d578 gb-headline-text\">Das Mittagessen wird MON &#8211; FR von 8:00 &#8211; 14:00 Uhr geliefert. Bestellungen und Bestell\u00e4nderungen werden bis 13:00 Uhr des vorhergehenden Arbeitstages angenommen.&nbsp;&nbsp;<\/p>\n\n<\/div><\/div>\n\n<div class=\"gb-grid-column gb-grid-column-0c1ea836\"><div class=\"gb-container gb-container-0c1ea836\">\n\n<figure class=\"gb-block-image gb-block-image-dab4bf71\"><img loading=\"lazy\" decoding=\"async\" width=\"2560\" height=\"1244\" class=\"gb-image gb-image-dab4bf71\" src=\"http:\/\/rcatering.cz\/app\/uploads\/2023\/09\/20210115_073709-scaled.jpg\" alt=\"R CATERING\" title=\"R CATERING\" srcset=\"https:\/\/rcatering.cz\/app\/uploads\/2023\/09\/20210115_073709-scaled.jpg 2560w, https:\/\/rcatering.cz\/app\/uploads\/2023\/09\/20210115_073709-300x146.jpg 300w, https:\/\/rcatering.cz\/app\/uploads\/2023\/09\/20210115_073709-1024x498.jpg 1024w, https:\/\/rcatering.cz\/app\/uploads\/2023\/09\/20210115_073709-768x373.jpg 768w, https:\/\/rcatering.cz\/app\/uploads\/2023\/09\/20210115_073709-1536x747.jpg 1536w, https:\/\/rcatering.cz\/app\/uploads\/2023\/09\/20210115_073709-2048x996.jpg 2048w\" sizes=\"auto, (max-width: 2560px) 100vw, 2560px\" \/><\/figure>\n\n<\/div><\/div>\n<\/div>\n<\/div>\n<\/div>\n\n<div class=\"gb-container gb-container-1acc1d7e\">\n<div class=\"gb-container gb-container-3d062906\">\n\n<h3 class=\"gb-headline gb-headline-94ccdd3b gb-headline-text\">Galerie<\/h3>\n\n\n\n<figure class=\"wp-block-gallery has-nested-images columns-4 is-cropped wp-block-gallery-1 is-layout-flex wp-block-gallery-is-layout-flex\">\n<figure class=\"wp-block-image size-large\"><a href=\"https:\/\/rcatering.cz\/app\/uploads\/2023\/09\/20210202_071348-scaled.jpg\"><img loading=\"lazy\" decoding=\"async\" width=\"1024\" height=\"498\" data-id=\"502\" src=\"http:\/\/rcatering.cz\/app\/uploads\/2023\/09\/20210202_071348-1024x498.jpg\" alt=\"\" class=\"wp-image-502\" srcset=\"https:\/\/rcatering.cz\/app\/uploads\/2023\/09\/20210202_071348-1024x498.jpg 1024w, https:\/\/rcatering.cz\/app\/uploads\/2023\/09\/20210202_071348-300x146.jpg 300w, https:\/\/rcatering.cz\/app\/uploads\/2023\/09\/20210202_071348-768x373.jpg 768w, https:\/\/rcatering.cz\/app\/uploads\/2023\/09\/20210202_071348-1536x747.jpg 1536w, https:\/\/rcatering.cz\/app\/uploads\/2023\/09\/20210202_071348-2048x996.jpg 2048w\" sizes=\"auto, (max-width: 1024px) 100vw, 1024px\" \/><\/a><\/figure>\n\n\n\n<figure class=\"wp-block-image size-large\"><a href=\"https:\/\/rcatering.cz\/app\/uploads\/2023\/09\/20210129_070239-scaled.jpg\"><img loading=\"lazy\" decoding=\"async\" width=\"1024\" height=\"498\" data-id=\"501\" src=\"http:\/\/rcatering.cz\/app\/uploads\/2023\/09\/20210129_070239-1024x498.jpg\" alt=\"\" class=\"wp-image-501\" srcset=\"https:\/\/rcatering.cz\/app\/uploads\/2023\/09\/20210129_070239-1024x498.jpg 1024w, https:\/\/rcatering.cz\/app\/uploads\/2023\/09\/20210129_070239-300x146.jpg 300w, https:\/\/rcatering.cz\/app\/uploads\/2023\/09\/20210129_070239-768x373.jpg 768w, https:\/\/rcatering.cz\/app\/uploads\/2023\/09\/20210129_070239-1536x747.jpg 1536w, https:\/\/rcatering.cz\/app\/uploads\/2023\/09\/20210129_070239-2048x996.jpg 2048w\" sizes=\"auto, (max-width: 1024px) 100vw, 1024px\" \/><\/a><\/figure>\n\n\n\n<figure class=\"wp-block-image size-large\"><a href=\"https:\/\/rcatering.cz\/app\/uploads\/2023\/09\/20210219_061105-scaled.jpg\"><img loading=\"lazy\" decoding=\"async\" width=\"1024\" height=\"498\" data-id=\"506\" src=\"http:\/\/rcatering.cz\/app\/uploads\/2023\/09\/20210219_061105-1024x498.jpg\" alt=\"\" class=\"wp-image-506\" srcset=\"https:\/\/rcatering.cz\/app\/uploads\/2023\/09\/20210219_061105-1024x498.jpg 1024w, https:\/\/rcatering.cz\/app\/uploads\/2023\/09\/20210219_061105-300x146.jpg 300w, https:\/\/rcatering.cz\/app\/uploads\/2023\/09\/20210219_061105-768x373.jpg 768w, https:\/\/rcatering.cz\/app\/uploads\/2023\/09\/20210219_061105-1536x747.jpg 1536w, https:\/\/rcatering.cz\/app\/uploads\/2023\/09\/20210219_061105-2048x996.jpg 2048w\" sizes=\"auto, (max-width: 1024px) 100vw, 1024px\" \/><\/a><\/figure>\n\n\n\n<figure class=\"wp-block-image size-large\"><a href=\"https:\/\/rcatering.cz\/app\/uploads\/2023\/09\/20210226_070800-scaled.jpg\"><img loading=\"lazy\" decoding=\"async\" width=\"1024\" height=\"498\" data-id=\"509\" src=\"http:\/\/rcatering.cz\/app\/uploads\/2023\/09\/20210226_070800-1024x498.jpg\" alt=\"\" class=\"wp-image-509\" srcset=\"https:\/\/rcatering.cz\/app\/uploads\/2023\/09\/20210226_070800-1024x498.jpg 1024w, https:\/\/rcatering.cz\/app\/uploads\/2023\/09\/20210226_070800-300x146.jpg 300w, https:\/\/rcatering.cz\/app\/uploads\/2023\/09\/20210226_070800-768x373.jpg 768w, https:\/\/rcatering.cz\/app\/uploads\/2023\/09\/20210226_070800-1536x747.jpg 1536w, https:\/\/rcatering.cz\/app\/uploads\/2023\/09\/20210226_070800-2048x996.jpg 2048w\" sizes=\"auto, (max-width: 1024px) 100vw, 1024px\" \/><\/a><\/figure>\n\n\n\n<figure class=\"wp-block-image size-large\"><a href=\"https:\/\/rcatering.cz\/app\/uploads\/2023\/09\/20210604_073337-scaled.jpg\"><img loading=\"lazy\" decoding=\"async\" width=\"1024\" height=\"461\" data-id=\"524\" src=\"http:\/\/rcatering.cz\/app\/uploads\/2023\/09\/20210604_073337-1024x461.jpg\" alt=\"\" class=\"wp-image-524\" srcset=\"https:\/\/rcatering.cz\/app\/uploads\/2023\/09\/20210604_073337-1024x461.jpg 1024w, https:\/\/rcatering.cz\/app\/uploads\/2023\/09\/20210604_073337-300x135.jpg 300w, https:\/\/rcatering.cz\/app\/uploads\/2023\/09\/20210604_073337-768x346.jpg 768w, https:\/\/rcatering.cz\/app\/uploads\/2023\/09\/20210604_073337-1536x691.jpg 1536w, https:\/\/rcatering.cz\/app\/uploads\/2023\/09\/20210604_073337-2048x922.jpg 2048w\" sizes=\"auto, (max-width: 1024px) 100vw, 1024px\" \/><\/a><\/figure>\n\n\n\n<figure class=\"wp-block-image size-large\"><a href=\"https:\/\/rcatering.cz\/app\/uploads\/2023\/09\/20210412_070248-scaled.jpg\"><img loading=\"lazy\" decoding=\"async\" width=\"1024\" height=\"498\" data-id=\"519\" src=\"http:\/\/rcatering.cz\/app\/uploads\/2023\/09\/20210412_070248-1024x498.jpg\" alt=\"\" class=\"wp-image-519\" srcset=\"https:\/\/rcatering.cz\/app\/uploads\/2023\/09\/20210412_070248-1024x498.jpg 1024w, https:\/\/rcatering.cz\/app\/uploads\/2023\/09\/20210412_070248-300x146.jpg 300w, https:\/\/rcatering.cz\/app\/uploads\/2023\/09\/20210412_070248-768x373.jpg 768w, https:\/\/rcatering.cz\/app\/uploads\/2023\/09\/20210412_070248-1536x747.jpg 1536w, https:\/\/rcatering.cz\/app\/uploads\/2023\/09\/20210412_070248-2048x996.jpg 2048w\" sizes=\"auto, (max-width: 1024px) 100vw, 1024px\" \/><\/a><\/figure>\n\n\n\n<figure class=\"wp-block-image size-large\"><a href=\"https:\/\/rcatering.cz\/app\/uploads\/2023\/09\/20210408_073437-scaled.jpg\"><img loading=\"lazy\" decoding=\"async\" width=\"1024\" height=\"498\" data-id=\"518\" src=\"http:\/\/rcatering.cz\/app\/uploads\/2023\/09\/20210408_073437-1024x498.jpg\" alt=\"\" class=\"wp-image-518\" srcset=\"https:\/\/rcatering.cz\/app\/uploads\/2023\/09\/20210408_073437-1024x498.jpg 1024w, https:\/\/rcatering.cz\/app\/uploads\/2023\/09\/20210408_073437-300x146.jpg 300w, https:\/\/rcatering.cz\/app\/uploads\/2023\/09\/20210408_073437-768x373.jpg 768w, https:\/\/rcatering.cz\/app\/uploads\/2023\/09\/20210408_073437-1536x747.jpg 1536w, https:\/\/rcatering.cz\/app\/uploads\/2023\/09\/20210408_073437-2048x996.jpg 2048w\" sizes=\"auto, (max-width: 1024px) 100vw, 1024px\" \/><\/a><\/figure>\n\n\n\n<figure class=\"wp-block-image size-large\"><a href=\"http:\/\/rcatering.cz\/app\/uploads\/2023\/09\/20210115_073709-scaled.jpg\"><img loading=\"lazy\" decoding=\"async\" width=\"1024\" height=\"498\" data-id=\"499\" src=\"http:\/\/rcatering.cz\/app\/uploads\/2023\/09\/20210115_073709-1024x498.jpg\" alt=\"\" class=\"wp-image-499\" srcset=\"https:\/\/rcatering.cz\/app\/uploads\/2023\/09\/20210115_073709-1024x498.jpg 1024w, https:\/\/rcatering.cz\/app\/uploads\/2023\/09\/20210115_073709-300x146.jpg 300w, https:\/\/rcatering.cz\/app\/uploads\/2023\/09\/20210115_073709-768x373.jpg 768w, https:\/\/rcatering.cz\/app\/uploads\/2023\/09\/20210115_073709-1536x747.jpg 1536w, https:\/\/rcatering.cz\/app\/uploads\/2023\/09\/20210115_073709-2048x996.jpg 2048w\" sizes=\"auto, (max-width: 1024px) 100vw, 1024px\" \/><\/a><\/figure>\n<\/figure>\n\n<\/div>\n<\/div>\n\n<div class=\"gb-container gb-container-755e288f\">\n<div class=\"gb-container gb-container-a98d8e08\">\n<div class=\"gb-grid-wrapper gb-grid-wrapper-c19a03d4\">\n<div class=\"gb-grid-column gb-grid-column-b640a247\"><div class=\"gb-container gb-container-b640a247\">\n\n<h2 class=\"gb-headline gb-headline-8217601b gb-headline-text\">Haben Sie irgendwelche Fragen an uns?<\/h2>\n\n\n\n<p class=\"gb-headline gb-headline-9f1d7465 gb-headline-text\">Keine Frage bleibt unbeantwortet. Fragen Sie uns und wir werden Ihnen gerne antworten.<\/p>\n\n\n\n<a class=\"gb-button gb-button-ac0b3d4f gb-button-text\" href=\"https:\/\/rcatering.cz\/de\/kontaktseite\/\">Kontakt<\/a>\n\n<\/div><\/div>\n\n<div class=\"gb-grid-column gb-grid-column-92c6d38e\"><div class=\"gb-container gb-container-92c6d38e\">\n\n<h2 class=\"gb-headline gb-headline-c66f8cab gb-headline-text\">M\u00f6chten Sie unsere Internatssch\u00fcler werden?<\/h2>\n\n\n\n<p class=\"gb-headline gb-headline-2fde6667 gb-headline-text\">Bitte senden Sie uns Ihre Anfrage \u00fcber das Formular und wir werden uns bei Ihnen melden<strong>.<\/strong><\/p>\n\n\n\n<a class=\"gb-button gb-button-2406e6f8 gb-button-text\" href=\"https:\/\/rcatering.cz\/de\/kontaktseite\/\">Kontakt<\/a>\n\n<\/div><\/div>\n<\/div>\n<\/div>\n<\/div>","protected":false},"excerpt":{"rendered":"<p>Galerie<\/p>\n","protected":false},"author":1,"featured_media":0,"parent":0,"menu_order":0,"comment_status":"closed","ping_status":"closed","template":"","meta":{"footnotes":""},"class_list":["post-1554","page","type-page","status-publish"],"yoast_head":"<!-- This site is optimized with the Yoast SEO plugin v26.2 - https:\/\/yoast.com\/wordpress\/plugins\/seo\/ -->\n<title>R CATERING - Mittagslieferung<\/title>\n<meta name=\"description\" content=\"Lieferung von Mittagessen f\u00fcr kleine und gro\u00dfe Unternehmen in Br\u00fcnn.\" \/>\n<meta name=\"robots\" content=\"index, follow, max-snippet:-1, max-image-preview:large, max-video-preview:-1\" \/>\n<link rel=\"canonical\" href=\"https:\/\/rcatering.cz\/de\/mittagslieferung\/\" \/>\n<meta property=\"og:locale\" content=\"de_DE\" \/>\n<meta property=\"og:type\" content=\"article\" \/>\n<meta property=\"og:title\" content=\"R CATERING - Mittagslieferung\" \/>\n<meta property=\"og:description\" content=\"Lieferung von Mittagessen f\u00fcr kleine und gro\u00dfe Unternehmen in Br\u00fcnn.\" \/>\n<meta property=\"og:url\" content=\"https:\/\/rcatering.cz\/de\/mittagslieferung\/\" \/>\n<meta property=\"og:site_name\" content=\"R CATERING\" \/>\n<meta property=\"article:modified_time\" content=\"2024-04-25T14:27:26+00:00\" \/>\n<meta property=\"og:image\" content=\"https:\/\/rcatering.cz\/app\/uploads\/2023\/09\/20210318_073414-scaled-e1694431273463.jpg\" \/>\n<meta name=\"twitter:card\" content=\"summary_large_image\" \/>\n<meta name=\"twitter:label1\" content=\"Gesch\u00e4tzte Lesezeit\" \/>\n\t<meta name=\"twitter:data1\" content=\"4\u00a0Minuten\" \/>\n<script type=\"application\/ld+json\" class=\"yoast-schema-graph\">{\"@context\":\"https:\/\/schema.org\",\"@graph\":[{\"@type\":\"WebPage\",\"@id\":\"https:\/\/rcatering.cz\/de\/mittagslieferung\/\",\"url\":\"https:\/\/rcatering.cz\/de\/mittagslieferung\/\",\"name\":\"R CATERING - Mittagslieferung\",\"isPartOf\":{\"@id\":\"https:\/\/rcatering.cz\/de\/#website\"},\"primaryImageOfPage\":{\"@id\":\"https:\/\/rcatering.cz\/de\/mittagslieferung\/#primaryimage\"},\"image\":{\"@id\":\"https:\/\/rcatering.cz\/de\/mittagslieferung\/#primaryimage\"},\"thumbnailUrl\":\"https:\/\/rcatering.cz\/app\/uploads\/2023\/09\/20210318_073414-scaled-e1694431273463.jpg\",\"datePublished\":\"2023-09-04T17:49:59+00:00\",\"dateModified\":\"2024-04-25T14:27:26+00:00\",\"description\":\"Lieferung von Mittagessen f\u00fcr kleine und gro\u00dfe Unternehmen in Br\u00fcnn.\",\"breadcrumb\":{\"@id\":\"https:\/\/rcatering.cz\/de\/mittagslieferung\/#breadcrumb\"},\"inLanguage\":\"de\",\"potentialAction\":[{\"@type\":\"ReadAction\",\"target\":[\"https:\/\/rcatering.cz\/de\/mittagslieferung\/\"]}]},{\"@type\":\"ImageObject\",\"inLanguage\":\"de\",\"@id\":\"https:\/\/rcatering.cz\/de\/mittagslieferung\/#primaryimage\",\"url\":\"https:\/\/rcatering.cz\/app\/uploads\/2023\/09\/20210318_073414-scaled-e1694431273463.jpg\",\"contentUrl\":\"https:\/\/rcatering.cz\/app\/uploads\/2023\/09\/20210318_073414-scaled-e1694431273463.jpg\"},{\"@type\":\"BreadcrumbList\",\"@id\":\"https:\/\/rcatering.cz\/de\/mittagslieferung\/#breadcrumb\",\"itemListElement\":[{\"@type\":\"ListItem\",\"position\":1,\"name\":\"Dom\u016f\",\"item\":\"https:\/\/rcatering.cz\/de\/\"},{\"@type\":\"ListItem\",\"position\":2,\"name\":\"Mittagslieferung\"}]},{\"@type\":\"WebSite\",\"@id\":\"https:\/\/rcatering.cz\/de\/#website\",\"url\":\"https:\/\/rcatering.cz\/de\/\",\"name\":\"R CATERING\",\"description\":\"\",\"publisher\":{\"@id\":\"https:\/\/rcatering.cz\/de\/#organization\"},\"inLanguage\":\"de\"},{\"@type\":\"Organization\",\"@id\":\"https:\/\/rcatering.cz\/de\/#organization\",\"name\":\"R CATERING\",\"url\":\"https:\/\/rcatering.cz\/de\/\",\"logo\":{\"@type\":\"ImageObject\",\"inLanguage\":\"de\",\"@id\":\"https:\/\/rcatering.cz\/de\/#\/schema\/logo\/image\/\",\"url\":\"https:\/\/rcatering.cz\/app\/uploads\/2024\/04\/bila-2-e1714039805848.png\",\"contentUrl\":\"https:\/\/rcatering.cz\/app\/uploads\/2024\/04\/bila-2-e1714039805848.png\",\"width\":1920,\"height\":1921,\"caption\":\"R CATERING\"},\"image\":{\"@id\":\"https:\/\/rcatering.cz\/de\/#\/schema\/logo\/image\/\"}}]}<\/script>\n<!-- \/ Yoast SEO plugin. -->","yoast_head_json":{"title":"R CATERING - Mittagslieferung","description":"Lieferung von Mittagessen f\u00fcr kleine und gro\u00dfe Unternehmen in Br\u00fcnn.","robots":{"index":"index","follow":"follow","max-snippet":"max-snippet:-1","max-image-preview":"max-image-preview:large","max-video-preview":"max-video-preview:-1"},"canonical":"https:\/\/rcatering.cz\/de\/mittagslieferung\/","og_locale":"de_DE","og_type":"article","og_title":"R CATERING - Mittagslieferung","og_description":"Lieferung von Mittagessen f\u00fcr kleine und gro\u00dfe Unternehmen in Br\u00fcnn.","og_url":"https:\/\/rcatering.cz\/de\/mittagslieferung\/","og_site_name":"R CATERING","article_modified_time":"2024-04-25T14:27:26+00:00","og_image":[{"url":"https:\/\/rcatering.cz\/app\/uploads\/2023\/09\/20210318_073414-scaled-e1694431273463.jpg","type":"","width":"","height":""}],"twitter_card":"summary_large_image","twitter_misc":{"Gesch\u00e4tzte Lesezeit":"4\u00a0Minuten"},"schema":{"@context":"https:\/\/schema.org","@graph":[{"@type":"WebPage","@id":"https:\/\/rcatering.cz\/de\/mittagslieferung\/","url":"https:\/\/rcatering.cz\/de\/mittagslieferung\/","name":"R CATERING - Mittagslieferung","isPartOf":{"@id":"https:\/\/rcatering.cz\/de\/#website"},"primaryImageOfPage":{"@id":"https:\/\/rcatering.cz\/de\/mittagslieferung\/#primaryimage"},"image":{"@id":"https:\/\/rcatering.cz\/de\/mittagslieferung\/#primaryimage"},"thumbnailUrl":"https:\/\/rcatering.cz\/app\/uploads\/2023\/09\/20210318_073414-scaled-e1694431273463.jpg","datePublished":"2023-09-04T17:49:59+00:00","dateModified":"2024-04-25T14:27:26+00:00","description":"Lieferung von Mittagessen f\u00fcr kleine und gro\u00dfe Unternehmen in Br\u00fcnn.","breadcrumb":{"@id":"https:\/\/rcatering.cz\/de\/mittagslieferung\/#breadcrumb"},"inLanguage":"de","potentialAction":[{"@type":"ReadAction","target":["https:\/\/rcatering.cz\/de\/mittagslieferung\/"]}]},{"@type":"ImageObject","inLanguage":"de","@id":"https:\/\/rcatering.cz\/de\/mittagslieferung\/#primaryimage","url":"https:\/\/rcatering.cz\/app\/uploads\/2023\/09\/20210318_073414-scaled-e1694431273463.jpg","contentUrl":"https:\/\/rcatering.cz\/app\/uploads\/2023\/09\/20210318_073414-scaled-e1694431273463.jpg"},{"@type":"BreadcrumbList","@id":"https:\/\/rcatering.cz\/de\/mittagslieferung\/#breadcrumb","itemListElement":[{"@type":"ListItem","position":1,"name":"Dom\u016f","item":"https:\/\/rcatering.cz\/de\/"},{"@type":"ListItem","position":2,"name":"Mittagslieferung"}]},{"@type":"WebSite","@id":"https:\/\/rcatering.cz\/de\/#website","url":"https:\/\/rcatering.cz\/de\/","name":"R CATERING","description":"","publisher":{"@id":"https:\/\/rcatering.cz\/de\/#organization"},"inLanguage":"de"},{"@type":"Organization","@id":"https:\/\/rcatering.cz\/de\/#organization","name":"R CATERING","url":"https:\/\/rcatering.cz\/de\/","logo":{"@type":"ImageObject","inLanguage":"de","@id":"https:\/\/rcatering.cz\/de\/#\/schema\/logo\/image\/","url":"https:\/\/rcatering.cz\/app\/uploads\/2024\/04\/bila-2-e1714039805848.png","contentUrl":"https:\/\/rcatering.cz\/app\/uploads\/2024\/04\/bila-2-e1714039805848.png","width":1920,"height":1921,"caption":"R CATERING"},"image":{"@id":"https:\/\/rcatering.cz\/de\/#\/schema\/logo\/image\/"}}]}},"_links":{"self":[{"href":"https:\/\/rcatering.cz\/de\/wp-json\/wp\/v2\/pages\/1554","targetHints":{"allow":["GET"]}}],"collection":[{"href":"https:\/\/rcatering.cz\/de\/wp-json\/wp\/v2\/pages"}],"about":[{"href":"https:\/\/rcatering.cz\/de\/wp-json\/wp\/v2\/types\/page"}],"author":[{"embeddable":true,"href":"https:\/\/rcatering.cz\/de\/wp-json\/wp\/v2\/users\/1"}],"replies":[{"embeddable":true,"href":"https:\/\/rcatering.cz\/de\/wp-json\/wp\/v2\/comments?post=1554"}],"version-history":[{"count":4,"href":"https:\/\/rcatering.cz\/de\/wp-json\/wp\/v2\/pages\/1554\/revisions"}],"predecessor-version":[{"id":2533,"href":"https:\/\/rcatering.cz\/de\/wp-json\/wp\/v2\/pages\/1554\/revisions\/2533"}],"wp:attachment":[{"href":"https:\/\/rcatering.cz\/de\/wp-json\/wp\/v2\/media?parent=1554"}],"curies":[{"name":"wp","href":"https:\/\/api.w.org\/{rel}","templated":true}]}}