{"id":1558,"date":"2023-09-04T17:50:10","date_gmt":"2023-09-04T17:50:10","guid":{"rendered":"https:\/\/rcatering.cz\/?page_id=1558"},"modified":"2026-01-22T09:12:03","modified_gmt":"2026-01-22T09:12:03","slug":"messen","status":"publish","type":"page","link":"https:\/\/rcatering.cz\/de\/messen\/","title":{"rendered":"Messen"},"content":{"rendered":"<div class=\"gb-container gb-container-aa6cd72c\">\n<div class=\"gb-container gb-container-557a2960\">\n<div class=\"gb-grid-wrapper gb-grid-wrapper-a66e7a4c\">\n<div class=\"gb-grid-column gb-grid-column-5a8708d4\"><div class=\"gb-container gb-container-5a8708d4\">\n\n<h1 class=\"gb-headline gb-headline-6d15678c gb-headline-text\">Messen<\/h1>\n\n\n\n<p class=\"gb-headline gb-headline-481cf55f gb-headline-text\">Bei Messen und Ausstellungen bieten wir Ihnen gerne ein professionelles Catering an. Mit unserer langj\u00e4hrigen Erfahrung und unserem breiten Angebot an Speisen und Getr\u00e4nken sind wir die ideale Wahl, um die gastronomischen Bed\u00fcrfnisse Ihrer Besucher zu erf\u00fcllen. Wir planen sorgf\u00e4ltig jedes Detail, um einen reibungslosen Ablauf zu gew\u00e4hrleisten und die Geschmacksvorlieben Ihrer Zielgruppe zu erf\u00fcllen. Sprechen Sie mit uns und wir werden unsere Leistungen auf Ihre Bed\u00fcrfnisse abstimmen. Bei uns erwartet Sie ein professioneller und geschmackvoller Catering-Service, der Ihre Veranstaltungen aufwertet.<\/p>\n\n\n\n<a class=\"gb-button gb-button-09e428ee gb-button-text\" href=\"https:\/\/rcatering.cz\/de\/kontakt-formular\/\">Kontakt-Formular<\/a>\n\n<\/div><\/div>\n<\/div>\n<\/div>\n<\/div>\n\n<div class=\"gb-container gb-container-24a88cb4\">\n<div class=\"gb-container gb-container-3167f4cd\">\n<div class=\"gb-grid-wrapper gb-grid-wrapper-8301e522\">\n<div class=\"gb-grid-column gb-grid-column-d5aec999\"><div class=\"gb-container gb-container-d5aec999\">\n\n<h2 class=\"gb-headline gb-headline-0dda28b8 gb-headline-text\">Wir k\u00f6nnen Sie mit leckeren Erfrischungen versorgen:<\/h2>\n\n\n\n<p class=\"gb-headline gb-headline-a3b78efd gb-headline-text\">Wir versorgen Sie w\u00e4hrend der Messe mit leckeren Erfrischungen. Informieren Sie sich \u00fcber unsere Qualit\u00e4tsdienstleistungen und werden Sie unser neuer Kunde.<\/p>\n\n<\/div><\/div>\n\n<div class=\"gb-grid-column gb-grid-column-bac47025\"><div class=\"gb-container gb-container-bac47025\">\n\n<p class=\"gb-headline gb-headline-ee0cd312 gb-headline-text\"><strong>Bed\u0159ich Crha<br><\/strong>Versorgung der St\u00e4nde w\u00e4hrend der Messe<br>+420 725 741 082<br>catering@rcatering.cz<\/p>\n\n<\/div><\/div>\n\n<div class=\"gb-grid-column gb-grid-column-4eb293a8\"><div class=\"gb-container gb-container-4eb293a8\">\n\n<h2 class=\"gb-headline gb-headline-17226485 gb-headline-text\">Falls Sie an Erfrischungen interessiert sind<\/h2>\n\n\n\n<p class=\"gb-headline gb-headline-c16eda92 gb-headline-text\">Wenn Sie an Erfrischungen w\u00e4hrend der Messe interessiert sind, f\u00fcllen Sie bitte dieses Formular aus und wenden Sie sich dann an unsere Mitarbeiter.<\/p>\n\n\n\n<a class=\"gb-button gb-button-c615567a gb-button-text\" href=\"https:\/\/rcatering.cz\/app\/uploads\/2026\/01\/Objednavkovy-blok-AJ-2026.xlsx\">Formular<\/a>\n\n<\/div><\/div>\n<\/div>\n<\/div>\n<\/div>\n\n\n<p><\/p>\n","protected":false},"excerpt":{"rendered":"","protected":false},"author":1,"featured_media":0,"parent":0,"menu_order":0,"comment_status":"closed","ping_status":"closed","template":"","meta":{"footnotes":""},"class_list":["post-1558","page","type-page","status-publish"],"yoast_head":"<!-- This site is optimized with the Yoast SEO plugin v27.6 - https:\/\/yoast.com\/product\/yoast-seo-wordpress\/ -->\n<title>R CATERING - Messen<\/title>\n<meta name=\"description\" content=\"Bei Messen und Ausstellungen sorgen wir gerne f\u00fcr ein professionelles Catering.\" \/>\n<meta name=\"robots\" content=\"index, follow, max-snippet:-1, max-image-preview:large, max-video-preview:-1\" \/>\n<link rel=\"canonical\" href=\"https:\/\/rcatering.cz\/de\/messen\/\" \/>\n<meta property=\"og:locale\" content=\"de_DE\" \/>\n<meta property=\"og:type\" content=\"article\" \/>\n<meta property=\"og:title\" content=\"R CATERING - Messen\" \/>\n<meta property=\"og:description\" content=\"Bei Messen und Ausstellungen sorgen wir gerne f\u00fcr ein professionelles Catering.\" \/>\n<meta property=\"og:url\" content=\"https:\/\/rcatering.cz\/de\/messen\/\" \/>\n<meta property=\"og:site_name\" content=\"R CATERING\" \/>\n<meta property=\"article:modified_time\" content=\"2026-01-22T09:12:03+00:00\" \/>\n<meta name=\"twitter:card\" content=\"summary_large_image\" \/>\n<meta name=\"twitter:label1\" content=\"Gesch\u00e4tzte Lesezeit\" \/>\n\t<meta name=\"twitter:data1\" content=\"1\u00a0Minute\" \/>\n<script type=\"application\/ld+json\" class=\"yoast-schema-graph\">{\"@context\":\"https:\\\/\\\/schema.org\",\"@graph\":[{\"@type\":\"WebPage\",\"@id\":\"https:\\\/\\\/rcatering.cz\\\/de\\\/messen\\\/\",\"url\":\"https:\\\/\\\/rcatering.cz\\\/de\\\/messen\\\/\",\"name\":\"R CATERING - Messen\",\"isPartOf\":{\"@id\":\"https:\\\/\\\/rcatering.cz\\\/de\\\/#website\"},\"datePublished\":\"2023-09-04T17:50:10+00:00\",\"dateModified\":\"2026-01-22T09:12:03+00:00\",\"description\":\"Bei Messen und Ausstellungen sorgen wir gerne f\u00fcr ein professionelles Catering.\",\"breadcrumb\":{\"@id\":\"https:\\\/\\\/rcatering.cz\\\/de\\\/messen\\\/#breadcrumb\"},\"inLanguage\":\"de\",\"potentialAction\":[{\"@type\":\"ReadAction\",\"target\":[\"https:\\\/\\\/rcatering.cz\\\/de\\\/messen\\\/\"]}]},{\"@type\":\"BreadcrumbList\",\"@id\":\"https:\\\/\\\/rcatering.cz\\\/de\\\/messen\\\/#breadcrumb\",\"itemListElement\":[{\"@type\":\"ListItem\",\"position\":1,\"name\":\"Dom\u016f\",\"item\":\"https:\\\/\\\/rcatering.cz\\\/de\\\/\"},{\"@type\":\"ListItem\",\"position\":2,\"name\":\"Messen\"}]},{\"@type\":\"WebSite\",\"@id\":\"https:\\\/\\\/rcatering.cz\\\/de\\\/#website\",\"url\":\"https:\\\/\\\/rcatering.cz\\\/de\\\/\",\"name\":\"R CATERING\",\"description\":\"\",\"publisher\":{\"@id\":\"https:\\\/\\\/rcatering.cz\\\/de\\\/#organization\"},\"inLanguage\":\"de\"},{\"@type\":\"Organization\",\"@id\":\"https:\\\/\\\/rcatering.cz\\\/de\\\/#organization\",\"name\":\"R CATERING\",\"url\":\"https:\\\/\\\/rcatering.cz\\\/de\\\/\",\"logo\":{\"@type\":\"ImageObject\",\"inLanguage\":\"de\",\"@id\":\"https:\\\/\\\/rcatering.cz\\\/de\\\/#\\\/schema\\\/logo\\\/image\\\/\",\"url\":\"https:\\\/\\\/rcatering.cz\\\/app\\\/uploads\\\/2024\\\/04\\\/bila-2-e1714039805848.png\",\"contentUrl\":\"https:\\\/\\\/rcatering.cz\\\/app\\\/uploads\\\/2024\\\/04\\\/bila-2-e1714039805848.png\",\"width\":1920,\"height\":1921,\"caption\":\"R CATERING\"},\"image\":{\"@id\":\"https:\\\/\\\/rcatering.cz\\\/de\\\/#\\\/schema\\\/logo\\\/image\\\/\"}}]}<\/script>\n<!-- \/ Yoast SEO plugin. -->","yoast_head_json":{"title":"R CATERING - Messen","description":"Bei Messen und Ausstellungen sorgen wir gerne f\u00fcr ein professionelles Catering.","robots":{"index":"index","follow":"follow","max-snippet":"max-snippet:-1","max-image-preview":"max-image-preview:large","max-video-preview":"max-video-preview:-1"},"canonical":"https:\/\/rcatering.cz\/de\/messen\/","og_locale":"de_DE","og_type":"article","og_title":"R CATERING - Messen","og_description":"Bei Messen und Ausstellungen sorgen wir gerne f\u00fcr ein professionelles Catering.","og_url":"https:\/\/rcatering.cz\/de\/messen\/","og_site_name":"R CATERING","article_modified_time":"2026-01-22T09:12:03+00:00","twitter_card":"summary_large_image","twitter_misc":{"Gesch\u00e4tzte Lesezeit":"1\u00a0Minute"},"schema":{"@context":"https:\/\/schema.org","@graph":[{"@type":"WebPage","@id":"https:\/\/rcatering.cz\/de\/messen\/","url":"https:\/\/rcatering.cz\/de\/messen\/","name":"R CATERING - Messen","isPartOf":{"@id":"https:\/\/rcatering.cz\/de\/#website"},"datePublished":"2023-09-04T17:50:10+00:00","dateModified":"2026-01-22T09:12:03+00:00","description":"Bei Messen und Ausstellungen sorgen wir gerne f\u00fcr ein professionelles Catering.","breadcrumb":{"@id":"https:\/\/rcatering.cz\/de\/messen\/#breadcrumb"},"inLanguage":"de","potentialAction":[{"@type":"ReadAction","target":["https:\/\/rcatering.cz\/de\/messen\/"]}]},{"@type":"BreadcrumbList","@id":"https:\/\/rcatering.cz\/de\/messen\/#breadcrumb","itemListElement":[{"@type":"ListItem","position":1,"name":"Dom\u016f","item":"https:\/\/rcatering.cz\/de\/"},{"@type":"ListItem","position":2,"name":"Messen"}]},{"@type":"WebSite","@id":"https:\/\/rcatering.cz\/de\/#website","url":"https:\/\/rcatering.cz\/de\/","name":"R CATERING","description":"","publisher":{"@id":"https:\/\/rcatering.cz\/de\/#organization"},"inLanguage":"de"},{"@type":"Organization","@id":"https:\/\/rcatering.cz\/de\/#organization","name":"R CATERING","url":"https:\/\/rcatering.cz\/de\/","logo":{"@type":"ImageObject","inLanguage":"de","@id":"https:\/\/rcatering.cz\/de\/#\/schema\/logo\/image\/","url":"https:\/\/rcatering.cz\/app\/uploads\/2024\/04\/bila-2-e1714039805848.png","contentUrl":"https:\/\/rcatering.cz\/app\/uploads\/2024\/04\/bila-2-e1714039805848.png","width":1920,"height":1921,"caption":"R CATERING"},"image":{"@id":"https:\/\/rcatering.cz\/de\/#\/schema\/logo\/image\/"}}]}},"_links":{"self":[{"href":"https:\/\/rcatering.cz\/de\/wp-json\/wp\/v2\/pages\/1558","targetHints":{"allow":["GET"]}}],"collection":[{"href":"https:\/\/rcatering.cz\/de\/wp-json\/wp\/v2\/pages"}],"about":[{"href":"https:\/\/rcatering.cz\/de\/wp-json\/wp\/v2\/types\/page"}],"author":[{"embeddable":true,"href":"https:\/\/rcatering.cz\/de\/wp-json\/wp\/v2\/users\/1"}],"replies":[{"embeddable":true,"href":"https:\/\/rcatering.cz\/de\/wp-json\/wp\/v2\/comments?post=1558"}],"version-history":[{"count":6,"href":"https:\/\/rcatering.cz\/de\/wp-json\/wp\/v2\/pages\/1558\/revisions"}],"predecessor-version":[{"id":3188,"href":"https:\/\/rcatering.cz\/de\/wp-json\/wp\/v2\/pages\/1558\/revisions\/3188"}],"wp:attachment":[{"href":"https:\/\/rcatering.cz\/de\/wp-json\/wp\/v2\/media?parent=1558"}],"curies":[{"name":"wp","href":"https:\/\/api.w.org\/{rel}","templated":true}]}}