{"id":1562,"date":"2023-09-04T17:50:22","date_gmt":"2023-09-04T17:50:22","guid":{"rendered":"https:\/\/rcatering.cz\/?page_id=1562"},"modified":"2024-04-25T14:28:53","modified_gmt":"2024-04-25T14:28:53","slug":"private-veranstaltungen","status":"publish","type":"page","link":"https:\/\/rcatering.cz\/de\/private-veranstaltungen\/","title":{"rendered":"Private Veranstaltungen"},"content":{"rendered":"<div class=\"gb-container gb-container-aa6cd72c\">\n<div class=\"gb-container gb-container-557a2960\">\n<div class=\"gb-grid-wrapper gb-grid-wrapper-a66e7a4c\">\n<div class=\"gb-grid-column gb-grid-column-5a8708d4\"><div class=\"gb-container gb-container-5a8708d4\">\n\n<h1 class=\"gb-headline gb-headline-6d15678c gb-headline-text\">Private Veranstaltungen<\/h1>\n\n\n\n<p class=\"gb-headline gb-headline-481cf55f gb-headline-text\">Es gibt immer einen Anlass zum Feiern, und dazu geh\u00f6rt auch die M\u00f6glichkeit, lecker zu essen und zu trinken. Wenn Sie uns mit dem Catering betrauen, k\u00f6nnen Sie die Feier richtig genie\u00dfen &#8211; und das ganz ohne Sorgen. Ganz gleich, ob Sie ein Galadinner oder eine Gartenparty planen, wir bieten Ihnen eine breite Palette von K\u00fcchen an, darunter tschechische, mediterrane und asiatische.<\/p>\n\n\n\n<p class=\"gb-headline gb-headline-935ccbe2 gb-headline-text\">Hier sind einige Optionen:<\/p>\n\n\n\n<p class=\"gb-headline gb-headline-4964bb97\"><span class=\"gb-icon\"><svg aria-hidden=\"true\" role=\"img\" height=\"1em\" width=\"1em\" viewBox=\"0 0 256 512\" xmlns=\"http:\/\/www.w3.org\/2000\/svg\"><path fill=\"currentColor\" d=\"M224.3 273l-136 136c-9.4 9.4-24.6 9.4-33.9 0l-22.6-22.6c-9.4-9.4-9.4-24.6 0-33.9l96.4-96.4-96.4-96.4c-9.4-9.4-9.4-24.6 0-33.9L54.3 103c9.4-9.4 24.6-9.4 33.9 0l136 136c9.5 9.4 9.5 24.6.1 34z\"><\/path><\/svg><\/span><span class=\"gb-headline-text\">Galadinner &#8211; ein mehrg\u00e4ngiges Men\u00fc mit einem obligatorischen Toast!<\/span><\/p>\n\n\n\n<p class=\"gb-headline gb-headline-c7587993\"><span class=\"gb-icon\"><svg aria-hidden=\"true\" role=\"img\" height=\"1em\" width=\"1em\" viewBox=\"0 0 256 512\" xmlns=\"http:\/\/www.w3.org\/2000\/svg\"><path fill=\"currentColor\" d=\"M224.3 273l-136 136c-9.4 9.4-24.6 9.4-33.9 0l-22.6-22.6c-9.4-9.4-9.4-24.6 0-33.9l96.4-96.4-96.4-96.4c-9.4-9.4-9.4-24.6 0-33.9L54.3 103c9.4-9.4 24.6-9.4 33.9 0l136 136c9.5 9.4 9.5 24.6.1 34z\"><\/path><\/svg><\/span><span class=\"gb-headline-text\">Kombinationsbuffet &#8211; es gibt ein Buffet f\u00fcr alle, aber auch warme Gerichte f\u00fcr diejenigen, die es gerne warm m\u00f6gen.<\/span><\/p>\n\n\n\n<p class=\"gb-headline gb-headline-acb53ffe\"><span class=\"gb-icon\"><svg aria-hidden=\"true\" role=\"img\" height=\"1em\" width=\"1em\" viewBox=\"0 0 256 512\" xmlns=\"http:\/\/www.w3.org\/2000\/svg\"><path fill=\"currentColor\" d=\"M224.3 273l-136 136c-9.4 9.4-24.6 9.4-33.9 0l-22.6-22.6c-9.4-9.4-9.4-24.6 0-33.9l96.4-96.4-96.4-96.4c-9.4-9.4-9.4-24.6 0-33.9L54.3 103c9.4-9.4 24.6-9.4 33.9 0l136 136c9.5 9.4 9.5 24.6.1 34z\"><\/path><\/svg><\/span><span class=\"gb-headline-text\">Degustation &#8211; Degustationssteaks oder Erlebnistapas.<\/span><\/p>\n\n\n\n<a class=\"gb-button gb-button-09e428ee gb-button-text\" href=\"https:\/\/rcatering.cz\/de\/kontakt-formular\/\">Kontakt-Formular<\/a>\n\n<\/div><\/div>\n\n<div class=\"gb-grid-column gb-grid-column-7b573bc2\"><div class=\"gb-container gb-container-7b573bc2\">\n\n<figure class=\"gb-block-image gb-block-image-ae54fa35\"><img loading=\"lazy\" decoding=\"async\" width=\"1152\" height=\"1800\" class=\"gb-image gb-image-ae54fa35\" src=\"https:\/\/rcatering.cz\/app\/uploads\/2023\/09\/20230831_164414-scaled-e1694430492167.jpg\" alt=\"R CATERING\" title=\"R CATERING\" srcset=\"https:\/\/rcatering.cz\/app\/uploads\/2023\/09\/20230831_164414-scaled-e1694430492167.jpg 1152w, https:\/\/rcatering.cz\/app\/uploads\/2023\/09\/20230831_164414-scaled-e1694430492167-192x300.jpg 192w, https:\/\/rcatering.cz\/app\/uploads\/2023\/09\/20230831_164414-scaled-e1694430492167-655x1024.jpg 655w, https:\/\/rcatering.cz\/app\/uploads\/2023\/09\/20230831_164414-scaled-e1694430492167-768x1200.jpg 768w, https:\/\/rcatering.cz\/app\/uploads\/2023\/09\/20230831_164414-scaled-e1694430492167-983x1536.jpg 983w\" sizes=\"auto, (max-width: 1152px) 100vw, 1152px\" \/><\/figure>\n\n<\/div><\/div>\n<\/div>\n<\/div>\n<\/div>\n\n<div class=\"gb-container gb-container-0b0f2499\">\n<div class=\"gb-container gb-container-c7489ead\">\n<div class=\"gb-grid-wrapper gb-grid-wrapper-d1339e06\">\n<div class=\"gb-grid-column gb-grid-column-1b2b0235\"><div class=\"gb-container gb-container-1b2b0235\">\n\n<h2 class=\"gb-headline gb-headline-83972958 gb-headline-text\">Wir k\u00f6nnen Ihnen versichern, dass unser Essen Sie nicht entt\u00e4uschen wird:<\/h2>\n\n\n\n<p class=\"gb-headline gb-headline-3e8fd496 gb-headline-text\">Unsere Erfahrung bei der Bewirtung von privaten Veranstaltungen wie Geburtstagen, Abschlussfeiern und anderen Feierlichkeiten ist von unsch\u00e4tzbarem Wert. Dank dieser reichen Geschichte sind wir davon \u00fcberzeugt, dass unsere K\u00f6stlichkeiten nicht nur Ihre Sinne ansprechen, sondern Sie auch durch ihre Makellosigkeit und ihren Erinnerungswert begeistern werden. Ihre G\u00e4ste werden ein exquisites kulinarisches Erlebnis genie\u00dfen, an das sie sich noch lange erinnern werden.<\/p>\n\n<\/div><\/div>\n\n<div class=\"gb-grid-column gb-grid-column-a82305c3\"><div class=\"gb-container gb-container-a82305c3\">\n\n<h2 class=\"gb-headline gb-headline-5ee9cda2 gb-headline-text\">Ich bin interessiert an<\/h2>\n\n\n\n<p class=\"gb-headline gb-headline-787776b6 gb-headline-text\">Lassen Sie es uns wissen und senden Sie uns Ihre Anfrage. Wir setzen uns gerne mit Ihnen in Verbindung und helfen Ihnen, Ihre gastronomischen Pl\u00e4ne zu verwirklichen.<\/p>\n\n\n\n<a class=\"gb-button gb-button-b3db2d70 gb-button-text\" href=\"https:\/\/rcatering.cz\/de\/kontakt-formular\/\">Anfrage<\/a>\n\n<\/div><\/div>\n<\/div>\n<\/div>\n<\/div>\n\n<div class=\"gb-container gb-container-1acc1d7e\">\n<div class=\"gb-container gb-container-3d062906\">\n\n<h3 class=\"gb-headline gb-headline-94ccdd3b gb-headline-text\">Galerie<\/h3>\n\n\n\n<figure class=\"wp-block-gallery has-nested-images columns-5 is-cropped wp-block-gallery-1 is-layout-flex wp-block-gallery-is-layout-flex\">\n<figure class=\"wp-block-image size-large\"><a href=\"https:\/\/rcatering.cz\/app\/uploads\/2023\/09\/20211108_115514-scaled.jpg\"><img loading=\"lazy\" decoding=\"async\" width=\"1024\" height=\"461\" data-id=\"1261\" src=\"http:\/\/rcatering.cz\/app\/uploads\/2023\/09\/20211108_115514-1024x461.jpg\" alt=\"\" class=\"wp-image-1261\" srcset=\"https:\/\/rcatering.cz\/app\/uploads\/2023\/09\/20211108_115514-1024x461.jpg 1024w, https:\/\/rcatering.cz\/app\/uploads\/2023\/09\/20211108_115514-300x135.jpg 300w, https:\/\/rcatering.cz\/app\/uploads\/2023\/09\/20211108_115514-768x346.jpg 768w, https:\/\/rcatering.cz\/app\/uploads\/2023\/09\/20211108_115514-1536x691.jpg 1536w, https:\/\/rcatering.cz\/app\/uploads\/2023\/09\/20211108_115514-2048x922.jpg 2048w\" sizes=\"auto, (max-width: 1024px) 100vw, 1024px\" \/><\/a><\/figure>\n\n\n\n<figure class=\"wp-block-image size-large\"><a href=\"https:\/\/rcatering.cz\/app\/uploads\/2023\/09\/20211019_101201-scaled.jpg\"><img loading=\"lazy\" decoding=\"async\" width=\"1024\" height=\"461\" data-id=\"1258\" src=\"http:\/\/rcatering.cz\/app\/uploads\/2023\/09\/20211019_101201-1024x461.jpg\" alt=\"\" class=\"wp-image-1258\" srcset=\"https:\/\/rcatering.cz\/app\/uploads\/2023\/09\/20211019_101201-1024x461.jpg 1024w, https:\/\/rcatering.cz\/app\/uploads\/2023\/09\/20211019_101201-300x135.jpg 300w, https:\/\/rcatering.cz\/app\/uploads\/2023\/09\/20211019_101201-768x346.jpg 768w, https:\/\/rcatering.cz\/app\/uploads\/2023\/09\/20211019_101201-1536x691.jpg 1536w, https:\/\/rcatering.cz\/app\/uploads\/2023\/09\/20211019_101201-2048x922.jpg 2048w\" sizes=\"auto, (max-width: 1024px) 100vw, 1024px\" \/><\/a><\/figure>\n\n\n\n<figure class=\"wp-block-image size-large\"><a href=\"https:\/\/rcatering.cz\/app\/uploads\/2023\/09\/20230831_172928-scaled.jpg\"><img loading=\"lazy\" decoding=\"async\" width=\"1024\" height=\"461\" data-id=\"1282\" src=\"http:\/\/rcatering.cz\/app\/uploads\/2023\/09\/20230831_172928-1024x461.jpg\" alt=\"\" class=\"wp-image-1282\" srcset=\"https:\/\/rcatering.cz\/app\/uploads\/2023\/09\/20230831_172928-1024x461.jpg 1024w, https:\/\/rcatering.cz\/app\/uploads\/2023\/09\/20230831_172928-300x135.jpg 300w, https:\/\/rcatering.cz\/app\/uploads\/2023\/09\/20230831_172928-768x346.jpg 768w, https:\/\/rcatering.cz\/app\/uploads\/2023\/09\/20230831_172928-1536x691.jpg 1536w, https:\/\/rcatering.cz\/app\/uploads\/2023\/09\/20230831_172928-2048x922.jpg 2048w\" sizes=\"auto, (max-width: 1024px) 100vw, 1024px\" \/><\/a><\/figure>\n\n\n\n<figure class=\"wp-block-image size-large\"><a href=\"https:\/\/rcatering.cz\/app\/uploads\/2023\/09\/20230328_112011-1-scaled.jpg\"><img loading=\"lazy\" decoding=\"async\" width=\"1024\" height=\"461\" data-id=\"1276\" src=\"http:\/\/rcatering.cz\/app\/uploads\/2023\/09\/20230328_112011-1-1024x461.jpg\" alt=\"\" class=\"wp-image-1276\" srcset=\"https:\/\/rcatering.cz\/app\/uploads\/2023\/09\/20230328_112011-1-1024x461.jpg 1024w, https:\/\/rcatering.cz\/app\/uploads\/2023\/09\/20230328_112011-1-300x135.jpg 300w, https:\/\/rcatering.cz\/app\/uploads\/2023\/09\/20230328_112011-1-768x346.jpg 768w, https:\/\/rcatering.cz\/app\/uploads\/2023\/09\/20230328_112011-1-1536x691.jpg 1536w, https:\/\/rcatering.cz\/app\/uploads\/2023\/09\/20230328_112011-1-2048x922.jpg 2048w\" sizes=\"auto, (max-width: 1024px) 100vw, 1024px\" \/><\/a><\/figure>\n\n\n\n<figure class=\"wp-block-image size-large\"><a href=\"https:\/\/rcatering.cz\/app\/uploads\/2023\/09\/20230831_171806-scaled.jpg\"><img loading=\"lazy\" decoding=\"async\" width=\"1024\" height=\"461\" data-id=\"1279\" src=\"http:\/\/rcatering.cz\/app\/uploads\/2023\/09\/20230831_171806-1024x461.jpg\" alt=\"\" class=\"wp-image-1279\" srcset=\"https:\/\/rcatering.cz\/app\/uploads\/2023\/09\/20230831_171806-1024x461.jpg 1024w, https:\/\/rcatering.cz\/app\/uploads\/2023\/09\/20230831_171806-300x135.jpg 300w, https:\/\/rcatering.cz\/app\/uploads\/2023\/09\/20230831_171806-768x346.jpg 768w, https:\/\/rcatering.cz\/app\/uploads\/2023\/09\/20230831_171806-1536x691.jpg 1536w, https:\/\/rcatering.cz\/app\/uploads\/2023\/09\/20230831_171806-2048x922.jpg 2048w\" sizes=\"auto, (max-width: 1024px) 100vw, 1024px\" \/><\/a><\/figure>\n\n\n\n<figure class=\"wp-block-image size-large\"><a href=\"https:\/\/rcatering.cz\/app\/uploads\/2023\/09\/20220219_180009-scaled.jpg\"><img loading=\"lazy\" decoding=\"async\" width=\"1024\" height=\"461\" data-id=\"1270\" src=\"http:\/\/rcatering.cz\/app\/uploads\/2023\/09\/20220219_180009-1024x461.jpg\" alt=\"\" class=\"wp-image-1270\" srcset=\"https:\/\/rcatering.cz\/app\/uploads\/2023\/09\/20220219_180009-1024x461.jpg 1024w, https:\/\/rcatering.cz\/app\/uploads\/2023\/09\/20220219_180009-300x135.jpg 300w, https:\/\/rcatering.cz\/app\/uploads\/2023\/09\/20220219_180009-768x346.jpg 768w, https:\/\/rcatering.cz\/app\/uploads\/2023\/09\/20220219_180009-1536x691.jpg 1536w, https:\/\/rcatering.cz\/app\/uploads\/2023\/09\/20220219_180009-2048x922.jpg 2048w\" sizes=\"auto, (max-width: 1024px) 100vw, 1024px\" \/><\/a><\/figure>\n\n\n\n<figure class=\"wp-block-image size-large\"><a href=\"https:\/\/rcatering.cz\/app\/uploads\/2023\/09\/20220119_112456-scaled.jpg\"><img loading=\"lazy\" decoding=\"async\" width=\"1024\" height=\"461\" data-id=\"1267\" src=\"http:\/\/rcatering.cz\/app\/uploads\/2023\/09\/20220119_112456-1024x461.jpg\" alt=\"\" class=\"wp-image-1267\" srcset=\"https:\/\/rcatering.cz\/app\/uploads\/2023\/09\/20220119_112456-1024x461.jpg 1024w, https:\/\/rcatering.cz\/app\/uploads\/2023\/09\/20220119_112456-300x135.jpg 300w, https:\/\/rcatering.cz\/app\/uploads\/2023\/09\/20220119_112456-768x346.jpg 768w, https:\/\/rcatering.cz\/app\/uploads\/2023\/09\/20220119_112456-1536x691.jpg 1536w, https:\/\/rcatering.cz\/app\/uploads\/2023\/09\/20220119_112456-2048x922.jpg 2048w\" sizes=\"auto, (max-width: 1024px) 100vw, 1024px\" \/><\/a><\/figure>\n\n\n\n<figure class=\"wp-block-image size-large\"><a href=\"https:\/\/rcatering.cz\/app\/uploads\/2023\/09\/20220119_112213-scaled.jpg\"><img loading=\"lazy\" decoding=\"async\" width=\"1024\" height=\"461\" data-id=\"1264\" src=\"http:\/\/rcatering.cz\/app\/uploads\/2023\/09\/20220119_112213-1024x461.jpg\" alt=\"\" class=\"wp-image-1264\" srcset=\"https:\/\/rcatering.cz\/app\/uploads\/2023\/09\/20220119_112213-1024x461.jpg 1024w, https:\/\/rcatering.cz\/app\/uploads\/2023\/09\/20220119_112213-300x135.jpg 300w, https:\/\/rcatering.cz\/app\/uploads\/2023\/09\/20220119_112213-768x346.jpg 768w, https:\/\/rcatering.cz\/app\/uploads\/2023\/09\/20220119_112213-1536x691.jpg 1536w, https:\/\/rcatering.cz\/app\/uploads\/2023\/09\/20220119_112213-2048x922.jpg 2048w\" sizes=\"auto, (max-width: 1024px) 100vw, 1024px\" \/><\/a><\/figure>\n\n\n\n<figure class=\"wp-block-image size-large\"><a href=\"https:\/\/rcatering.cz\/app\/uploads\/2023\/09\/20220623_183304-scaled.jpg\"><img loading=\"lazy\" decoding=\"async\" width=\"1024\" height=\"461\" data-id=\"1273\" src=\"http:\/\/rcatering.cz\/app\/uploads\/2023\/09\/20220623_183304-1024x461.jpg\" alt=\"\" class=\"wp-image-1273\" srcset=\"https:\/\/rcatering.cz\/app\/uploads\/2023\/09\/20220623_183304-1024x461.jpg 1024w, https:\/\/rcatering.cz\/app\/uploads\/2023\/09\/20220623_183304-300x135.jpg 300w, https:\/\/rcatering.cz\/app\/uploads\/2023\/09\/20220623_183304-768x346.jpg 768w, https:\/\/rcatering.cz\/app\/uploads\/2023\/09\/20220623_183304-1536x691.jpg 1536w, https:\/\/rcatering.cz\/app\/uploads\/2023\/09\/20220623_183304-2048x922.jpg 2048w\" sizes=\"auto, (max-width: 1024px) 100vw, 1024px\" \/><\/a><\/figure>\n\n\n\n<figure class=\"wp-block-image size-large\"><a href=\"https:\/\/rcatering.cz\/app\/uploads\/2023\/09\/20201212_115941-scaled.jpg\"><img loading=\"lazy\" decoding=\"async\" width=\"1024\" height=\"498\" data-id=\"1252\" src=\"http:\/\/rcatering.cz\/app\/uploads\/2023\/09\/20201212_115941-1024x498.jpg\" alt=\"\" class=\"wp-image-1252\" srcset=\"https:\/\/rcatering.cz\/app\/uploads\/2023\/09\/20201212_115941-1024x498.jpg 1024w, https:\/\/rcatering.cz\/app\/uploads\/2023\/09\/20201212_115941-300x146.jpg 300w, https:\/\/rcatering.cz\/app\/uploads\/2023\/09\/20201212_115941-768x373.jpg 768w, https:\/\/rcatering.cz\/app\/uploads\/2023\/09\/20201212_115941-1536x747.jpg 1536w, https:\/\/rcatering.cz\/app\/uploads\/2023\/09\/20201212_115941-2048x996.jpg 2048w\" sizes=\"auto, (max-width: 1024px) 100vw, 1024px\" \/><\/a><\/figure>\n<\/figure>\n\n<\/div>\n<\/div>","protected":false},"excerpt":{"rendered":"<p>Galerie<\/p>\n","protected":false},"author":1,"featured_media":0,"parent":0,"menu_order":0,"comment_status":"closed","ping_status":"closed","template":"","meta":{"footnotes":""},"class_list":["post-1562","page","type-page","status-publish"],"yoast_head":"<!-- This site is optimized with the Yoast SEO plugin v26.2 - https:\/\/yoast.com\/wordpress\/plugins\/seo\/ -->\n<title>R CATERING - Private Veranstaltungen<\/title>\n<meta name=\"description\" content=\"Es gibt immer einen Anlass zum Feiern. Und damit auch die Gelegenheit, gut zu essen und zu trinken. Wir arrangieren eine private Veranstaltung nach Ihren W\u00fcnschen.\" \/>\n<meta name=\"robots\" content=\"index, follow, max-snippet:-1, max-image-preview:large, max-video-preview:-1\" \/>\n<link rel=\"canonical\" href=\"https:\/\/rcatering.cz\/de\/private-veranstaltungen\/\" \/>\n<meta property=\"og:locale\" content=\"de_DE\" \/>\n<meta property=\"og:type\" content=\"article\" \/>\n<meta property=\"og:title\" content=\"R CATERING - Private Veranstaltungen\" \/>\n<meta property=\"og:description\" content=\"Es gibt immer einen Anlass zum Feiern. Und damit auch die Gelegenheit, gut zu essen und zu trinken. Wir arrangieren eine private Veranstaltung nach Ihren W\u00fcnschen.\" \/>\n<meta property=\"og:url\" content=\"https:\/\/rcatering.cz\/de\/private-veranstaltungen\/\" \/>\n<meta property=\"og:site_name\" content=\"R CATERING\" \/>\n<meta property=\"article:modified_time\" content=\"2024-04-25T14:28:53+00:00\" \/>\n<meta property=\"og:image\" content=\"https:\/\/rcatering.cz\/app\/uploads\/2023\/09\/20230831_164414-scaled-e1694430492167.jpg\" \/>\n<meta name=\"twitter:card\" content=\"summary_large_image\" \/>\n<meta name=\"twitter:label1\" content=\"Gesch\u00e4tzte Lesezeit\" \/>\n\t<meta name=\"twitter:data1\" content=\"4\u00a0Minuten\" \/>\n<script type=\"application\/ld+json\" class=\"yoast-schema-graph\">{\"@context\":\"https:\/\/schema.org\",\"@graph\":[{\"@type\":\"WebPage\",\"@id\":\"https:\/\/rcatering.cz\/de\/private-veranstaltungen\/\",\"url\":\"https:\/\/rcatering.cz\/de\/private-veranstaltungen\/\",\"name\":\"R CATERING - Private Veranstaltungen\",\"isPartOf\":{\"@id\":\"https:\/\/rcatering.cz\/de\/#website\"},\"primaryImageOfPage\":{\"@id\":\"https:\/\/rcatering.cz\/de\/private-veranstaltungen\/#primaryimage\"},\"image\":{\"@id\":\"https:\/\/rcatering.cz\/de\/private-veranstaltungen\/#primaryimage\"},\"thumbnailUrl\":\"https:\/\/rcatering.cz\/app\/uploads\/2023\/09\/20230831_164414-scaled-e1694430492167.jpg\",\"datePublished\":\"2023-09-04T17:50:22+00:00\",\"dateModified\":\"2024-04-25T14:28:53+00:00\",\"description\":\"Es gibt immer einen Anlass zum Feiern. Und damit auch die Gelegenheit, gut zu essen und zu trinken. Wir arrangieren eine private Veranstaltung nach Ihren W\u00fcnschen.\",\"breadcrumb\":{\"@id\":\"https:\/\/rcatering.cz\/de\/private-veranstaltungen\/#breadcrumb\"},\"inLanguage\":\"de\",\"potentialAction\":[{\"@type\":\"ReadAction\",\"target\":[\"https:\/\/rcatering.cz\/de\/private-veranstaltungen\/\"]}]},{\"@type\":\"ImageObject\",\"inLanguage\":\"de\",\"@id\":\"https:\/\/rcatering.cz\/de\/private-veranstaltungen\/#primaryimage\",\"url\":\"https:\/\/rcatering.cz\/app\/uploads\/2023\/09\/20230831_164414-scaled-e1694430492167.jpg\",\"contentUrl\":\"https:\/\/rcatering.cz\/app\/uploads\/2023\/09\/20230831_164414-scaled-e1694430492167.jpg\"},{\"@type\":\"BreadcrumbList\",\"@id\":\"https:\/\/rcatering.cz\/de\/private-veranstaltungen\/#breadcrumb\",\"itemListElement\":[{\"@type\":\"ListItem\",\"position\":1,\"name\":\"Dom\u016f\",\"item\":\"https:\/\/rcatering.cz\/de\/\"},{\"@type\":\"ListItem\",\"position\":2,\"name\":\"Private Veranstaltungen\"}]},{\"@type\":\"WebSite\",\"@id\":\"https:\/\/rcatering.cz\/de\/#website\",\"url\":\"https:\/\/rcatering.cz\/de\/\",\"name\":\"R CATERING\",\"description\":\"\",\"publisher\":{\"@id\":\"https:\/\/rcatering.cz\/de\/#organization\"},\"inLanguage\":\"de\"},{\"@type\":\"Organization\",\"@id\":\"https:\/\/rcatering.cz\/de\/#organization\",\"name\":\"R CATERING\",\"url\":\"https:\/\/rcatering.cz\/de\/\",\"logo\":{\"@type\":\"ImageObject\",\"inLanguage\":\"de\",\"@id\":\"https:\/\/rcatering.cz\/de\/#\/schema\/logo\/image\/\",\"url\":\"https:\/\/rcatering.cz\/app\/uploads\/2024\/04\/bila-2-e1714039805848.png\",\"contentUrl\":\"https:\/\/rcatering.cz\/app\/uploads\/2024\/04\/bila-2-e1714039805848.png\",\"width\":1920,\"height\":1921,\"caption\":\"R CATERING\"},\"image\":{\"@id\":\"https:\/\/rcatering.cz\/de\/#\/schema\/logo\/image\/\"}}]}<\/script>\n<!-- \/ Yoast SEO plugin. -->","yoast_head_json":{"title":"R CATERING - Private Veranstaltungen","description":"Es gibt immer einen Anlass zum Feiern. Und damit auch die Gelegenheit, gut zu essen und zu trinken. Wir arrangieren eine private Veranstaltung nach Ihren W\u00fcnschen.","robots":{"index":"index","follow":"follow","max-snippet":"max-snippet:-1","max-image-preview":"max-image-preview:large","max-video-preview":"max-video-preview:-1"},"canonical":"https:\/\/rcatering.cz\/de\/private-veranstaltungen\/","og_locale":"de_DE","og_type":"article","og_title":"R CATERING - Private Veranstaltungen","og_description":"Es gibt immer einen Anlass zum Feiern. Und damit auch die Gelegenheit, gut zu essen und zu trinken. Wir arrangieren eine private Veranstaltung nach Ihren W\u00fcnschen.","og_url":"https:\/\/rcatering.cz\/de\/private-veranstaltungen\/","og_site_name":"R CATERING","article_modified_time":"2024-04-25T14:28:53+00:00","og_image":[{"url":"https:\/\/rcatering.cz\/app\/uploads\/2023\/09\/20230831_164414-scaled-e1694430492167.jpg","type":"","width":"","height":""}],"twitter_card":"summary_large_image","twitter_misc":{"Gesch\u00e4tzte Lesezeit":"4\u00a0Minuten"},"schema":{"@context":"https:\/\/schema.org","@graph":[{"@type":"WebPage","@id":"https:\/\/rcatering.cz\/de\/private-veranstaltungen\/","url":"https:\/\/rcatering.cz\/de\/private-veranstaltungen\/","name":"R CATERING - Private Veranstaltungen","isPartOf":{"@id":"https:\/\/rcatering.cz\/de\/#website"},"primaryImageOfPage":{"@id":"https:\/\/rcatering.cz\/de\/private-veranstaltungen\/#primaryimage"},"image":{"@id":"https:\/\/rcatering.cz\/de\/private-veranstaltungen\/#primaryimage"},"thumbnailUrl":"https:\/\/rcatering.cz\/app\/uploads\/2023\/09\/20230831_164414-scaled-e1694430492167.jpg","datePublished":"2023-09-04T17:50:22+00:00","dateModified":"2024-04-25T14:28:53+00:00","description":"Es gibt immer einen Anlass zum Feiern. Und damit auch die Gelegenheit, gut zu essen und zu trinken. Wir arrangieren eine private Veranstaltung nach Ihren W\u00fcnschen.","breadcrumb":{"@id":"https:\/\/rcatering.cz\/de\/private-veranstaltungen\/#breadcrumb"},"inLanguage":"de","potentialAction":[{"@type":"ReadAction","target":["https:\/\/rcatering.cz\/de\/private-veranstaltungen\/"]}]},{"@type":"ImageObject","inLanguage":"de","@id":"https:\/\/rcatering.cz\/de\/private-veranstaltungen\/#primaryimage","url":"https:\/\/rcatering.cz\/app\/uploads\/2023\/09\/20230831_164414-scaled-e1694430492167.jpg","contentUrl":"https:\/\/rcatering.cz\/app\/uploads\/2023\/09\/20230831_164414-scaled-e1694430492167.jpg"},{"@type":"BreadcrumbList","@id":"https:\/\/rcatering.cz\/de\/private-veranstaltungen\/#breadcrumb","itemListElement":[{"@type":"ListItem","position":1,"name":"Dom\u016f","item":"https:\/\/rcatering.cz\/de\/"},{"@type":"ListItem","position":2,"name":"Private Veranstaltungen"}]},{"@type":"WebSite","@id":"https:\/\/rcatering.cz\/de\/#website","url":"https:\/\/rcatering.cz\/de\/","name":"R CATERING","description":"","publisher":{"@id":"https:\/\/rcatering.cz\/de\/#organization"},"inLanguage":"de"},{"@type":"Organization","@id":"https:\/\/rcatering.cz\/de\/#organization","name":"R CATERING","url":"https:\/\/rcatering.cz\/de\/","logo":{"@type":"ImageObject","inLanguage":"de","@id":"https:\/\/rcatering.cz\/de\/#\/schema\/logo\/image\/","url":"https:\/\/rcatering.cz\/app\/uploads\/2024\/04\/bila-2-e1714039805848.png","contentUrl":"https:\/\/rcatering.cz\/app\/uploads\/2024\/04\/bila-2-e1714039805848.png","width":1920,"height":1921,"caption":"R CATERING"},"image":{"@id":"https:\/\/rcatering.cz\/de\/#\/schema\/logo\/image\/"}}]}},"_links":{"self":[{"href":"https:\/\/rcatering.cz\/de\/wp-json\/wp\/v2\/pages\/1562","targetHints":{"allow":["GET"]}}],"collection":[{"href":"https:\/\/rcatering.cz\/de\/wp-json\/wp\/v2\/pages"}],"about":[{"href":"https:\/\/rcatering.cz\/de\/wp-json\/wp\/v2\/types\/page"}],"author":[{"embeddable":true,"href":"https:\/\/rcatering.cz\/de\/wp-json\/wp\/v2\/users\/1"}],"replies":[{"embeddable":true,"href":"https:\/\/rcatering.cz\/de\/wp-json\/wp\/v2\/comments?post=1562"}],"version-history":[{"count":4,"href":"https:\/\/rcatering.cz\/de\/wp-json\/wp\/v2\/pages\/1562\/revisions"}],"predecessor-version":[{"id":2536,"href":"https:\/\/rcatering.cz\/de\/wp-json\/wp\/v2\/pages\/1562\/revisions\/2536"}],"wp:attachment":[{"href":"https:\/\/rcatering.cz\/de\/wp-json\/wp\/v2\/media?parent=1562"}],"curies":[{"name":"wp","href":"https:\/\/api.w.org\/{rel}","templated":true}]}}