{"id":1580,"date":"2023-09-04T17:44:36","date_gmt":"2023-09-04T17:44:36","guid":{"rendered":"https:\/\/rcatering.cz\/?page_id=1580"},"modified":"2024-04-25T14:24:32","modified_gmt":"2024-04-25T14:24:32","slug":"betriebsgastronomie","status":"publish","type":"page","link":"https:\/\/rcatering.cz\/de\/betriebsgastronomie\/","title":{"rendered":"Betriebsgastronomie"},"content":{"rendered":"<div class=\"gb-container gb-container-aa6cd72c\">\n<div class=\"gb-container gb-container-557a2960\">\n<div class=\"gb-grid-wrapper gb-grid-wrapper-a66e7a4c\">\n<div class=\"gb-grid-column gb-grid-column-5a8708d4\"><div class=\"gb-container gb-container-5a8708d4\">\n\n<h1 class=\"gb-headline gb-headline-6d15678c gb-headline-text\">Betriebsgastronomie<\/h1>\n\n\n\n<p class=\"gb-headline gb-headline-481cf55f gb-headline-text\">LEBENSMITTELLIEFERUNG IN BR\u00dcNN:<\/p>\n\n\n\n<p class=\"gb-headline gb-headline-cf3a528f gb-headline-text\">Bei Interesse liefern wir Ihnen gerne Lebensmittel direkt in Ihre Firma, Ihr B\u00fcro oder an einen anderen Ort Ihrer Wahl in Br\u00fcnn.<\/p>\n\n\n\n<p class=\"gb-headline gb-headline-f14942aa gb-headline-text\">Unsere Lieferrouten umfassen die folgenden Gebiete:<\/p>\n\n\n\n<ul class=\"wp-block-list\">\n<li>Masaryk-Viertel<\/li>\n\n\n\n<li>\u017dabov\u0159esky<\/li>\n\n\n\n<li>Kr\u00e1lovo Pole<\/li>\n\n\n\n<li>\u010cern\u00e1 Pole<\/li>\n\n\n\n<li>\u0158e\u010dkovice<\/li>\n\n\n\n<li>Medl\u00e1nky<\/li>\n\n\n\n<li>Brno Ivanovice<\/li>\n\n\n\n<li>\u0160t\u00fd\u0159ice<\/li>\n\n\n\n<li>Mod\u0159ice<\/li>\n\n\n\n<li>Jundrov<\/li>\n\n\n\n<li>\u017deb\u011bt\u00edn<\/li>\n\n\n\n<li>Bystrc<\/li>\n\n\n\n<li>Kom\u00edn<\/li>\n\n\n\n<li>Star\u00fd L\u00edskovec<\/li>\n\n\n\n<li>Nov\u00fd L\u00edskovec<\/li>\n\n\n\n<li>Bohunice<\/li>\n\n\n\n<li>Horn\u00ed Her\u0161pice<\/li>\n\n\n\n<li>Doln\u00ed Her\u0161pice<\/li>\n<\/ul>\n\n\n\n<p class=\"gb-headline gb-headline-d6fe1984 gb-headline-text\">Bestellungen f\u00fcr den n\u00e4chsten Tag m\u00fcssen bis sp\u00e4testens 13:00 Uhr erfolgen.<\/p>\n\n\n\n<p class=\"gb-headline gb-headline-903ee201 gb-headline-text\">Derzeit erweitern wir unser Angebot und nehmen neue Kunden auf den Strecken Kr\u00e1lovo Pole und \u010cern\u00e1 Pole auf.<\/p>\n\n\n\n<a class=\"gb-button gb-button-09e428ee gb-button-text\" href=\"https:\/\/rcatering.cz\/de\/kontakt-formular\/\">Anfrage<\/a>\n\n<\/div><\/div>\n\n<div class=\"gb-grid-column gb-grid-column-7b573bc2\"><div class=\"gb-container gb-container-7b573bc2\">\n\n<figure class=\"gb-block-image gb-block-image-dd7db673\"><img loading=\"lazy\" decoding=\"async\" width=\"1244\" height=\"1800\" class=\"gb-image gb-image-dd7db673\" src=\"https:\/\/rcatering.cz\/app\/uploads\/2023\/09\/20210325_074650-scaled-e1694432235406.jpg\" alt=\"R CATERING\" title=\"R CATERING\" srcset=\"https:\/\/rcatering.cz\/app\/uploads\/2023\/09\/20210325_074650-scaled-e1694432235406.jpg 1244w, https:\/\/rcatering.cz\/app\/uploads\/2023\/09\/20210325_074650-scaled-e1694432235406-207x300.jpg 207w, https:\/\/rcatering.cz\/app\/uploads\/2023\/09\/20210325_074650-scaled-e1694432235406-708x1024.jpg 708w, https:\/\/rcatering.cz\/app\/uploads\/2023\/09\/20210325_074650-scaled-e1694432235406-768x1111.jpg 768w, https:\/\/rcatering.cz\/app\/uploads\/2023\/09\/20210325_074650-scaled-e1694432235406-1062x1536.jpg 1062w\" sizes=\"auto, (max-width: 1244px) 100vw, 1244px\" \/><\/figure>\n\n<\/div><\/div>\n<\/div>\n<\/div>\n<\/div>\n\n<div class=\"gb-container gb-container-1acc1d7e\">\n<div class=\"gb-container gb-container-3d062906\">\n\n<h3 class=\"gb-headline gb-headline-94ccdd3b gb-headline-text\">Galerie<\/h3>\n\n\n\n<figure class=\"wp-block-gallery has-nested-images columns-default is-cropped wp-block-gallery-1 is-layout-flex wp-block-gallery-is-layout-flex\">\n<figure class=\"wp-block-image size-large\"><a href=\"https:\/\/rcatering.cz\/app\/uploads\/2023\/09\/20210129_070239-scaled.jpg\"><img loading=\"lazy\" decoding=\"async\" width=\"1024\" height=\"498\" data-id=\"501\" src=\"http:\/\/rcatering.cz\/app\/uploads\/2023\/09\/20210129_070239-1024x498.jpg\" alt=\"\" class=\"wp-image-501\" srcset=\"https:\/\/rcatering.cz\/app\/uploads\/2023\/09\/20210129_070239-1024x498.jpg 1024w, https:\/\/rcatering.cz\/app\/uploads\/2023\/09\/20210129_070239-300x146.jpg 300w, https:\/\/rcatering.cz\/app\/uploads\/2023\/09\/20210129_070239-768x373.jpg 768w, https:\/\/rcatering.cz\/app\/uploads\/2023\/09\/20210129_070239-1536x747.jpg 1536w, https:\/\/rcatering.cz\/app\/uploads\/2023\/09\/20210129_070239-2048x996.jpg 2048w\" sizes=\"auto, (max-width: 1024px) 100vw, 1024px\" \/><\/a><\/figure>\n\n\n\n<figure class=\"wp-block-image size-large\"><a href=\"https:\/\/rcatering.cz\/app\/uploads\/2023\/09\/20210202_071348-scaled.jpg\"><img loading=\"lazy\" decoding=\"async\" width=\"1024\" height=\"498\" data-id=\"502\" src=\"http:\/\/rcatering.cz\/app\/uploads\/2023\/09\/20210202_071348-1024x498.jpg\" alt=\"\" class=\"wp-image-502\" srcset=\"https:\/\/rcatering.cz\/app\/uploads\/2023\/09\/20210202_071348-1024x498.jpg 1024w, https:\/\/rcatering.cz\/app\/uploads\/2023\/09\/20210202_071348-300x146.jpg 300w, https:\/\/rcatering.cz\/app\/uploads\/2023\/09\/20210202_071348-768x373.jpg 768w, https:\/\/rcatering.cz\/app\/uploads\/2023\/09\/20210202_071348-1536x747.jpg 1536w, https:\/\/rcatering.cz\/app\/uploads\/2023\/09\/20210202_071348-2048x996.jpg 2048w\" sizes=\"auto, (max-width: 1024px) 100vw, 1024px\" \/><\/a><\/figure>\n\n\n\n<figure class=\"wp-block-image size-large\"><a href=\"https:\/\/rcatering.cz\/app\/uploads\/2023\/09\/20210219_061105-scaled.jpg\"><img loading=\"lazy\" decoding=\"async\" width=\"1024\" height=\"498\" data-id=\"506\" src=\"http:\/\/rcatering.cz\/app\/uploads\/2023\/09\/20210219_061105-1024x498.jpg\" alt=\"\" class=\"wp-image-506\" srcset=\"https:\/\/rcatering.cz\/app\/uploads\/2023\/09\/20210219_061105-1024x498.jpg 1024w, https:\/\/rcatering.cz\/app\/uploads\/2023\/09\/20210219_061105-300x146.jpg 300w, https:\/\/rcatering.cz\/app\/uploads\/2023\/09\/20210219_061105-768x373.jpg 768w, https:\/\/rcatering.cz\/app\/uploads\/2023\/09\/20210219_061105-1536x747.jpg 1536w, https:\/\/rcatering.cz\/app\/uploads\/2023\/09\/20210219_061105-2048x996.jpg 2048w\" sizes=\"auto, (max-width: 1024px) 100vw, 1024px\" \/><\/a><\/figure>\n\n\n\n<figure class=\"wp-block-image size-large\"><a href=\"https:\/\/rcatering.cz\/app\/uploads\/2023\/09\/20210226_070800-scaled.jpg\"><img loading=\"lazy\" decoding=\"async\" width=\"1024\" height=\"498\" data-id=\"509\" src=\"http:\/\/rcatering.cz\/app\/uploads\/2023\/09\/20210226_070800-1024x498.jpg\" alt=\"\" class=\"wp-image-509\" srcset=\"https:\/\/rcatering.cz\/app\/uploads\/2023\/09\/20210226_070800-1024x498.jpg 1024w, https:\/\/rcatering.cz\/app\/uploads\/2023\/09\/20210226_070800-300x146.jpg 300w, https:\/\/rcatering.cz\/app\/uploads\/2023\/09\/20210226_070800-768x373.jpg 768w, https:\/\/rcatering.cz\/app\/uploads\/2023\/09\/20210226_070800-1536x747.jpg 1536w, https:\/\/rcatering.cz\/app\/uploads\/2023\/09\/20210226_070800-2048x996.jpg 2048w\" sizes=\"auto, (max-width: 1024px) 100vw, 1024px\" \/><\/a><\/figure>\n\n\n\n<figure class=\"wp-block-image size-large\"><a href=\"https:\/\/rcatering.cz\/app\/uploads\/2023\/09\/20210226_071553-scaled.jpg\"><img loading=\"lazy\" decoding=\"async\" width=\"1024\" height=\"498\" data-id=\"511\" src=\"http:\/\/rcatering.cz\/app\/uploads\/2023\/09\/20210226_071553-1024x498.jpg\" alt=\"\" class=\"wp-image-511\" srcset=\"https:\/\/rcatering.cz\/app\/uploads\/2023\/09\/20210226_071553-1024x498.jpg 1024w, https:\/\/rcatering.cz\/app\/uploads\/2023\/09\/20210226_071553-300x146.jpg 300w, https:\/\/rcatering.cz\/app\/uploads\/2023\/09\/20210226_071553-768x373.jpg 768w, https:\/\/rcatering.cz\/app\/uploads\/2023\/09\/20210226_071553-1536x747.jpg 1536w, https:\/\/rcatering.cz\/app\/uploads\/2023\/09\/20210226_071553-2048x996.jpg 2048w\" sizes=\"auto, (max-width: 1024px) 100vw, 1024px\" \/><\/a><\/figure>\n\n\n\n<figure class=\"wp-block-image size-large\"><a href=\"https:\/\/rcatering.cz\/app\/uploads\/2023\/09\/20210412_070248-scaled.jpg\"><img loading=\"lazy\" decoding=\"async\" width=\"1024\" height=\"498\" data-id=\"519\" src=\"http:\/\/rcatering.cz\/app\/uploads\/2023\/09\/20210412_070248-1024x498.jpg\" alt=\"\" class=\"wp-image-519\" srcset=\"https:\/\/rcatering.cz\/app\/uploads\/2023\/09\/20210412_070248-1024x498.jpg 1024w, https:\/\/rcatering.cz\/app\/uploads\/2023\/09\/20210412_070248-300x146.jpg 300w, https:\/\/rcatering.cz\/app\/uploads\/2023\/09\/20210412_070248-768x373.jpg 768w, https:\/\/rcatering.cz\/app\/uploads\/2023\/09\/20210412_070248-1536x747.jpg 1536w, https:\/\/rcatering.cz\/app\/uploads\/2023\/09\/20210412_070248-2048x996.jpg 2048w\" sizes=\"auto, (max-width: 1024px) 100vw, 1024px\" \/><\/a><\/figure>\n\n\n\n<figure class=\"wp-block-image size-large\"><a href=\"https:\/\/rcatering.cz\/app\/uploads\/2023\/09\/20210408_073437-scaled.jpg\"><img loading=\"lazy\" decoding=\"async\" width=\"1024\" height=\"498\" data-id=\"518\" src=\"http:\/\/rcatering.cz\/app\/uploads\/2023\/09\/20210408_073437-1024x498.jpg\" alt=\"\" class=\"wp-image-518\" srcset=\"https:\/\/rcatering.cz\/app\/uploads\/2023\/09\/20210408_073437-1024x498.jpg 1024w, https:\/\/rcatering.cz\/app\/uploads\/2023\/09\/20210408_073437-300x146.jpg 300w, https:\/\/rcatering.cz\/app\/uploads\/2023\/09\/20210408_073437-768x373.jpg 768w, https:\/\/rcatering.cz\/app\/uploads\/2023\/09\/20210408_073437-1536x747.jpg 1536w, https:\/\/rcatering.cz\/app\/uploads\/2023\/09\/20210408_073437-2048x996.jpg 2048w\" sizes=\"auto, (max-width: 1024px) 100vw, 1024px\" \/><\/a><\/figure>\n\n\n\n<figure class=\"wp-block-image size-large\"><a href=\"https:\/\/rcatering.cz\/app\/uploads\/2023\/09\/20210604_073337-scaled.jpg\"><img loading=\"lazy\" decoding=\"async\" width=\"1024\" height=\"461\" data-id=\"524\" src=\"http:\/\/rcatering.cz\/app\/uploads\/2023\/09\/20210604_073337-1024x461.jpg\" alt=\"\" class=\"wp-image-524\" srcset=\"https:\/\/rcatering.cz\/app\/uploads\/2023\/09\/20210604_073337-1024x461.jpg 1024w, https:\/\/rcatering.cz\/app\/uploads\/2023\/09\/20210604_073337-300x135.jpg 300w, https:\/\/rcatering.cz\/app\/uploads\/2023\/09\/20210604_073337-768x346.jpg 768w, https:\/\/rcatering.cz\/app\/uploads\/2023\/09\/20210604_073337-1536x691.jpg 1536w, https:\/\/rcatering.cz\/app\/uploads\/2023\/09\/20210604_073337-2048x922.jpg 2048w\" sizes=\"auto, (max-width: 1024px) 100vw, 1024px\" \/><\/a><\/figure>\n\n\n\n<figure class=\"wp-block-image size-large\"><a href=\"https:\/\/rcatering.cz\/app\/uploads\/2023\/09\/20210115_073709-scaled.jpg\"><img loading=\"lazy\" decoding=\"async\" width=\"1024\" height=\"498\" data-id=\"499\" src=\"http:\/\/rcatering.cz\/app\/uploads\/2023\/09\/20210115_073709-1024x498.jpg\" alt=\"\" class=\"wp-image-499\" srcset=\"https:\/\/rcatering.cz\/app\/uploads\/2023\/09\/20210115_073709-1024x498.jpg 1024w, https:\/\/rcatering.cz\/app\/uploads\/2023\/09\/20210115_073709-300x146.jpg 300w, https:\/\/rcatering.cz\/app\/uploads\/2023\/09\/20210115_073709-768x373.jpg 768w, https:\/\/rcatering.cz\/app\/uploads\/2023\/09\/20210115_073709-1536x747.jpg 1536w, https:\/\/rcatering.cz\/app\/uploads\/2023\/09\/20210115_073709-2048x996.jpg 2048w\" sizes=\"auto, (max-width: 1024px) 100vw, 1024px\" \/><\/a><\/figure>\n<\/figure>\n\n<\/div>\n<\/div>","protected":false},"excerpt":{"rendered":"<p>Galerie<\/p>\n","protected":false},"author":1,"featured_media":0,"parent":0,"menu_order":0,"comment_status":"closed","ping_status":"closed","template":"","meta":{"footnotes":""},"class_list":["post-1580","page","type-page","status-publish"],"yoast_head":"<!-- This site is optimized with the Yoast SEO plugin v26.2 - https:\/\/yoast.com\/wordpress\/plugins\/seo\/ -->\n<title>R CATERING - Betriebsgastronomie<\/title>\n<meta name=\"description\" content=\"Lieferung von Lebensmitteln und Catering f\u00fcr Unternehmen in Br\u00fcnn.\" \/>\n<meta name=\"robots\" content=\"index, follow, max-snippet:-1, max-image-preview:large, max-video-preview:-1\" \/>\n<link rel=\"canonical\" href=\"https:\/\/rcatering.cz\/de\/betriebsgastronomie\/\" \/>\n<meta property=\"og:locale\" content=\"de_DE\" \/>\n<meta property=\"og:type\" content=\"article\" \/>\n<meta property=\"og:title\" content=\"R CATERING - Betriebsgastronomie\" \/>\n<meta property=\"og:description\" content=\"Lieferung von Lebensmitteln und Catering f\u00fcr Unternehmen in Br\u00fcnn.\" \/>\n<meta property=\"og:url\" content=\"https:\/\/rcatering.cz\/de\/betriebsgastronomie\/\" \/>\n<meta property=\"og:site_name\" content=\"R CATERING\" \/>\n<meta property=\"article:modified_time\" content=\"2024-04-25T14:24:32+00:00\" \/>\n<meta property=\"og:image\" content=\"https:\/\/rcatering.cz\/app\/uploads\/2023\/09\/20210325_074650-scaled-e1694432235406.jpg\" \/>\n<meta name=\"twitter:card\" content=\"summary_large_image\" \/>\n<meta name=\"twitter:label1\" content=\"Gesch\u00e4tzte Lesezeit\" \/>\n\t<meta name=\"twitter:data1\" content=\"3\u00a0Minuten\" \/>\n<script type=\"application\/ld+json\" class=\"yoast-schema-graph\">{\"@context\":\"https:\/\/schema.org\",\"@graph\":[{\"@type\":\"WebPage\",\"@id\":\"https:\/\/rcatering.cz\/de\/betriebsgastronomie\/\",\"url\":\"https:\/\/rcatering.cz\/de\/betriebsgastronomie\/\",\"name\":\"R CATERING - Betriebsgastronomie\",\"isPartOf\":{\"@id\":\"https:\/\/rcatering.cz\/de\/#website\"},\"primaryImageOfPage\":{\"@id\":\"https:\/\/rcatering.cz\/de\/betriebsgastronomie\/#primaryimage\"},\"image\":{\"@id\":\"https:\/\/rcatering.cz\/de\/betriebsgastronomie\/#primaryimage\"},\"thumbnailUrl\":\"https:\/\/rcatering.cz\/app\/uploads\/2023\/09\/20210325_074650-scaled-e1694432235406.jpg\",\"datePublished\":\"2023-09-04T17:44:36+00:00\",\"dateModified\":\"2024-04-25T14:24:32+00:00\",\"description\":\"Lieferung von Lebensmitteln und Catering f\u00fcr Unternehmen in Br\u00fcnn.\",\"breadcrumb\":{\"@id\":\"https:\/\/rcatering.cz\/de\/betriebsgastronomie\/#breadcrumb\"},\"inLanguage\":\"de\",\"potentialAction\":[{\"@type\":\"ReadAction\",\"target\":[\"https:\/\/rcatering.cz\/de\/betriebsgastronomie\/\"]}]},{\"@type\":\"ImageObject\",\"inLanguage\":\"de\",\"@id\":\"https:\/\/rcatering.cz\/de\/betriebsgastronomie\/#primaryimage\",\"url\":\"https:\/\/rcatering.cz\/app\/uploads\/2023\/09\/20210325_074650-scaled-e1694432235406.jpg\",\"contentUrl\":\"https:\/\/rcatering.cz\/app\/uploads\/2023\/09\/20210325_074650-scaled-e1694432235406.jpg\"},{\"@type\":\"BreadcrumbList\",\"@id\":\"https:\/\/rcatering.cz\/de\/betriebsgastronomie\/#breadcrumb\",\"itemListElement\":[{\"@type\":\"ListItem\",\"position\":1,\"name\":\"Dom\u016f\",\"item\":\"https:\/\/rcatering.cz\/de\/\"},{\"@type\":\"ListItem\",\"position\":2,\"name\":\"Betriebsgastronomie\"}]},{\"@type\":\"WebSite\",\"@id\":\"https:\/\/rcatering.cz\/de\/#website\",\"url\":\"https:\/\/rcatering.cz\/de\/\",\"name\":\"R CATERING\",\"description\":\"\",\"publisher\":{\"@id\":\"https:\/\/rcatering.cz\/de\/#organization\"},\"inLanguage\":\"de\"},{\"@type\":\"Organization\",\"@id\":\"https:\/\/rcatering.cz\/de\/#organization\",\"name\":\"R CATERING\",\"url\":\"https:\/\/rcatering.cz\/de\/\",\"logo\":{\"@type\":\"ImageObject\",\"inLanguage\":\"de\",\"@id\":\"https:\/\/rcatering.cz\/de\/#\/schema\/logo\/image\/\",\"url\":\"https:\/\/rcatering.cz\/app\/uploads\/2024\/04\/bila-2-e1714039805848.png\",\"contentUrl\":\"https:\/\/rcatering.cz\/app\/uploads\/2024\/04\/bila-2-e1714039805848.png\",\"width\":1920,\"height\":1921,\"caption\":\"R CATERING\"},\"image\":{\"@id\":\"https:\/\/rcatering.cz\/de\/#\/schema\/logo\/image\/\"}}]}<\/script>\n<!-- \/ Yoast SEO plugin. -->","yoast_head_json":{"title":"R CATERING - Betriebsgastronomie","description":"Lieferung von Lebensmitteln und Catering f\u00fcr Unternehmen in Br\u00fcnn.","robots":{"index":"index","follow":"follow","max-snippet":"max-snippet:-1","max-image-preview":"max-image-preview:large","max-video-preview":"max-video-preview:-1"},"canonical":"https:\/\/rcatering.cz\/de\/betriebsgastronomie\/","og_locale":"de_DE","og_type":"article","og_title":"R CATERING - Betriebsgastronomie","og_description":"Lieferung von Lebensmitteln und Catering f\u00fcr Unternehmen in Br\u00fcnn.","og_url":"https:\/\/rcatering.cz\/de\/betriebsgastronomie\/","og_site_name":"R CATERING","article_modified_time":"2024-04-25T14:24:32+00:00","og_image":[{"url":"https:\/\/rcatering.cz\/app\/uploads\/2023\/09\/20210325_074650-scaled-e1694432235406.jpg","type":"","width":"","height":""}],"twitter_card":"summary_large_image","twitter_misc":{"Gesch\u00e4tzte Lesezeit":"3\u00a0Minuten"},"schema":{"@context":"https:\/\/schema.org","@graph":[{"@type":"WebPage","@id":"https:\/\/rcatering.cz\/de\/betriebsgastronomie\/","url":"https:\/\/rcatering.cz\/de\/betriebsgastronomie\/","name":"R CATERING - Betriebsgastronomie","isPartOf":{"@id":"https:\/\/rcatering.cz\/de\/#website"},"primaryImageOfPage":{"@id":"https:\/\/rcatering.cz\/de\/betriebsgastronomie\/#primaryimage"},"image":{"@id":"https:\/\/rcatering.cz\/de\/betriebsgastronomie\/#primaryimage"},"thumbnailUrl":"https:\/\/rcatering.cz\/app\/uploads\/2023\/09\/20210325_074650-scaled-e1694432235406.jpg","datePublished":"2023-09-04T17:44:36+00:00","dateModified":"2024-04-25T14:24:32+00:00","description":"Lieferung von Lebensmitteln und Catering f\u00fcr Unternehmen in Br\u00fcnn.","breadcrumb":{"@id":"https:\/\/rcatering.cz\/de\/betriebsgastronomie\/#breadcrumb"},"inLanguage":"de","potentialAction":[{"@type":"ReadAction","target":["https:\/\/rcatering.cz\/de\/betriebsgastronomie\/"]}]},{"@type":"ImageObject","inLanguage":"de","@id":"https:\/\/rcatering.cz\/de\/betriebsgastronomie\/#primaryimage","url":"https:\/\/rcatering.cz\/app\/uploads\/2023\/09\/20210325_074650-scaled-e1694432235406.jpg","contentUrl":"https:\/\/rcatering.cz\/app\/uploads\/2023\/09\/20210325_074650-scaled-e1694432235406.jpg"},{"@type":"BreadcrumbList","@id":"https:\/\/rcatering.cz\/de\/betriebsgastronomie\/#breadcrumb","itemListElement":[{"@type":"ListItem","position":1,"name":"Dom\u016f","item":"https:\/\/rcatering.cz\/de\/"},{"@type":"ListItem","position":2,"name":"Betriebsgastronomie"}]},{"@type":"WebSite","@id":"https:\/\/rcatering.cz\/de\/#website","url":"https:\/\/rcatering.cz\/de\/","name":"R CATERING","description":"","publisher":{"@id":"https:\/\/rcatering.cz\/de\/#organization"},"inLanguage":"de"},{"@type":"Organization","@id":"https:\/\/rcatering.cz\/de\/#organization","name":"R CATERING","url":"https:\/\/rcatering.cz\/de\/","logo":{"@type":"ImageObject","inLanguage":"de","@id":"https:\/\/rcatering.cz\/de\/#\/schema\/logo\/image\/","url":"https:\/\/rcatering.cz\/app\/uploads\/2024\/04\/bila-2-e1714039805848.png","contentUrl":"https:\/\/rcatering.cz\/app\/uploads\/2024\/04\/bila-2-e1714039805848.png","width":1920,"height":1921,"caption":"R CATERING"},"image":{"@id":"https:\/\/rcatering.cz\/de\/#\/schema\/logo\/image\/"}}]}},"_links":{"self":[{"href":"https:\/\/rcatering.cz\/de\/wp-json\/wp\/v2\/pages\/1580","targetHints":{"allow":["GET"]}}],"collection":[{"href":"https:\/\/rcatering.cz\/de\/wp-json\/wp\/v2\/pages"}],"about":[{"href":"https:\/\/rcatering.cz\/de\/wp-json\/wp\/v2\/types\/page"}],"author":[{"embeddable":true,"href":"https:\/\/rcatering.cz\/de\/wp-json\/wp\/v2\/users\/1"}],"replies":[{"embeddable":true,"href":"https:\/\/rcatering.cz\/de\/wp-json\/wp\/v2\/comments?post=1580"}],"version-history":[{"count":4,"href":"https:\/\/rcatering.cz\/de\/wp-json\/wp\/v2\/pages\/1580\/revisions"}],"predecessor-version":[{"id":2527,"href":"https:\/\/rcatering.cz\/de\/wp-json\/wp\/v2\/pages\/1580\/revisions\/2527"}],"wp:attachment":[{"href":"https:\/\/rcatering.cz\/de\/wp-json\/wp\/v2\/media?parent=1580"}],"curies":[{"name":"wp","href":"https:\/\/api.w.org\/{rel}","templated":true}]}}