{"id":1608,"date":"2023-09-04T17:45:53","date_gmt":"2023-09-04T17:45:53","guid":{"rendered":"https:\/\/rcatering.cz\/?page_id=1608"},"modified":"2023-09-18T13:09:41","modified_gmt":"2023-09-18T13:09:41","slug":"referenz","status":"publish","type":"page","link":"https:\/\/rcatering.cz\/de\/referenz\/","title":{"rendered":"Referenz"},"content":{"rendered":"<div class=\"gb-container gb-container-aa6cd72c\">\n<div class=\"gb-container gb-container-557a2960\">\n<div class=\"gb-grid-wrapper gb-grid-wrapper-a66e7a4c\">\n<div class=\"gb-grid-column gb-grid-column-5a8708d4\"><div class=\"gb-container gb-container-5a8708d4\">\n\n<h1 class=\"gb-headline gb-headline-6d15678c gb-headline-text\">Referenz<\/h1>\n\n\n\n<p class=\"gb-headline gb-headline-20979301 gb-headline-text\">Unsere Kunden w\u00e4hlen uns wegen unserer langj\u00e4hrigen Erfahrung und unserer F\u00e4higkeit, ein hervorragendes Catering-Erlebnis f\u00fcr eine Vielzahl von Veranstaltungen zu bieten. Wir sind flexibel und k\u00f6nnen unser Men\u00fc an ihre Bed\u00fcrfnisse anpassen. Das Vertrauen unserer Kunden spornt uns an, unseren Service st\u00e4ndig zu verbessern und Innovationen in der Catering-Branche voranzutreiben. Sie k\u00f6nnen sich bei jedem Schritt Ihrer Veranstaltung auf uns verlassen, egal ob es sich um ein kleines Bankett oder ein gro\u00dfes Firmenevent handelt.<\/p>\n\n\n\n<p class=\"gb-headline gb-headline-e47c1bae gb-headline-text\">Hier ein kleiner Vorgeschmack:<\/p>\n\n<\/div><\/div>\n<\/div>\n<\/div>\n<\/div>\n\n<div class=\"gb-container gb-container-6d83897f\">\n<div class=\"gb-container gb-container-c6bf860d\">\n<div class=\"gb-grid-wrapper gb-grid-wrapper-bc70fe08\">\n<div class=\"gb-grid-column gb-grid-column-958f8a8f\"><div class=\"gb-container gb-container-958f8a8f\">\n\n<figure class=\"gb-block-image gb-block-image-8b43e383\"><img loading=\"lazy\" decoding=\"async\" width=\"225\" height=\"225\" class=\"gb-image gb-image-8b43e383\" src=\"http:\/\/rcatering.cz\/app\/uploads\/2023\/09\/images.jpg\" alt=\"ZKL Group\" title=\"ZKL Group\" srcset=\"https:\/\/rcatering.cz\/app\/uploads\/2023\/09\/images.jpg 225w, https:\/\/rcatering.cz\/app\/uploads\/2023\/09\/images-150x150.jpg 150w\" sizes=\"auto, (max-width: 225px) 100vw, 225px\" \/><\/figure>\n\n<\/div><\/div>\n\n<div class=\"gb-grid-column gb-grid-column-bf4353cf\"><div class=\"gb-container gb-container-bf4353cf\">\n\n<figure class=\"gb-block-image gb-block-image-82981549\"><img loading=\"lazy\" decoding=\"async\" width=\"251\" height=\"201\" class=\"gb-image gb-image-82981549\" src=\"http:\/\/rcatering.cz\/app\/uploads\/2023\/09\/images.png\" alt=\"VF\" title=\"VF\"\/><\/figure>\n\n<\/div><\/div>\n\n<div class=\"gb-grid-column gb-grid-column-2c3dd8a5\"><div class=\"gb-container gb-container-2c3dd8a5\">\n\n<figure class=\"gb-block-image gb-block-image-3dce1eec\"><img loading=\"lazy\" decoding=\"async\" width=\"200\" height=\"200\" class=\"gb-image gb-image-3dce1eec\" src=\"http:\/\/rcatering.cz\/app\/uploads\/2023\/09\/logo-3.png\" alt=\"BBV\" title=\"BBV\" srcset=\"https:\/\/rcatering.cz\/app\/uploads\/2023\/09\/logo-3.png 200w, https:\/\/rcatering.cz\/app\/uploads\/2023\/09\/logo-3-150x150.png 150w\" sizes=\"auto, (max-width: 200px) 100vw, 200px\" \/><\/figure>\n\n<\/div><\/div>\n\n<div class=\"gb-grid-column gb-grid-column-e7f6ccfe\"><div class=\"gb-container gb-container-e7f6ccfe\">\n\n<figure class=\"gb-block-image gb-block-image-ab1623d6\"><img loading=\"lazy\" decoding=\"async\" width=\"281\" height=\"47\" class=\"gb-image gb-image-ab1623d6\" src=\"http:\/\/rcatering.cz\/app\/uploads\/2023\/09\/logo-cs.png\" alt=\"Masaryk\u016fv onkologick\u00fd \u00fastav\" title=\"Masaryk\u016fv onkologick\u00fd \u00fastav\"\/><\/figure>\n\n<\/div><\/div>\n\n<div class=\"gb-grid-column gb-grid-column-e03363a4\"><div class=\"gb-container gb-container-e03363a4\">\n\n<figure class=\"gb-block-image gb-block-image-32a8db30\"><img loading=\"lazy\" decoding=\"async\" width=\"318\" height=\"159\" class=\"gb-image gb-image-32a8db30\" src=\"http:\/\/rcatering.cz\/app\/uploads\/2023\/09\/stazeny-soubor-1.png\" alt=\"Stroj\u00edrna Oslavany\" title=\"Stroj\u00edrna Oslavany\" srcset=\"https:\/\/rcatering.cz\/app\/uploads\/2023\/09\/stazeny-soubor-1.png 318w, https:\/\/rcatering.cz\/app\/uploads\/2023\/09\/stazeny-soubor-1-300x150.png 300w\" sizes=\"auto, (max-width: 318px) 100vw, 318px\" \/><\/figure>\n\n<\/div><\/div>\n\n<div class=\"gb-grid-column gb-grid-column-8d364692\"><div class=\"gb-container gb-container-8d364692\">\n\n<figure class=\"gb-block-image gb-block-image-6b3f18a8\"><img loading=\"lazy\" decoding=\"async\" width=\"159\" height=\"113\" class=\"gb-image gb-image-6b3f18a8\" src=\"http:\/\/rcatering.cz\/app\/uploads\/2023\/09\/stazeny-soubor-2.png\" alt=\"VUES\" title=\"VUES\"\/><\/figure>\n\n<\/div><\/div>\n\n<div class=\"gb-grid-column gb-grid-column-46c93132\"><div class=\"gb-container gb-container-46c93132\">\n\n<figure class=\"gb-block-image gb-block-image-e9cef63e\"><img loading=\"lazy\" decoding=\"async\" width=\"336\" height=\"150\" class=\"gb-image gb-image-e9cef63e\" src=\"http:\/\/rcatering.cz\/app\/uploads\/2023\/09\/stazeny-soubor-3.png\" alt=\"CEITEC\" title=\"CEITEC\" srcset=\"https:\/\/rcatering.cz\/app\/uploads\/2023\/09\/stazeny-soubor-3.png 336w, https:\/\/rcatering.cz\/app\/uploads\/2023\/09\/stazeny-soubor-3-300x134.png 300w\" sizes=\"auto, (max-width: 336px) 100vw, 336px\" \/><\/figure>\n\n<\/div><\/div>\n\n<div class=\"gb-grid-column gb-grid-column-518fe014\"><div class=\"gb-container gb-container-518fe014\">\n\n<figure class=\"gb-block-image gb-block-image-3b8f78c2\"><img loading=\"lazy\" decoding=\"async\" width=\"220\" height=\"220\" class=\"gb-image gb-image-3b8f78c2\" src=\"http:\/\/rcatering.cz\/app\/uploads\/2023\/09\/stazeny-soubor.png\" alt=\"MASARYKIANA BRUNENSIS UNIVERSITAS\" title=\"MASARYKIANA BRUNENSIS UNIVERSITAS\" srcset=\"https:\/\/rcatering.cz\/app\/uploads\/2023\/09\/stazeny-soubor.png 220w, https:\/\/rcatering.cz\/app\/uploads\/2023\/09\/stazeny-soubor-150x150.png 150w\" sizes=\"auto, (max-width: 220px) 100vw, 220px\" \/><\/figure>\n\n<\/div><\/div>\n<\/div>\n<\/div>\n<\/div>","protected":false},"excerpt":{"rendered":"","protected":false},"author":1,"featured_media":0,"parent":0,"menu_order":0,"comment_status":"closed","ping_status":"closed","template":"","meta":{"footnotes":""},"class_list":["post-1608","page","type-page","status-publish"],"yoast_head":"<!-- This site is optimized with the Yoast SEO plugin v27.6 - https:\/\/yoast.com\/product\/yoast-seo-wordpress\/ -->\n<title>R CATERING - Referenz<\/title>\n<meta name=\"description\" content=\"In der Zeit, in der wir im Catering-Gesch\u00e4ft t\u00e4tig sind, haben wir sowohl im Catering als auch im Corporate Catering viel geleistet. Wir sind Profis in diesem Bereich.\" \/>\n<meta name=\"robots\" content=\"index, follow, max-snippet:-1, max-image-preview:large, max-video-preview:-1\" \/>\n<link rel=\"canonical\" href=\"https:\/\/rcatering.cz\/de\/referenz\/\" \/>\n<meta property=\"og:locale\" content=\"de_DE\" \/>\n<meta property=\"og:type\" content=\"article\" \/>\n<meta property=\"og:title\" content=\"R CATERING - Referenz\" \/>\n<meta property=\"og:description\" content=\"In der Zeit, in der wir im Catering-Gesch\u00e4ft t\u00e4tig sind, haben wir sowohl im Catering als auch im Corporate Catering viel geleistet. Wir sind Profis in diesem Bereich.\" \/>\n<meta property=\"og:url\" content=\"https:\/\/rcatering.cz\/de\/referenz\/\" \/>\n<meta property=\"og:site_name\" content=\"R CATERING\" \/>\n<meta property=\"article:modified_time\" content=\"2023-09-18T13:09:41+00:00\" \/>\n<meta property=\"og:image\" content=\"http:\/\/rcatering.cz\/app\/uploads\/2023\/09\/images.jpg\" \/>\n<meta name=\"twitter:card\" content=\"summary_large_image\" \/>\n<meta name=\"twitter:label1\" content=\"Gesch\u00e4tzte Lesezeit\" \/>\n\t<meta name=\"twitter:data1\" content=\"3\u00a0Minuten\" \/>\n<script type=\"application\/ld+json\" class=\"yoast-schema-graph\">{\"@context\":\"https:\\\/\\\/schema.org\",\"@graph\":[{\"@type\":\"WebPage\",\"@id\":\"https:\\\/\\\/rcatering.cz\\\/de\\\/referenz\\\/\",\"url\":\"https:\\\/\\\/rcatering.cz\\\/de\\\/referenz\\\/\",\"name\":\"R CATERING - Referenz\",\"isPartOf\":{\"@id\":\"https:\\\/\\\/rcatering.cz\\\/de\\\/#website\"},\"primaryImageOfPage\":{\"@id\":\"https:\\\/\\\/rcatering.cz\\\/de\\\/referenz\\\/#primaryimage\"},\"image\":{\"@id\":\"https:\\\/\\\/rcatering.cz\\\/de\\\/referenz\\\/#primaryimage\"},\"thumbnailUrl\":\"http:\\\/\\\/rcatering.cz\\\/app\\\/uploads\\\/2023\\\/09\\\/images.jpg\",\"datePublished\":\"2023-09-04T17:45:53+00:00\",\"dateModified\":\"2023-09-18T13:09:41+00:00\",\"description\":\"In der Zeit, in der wir im Catering-Gesch\u00e4ft t\u00e4tig sind, haben wir sowohl im Catering als auch im Corporate Catering viel geleistet. Wir sind Profis in diesem Bereich.\",\"breadcrumb\":{\"@id\":\"https:\\\/\\\/rcatering.cz\\\/de\\\/referenz\\\/#breadcrumb\"},\"inLanguage\":\"de\",\"potentialAction\":[{\"@type\":\"ReadAction\",\"target\":[\"https:\\\/\\\/rcatering.cz\\\/de\\\/referenz\\\/\"]}]},{\"@type\":\"ImageObject\",\"inLanguage\":\"de\",\"@id\":\"https:\\\/\\\/rcatering.cz\\\/de\\\/referenz\\\/#primaryimage\",\"url\":\"http:\\\/\\\/rcatering.cz\\\/app\\\/uploads\\\/2023\\\/09\\\/images.jpg\",\"contentUrl\":\"http:\\\/\\\/rcatering.cz\\\/app\\\/uploads\\\/2023\\\/09\\\/images.jpg\"},{\"@type\":\"BreadcrumbList\",\"@id\":\"https:\\\/\\\/rcatering.cz\\\/de\\\/referenz\\\/#breadcrumb\",\"itemListElement\":[{\"@type\":\"ListItem\",\"position\":1,\"name\":\"Dom\u016f\",\"item\":\"https:\\\/\\\/rcatering.cz\\\/de\\\/\"},{\"@type\":\"ListItem\",\"position\":2,\"name\":\"Referenz\"}]},{\"@type\":\"WebSite\",\"@id\":\"https:\\\/\\\/rcatering.cz\\\/de\\\/#website\",\"url\":\"https:\\\/\\\/rcatering.cz\\\/de\\\/\",\"name\":\"R CATERING\",\"description\":\"\",\"publisher\":{\"@id\":\"https:\\\/\\\/rcatering.cz\\\/de\\\/#organization\"},\"inLanguage\":\"de\"},{\"@type\":\"Organization\",\"@id\":\"https:\\\/\\\/rcatering.cz\\\/de\\\/#organization\",\"name\":\"R CATERING\",\"url\":\"https:\\\/\\\/rcatering.cz\\\/de\\\/\",\"logo\":{\"@type\":\"ImageObject\",\"inLanguage\":\"de\",\"@id\":\"https:\\\/\\\/rcatering.cz\\\/de\\\/#\\\/schema\\\/logo\\\/image\\\/\",\"url\":\"https:\\\/\\\/rcatering.cz\\\/app\\\/uploads\\\/2024\\\/04\\\/bila-2-e1714039805848.png\",\"contentUrl\":\"https:\\\/\\\/rcatering.cz\\\/app\\\/uploads\\\/2024\\\/04\\\/bila-2-e1714039805848.png\",\"width\":1920,\"height\":1921,\"caption\":\"R CATERING\"},\"image\":{\"@id\":\"https:\\\/\\\/rcatering.cz\\\/de\\\/#\\\/schema\\\/logo\\\/image\\\/\"}}]}<\/script>\n<!-- \/ Yoast SEO plugin. -->","yoast_head_json":{"title":"R CATERING - Referenz","description":"In der Zeit, in der wir im Catering-Gesch\u00e4ft t\u00e4tig sind, haben wir sowohl im Catering als auch im Corporate Catering viel geleistet. Wir sind Profis in diesem Bereich.","robots":{"index":"index","follow":"follow","max-snippet":"max-snippet:-1","max-image-preview":"max-image-preview:large","max-video-preview":"max-video-preview:-1"},"canonical":"https:\/\/rcatering.cz\/de\/referenz\/","og_locale":"de_DE","og_type":"article","og_title":"R CATERING - Referenz","og_description":"In der Zeit, in der wir im Catering-Gesch\u00e4ft t\u00e4tig sind, haben wir sowohl im Catering als auch im Corporate Catering viel geleistet. Wir sind Profis in diesem Bereich.","og_url":"https:\/\/rcatering.cz\/de\/referenz\/","og_site_name":"R CATERING","article_modified_time":"2023-09-18T13:09:41+00:00","og_image":[{"url":"http:\/\/rcatering.cz\/app\/uploads\/2023\/09\/images.jpg","type":"","width":"","height":""}],"twitter_card":"summary_large_image","twitter_misc":{"Gesch\u00e4tzte Lesezeit":"3\u00a0Minuten"},"schema":{"@context":"https:\/\/schema.org","@graph":[{"@type":"WebPage","@id":"https:\/\/rcatering.cz\/de\/referenz\/","url":"https:\/\/rcatering.cz\/de\/referenz\/","name":"R CATERING - Referenz","isPartOf":{"@id":"https:\/\/rcatering.cz\/de\/#website"},"primaryImageOfPage":{"@id":"https:\/\/rcatering.cz\/de\/referenz\/#primaryimage"},"image":{"@id":"https:\/\/rcatering.cz\/de\/referenz\/#primaryimage"},"thumbnailUrl":"http:\/\/rcatering.cz\/app\/uploads\/2023\/09\/images.jpg","datePublished":"2023-09-04T17:45:53+00:00","dateModified":"2023-09-18T13:09:41+00:00","description":"In der Zeit, in der wir im Catering-Gesch\u00e4ft t\u00e4tig sind, haben wir sowohl im Catering als auch im Corporate Catering viel geleistet. Wir sind Profis in diesem Bereich.","breadcrumb":{"@id":"https:\/\/rcatering.cz\/de\/referenz\/#breadcrumb"},"inLanguage":"de","potentialAction":[{"@type":"ReadAction","target":["https:\/\/rcatering.cz\/de\/referenz\/"]}]},{"@type":"ImageObject","inLanguage":"de","@id":"https:\/\/rcatering.cz\/de\/referenz\/#primaryimage","url":"http:\/\/rcatering.cz\/app\/uploads\/2023\/09\/images.jpg","contentUrl":"http:\/\/rcatering.cz\/app\/uploads\/2023\/09\/images.jpg"},{"@type":"BreadcrumbList","@id":"https:\/\/rcatering.cz\/de\/referenz\/#breadcrumb","itemListElement":[{"@type":"ListItem","position":1,"name":"Dom\u016f","item":"https:\/\/rcatering.cz\/de\/"},{"@type":"ListItem","position":2,"name":"Referenz"}]},{"@type":"WebSite","@id":"https:\/\/rcatering.cz\/de\/#website","url":"https:\/\/rcatering.cz\/de\/","name":"R CATERING","description":"","publisher":{"@id":"https:\/\/rcatering.cz\/de\/#organization"},"inLanguage":"de"},{"@type":"Organization","@id":"https:\/\/rcatering.cz\/de\/#organization","name":"R CATERING","url":"https:\/\/rcatering.cz\/de\/","logo":{"@type":"ImageObject","inLanguage":"de","@id":"https:\/\/rcatering.cz\/de\/#\/schema\/logo\/image\/","url":"https:\/\/rcatering.cz\/app\/uploads\/2024\/04\/bila-2-e1714039805848.png","contentUrl":"https:\/\/rcatering.cz\/app\/uploads\/2024\/04\/bila-2-e1714039805848.png","width":1920,"height":1921,"caption":"R CATERING"},"image":{"@id":"https:\/\/rcatering.cz\/de\/#\/schema\/logo\/image\/"}}]}},"_links":{"self":[{"href":"https:\/\/rcatering.cz\/de\/wp-json\/wp\/v2\/pages\/1608","targetHints":{"allow":["GET"]}}],"collection":[{"href":"https:\/\/rcatering.cz\/de\/wp-json\/wp\/v2\/pages"}],"about":[{"href":"https:\/\/rcatering.cz\/de\/wp-json\/wp\/v2\/types\/page"}],"author":[{"embeddable":true,"href":"https:\/\/rcatering.cz\/de\/wp-json\/wp\/v2\/users\/1"}],"replies":[{"embeddable":true,"href":"https:\/\/rcatering.cz\/de\/wp-json\/wp\/v2\/comments?post=1608"}],"version-history":[{"count":1,"href":"https:\/\/rcatering.cz\/de\/wp-json\/wp\/v2\/pages\/1608\/revisions"}],"predecessor-version":[{"id":1609,"href":"https:\/\/rcatering.cz\/de\/wp-json\/wp\/v2\/pages\/1608\/revisions\/1609"}],"wp:attachment":[{"href":"https:\/\/rcatering.cz\/de\/wp-json\/wp\/v2\/media?parent=1608"}],"curies":[{"name":"wp","href":"https:\/\/api.w.org\/{rel}","templated":true}]}}