{"id":1615,"date":"2023-09-04T17:49:21","date_gmt":"2023-09-04T17:49:21","guid":{"rendered":"https:\/\/rcatering.cz\/?page_id=1615"},"modified":"2026-01-22T09:11:11","modified_gmt":"2026-01-22T09:11:11","slug":"kontaktseite","status":"publish","type":"page","link":"https:\/\/rcatering.cz\/de\/kontaktseite\/","title":{"rendered":"Kontakt"},"content":{"rendered":"<div class=\"gb-container gb-container-f269c8f4\">\n<div class=\"gb-container gb-container-0adca6eb\">\n<div class=\"gb-grid-wrapper gb-grid-wrapper-ee3fa298\">\n<div class=\"gb-grid-column gb-grid-column-dbbdc3b5\"><div class=\"gb-container gb-container-dbbdc3b5\">\n\n<h1 class=\"gb-headline gb-headline-b258286c gb-headline-text\">Sind Sie an unseren Dienstleistungen interessiert? Z\u00f6gern Sie nicht, uns zu kontaktieren.<\/h1>\n\n\n<div class=\"gb-grid-wrapper gb-grid-wrapper-8841db71\">\n<div class=\"gb-grid-column gb-grid-column-8550b2d0\"><div class=\"gb-container gb-container-8550b2d0\">\n\n<p>V\u00fdstavi\u0161t\u011b 405\/1,<br>603 00 Brno,<br>Halle A3, 4. Stock<br>ID: 29260965<br>MEHRWERTSTEUER: CZ29260965<br>Aktenzeichen: C 68947<br>eingereicht beim Bezirksgericht in Br\u00fcnn<\/p>\n\n<\/div><\/div>\n\n<div class=\"gb-grid-column gb-grid-column-4634728a\"><div class=\"gb-container gb-container-4634728a\">\n\n<figure class=\"gb-block-image gb-block-image-e8fb1654\"><img loading=\"lazy\" decoding=\"async\" width=\"768\" height=\"572\" class=\"gb-image gb-image-e8fb1654\" src=\"http:\/\/rcatering.cz\/app\/uploads\/2023\/09\/recepce-bvv-768x572-1.png\" alt=\"\" srcset=\"https:\/\/rcatering.cz\/app\/uploads\/2023\/09\/recepce-bvv-768x572-1.png 768w, https:\/\/rcatering.cz\/app\/uploads\/2023\/09\/recepce-bvv-768x572-1-300x223.png 300w\" sizes=\"auto, (max-width: 768px) 100vw, 768px\" \/><\/figure>\n\n<\/div><\/div>\n<\/div>\n\n\n<p class=\"gb-headline gb-headline-8647c13c gb-headline-text\">Bank: \u010ceskoslovensk\u00e1 obchodn\u00ed banka<br>EURO Account: 287377760\/0300<br>SWIFT: CEKOCZPP<br>IBAN: CZ4303000000000283231748<\/p>\n\n<\/div><\/div>\n\n<div class=\"gb-grid-column gb-grid-column-b9b6fad4\"><div class=\"gb-container gb-container-b9b6fad4\">\n\n<iframe src=\"https:\/\/www.google.com\/maps\/embed?pb=!1m14!1m8!1m3!1d5215.357633081345!2d16.581583!3d49.187681!3m2!1i1024!2i768!4f13.1!3m3!1m2!1s0x471295cb2d0e8217%3A0x658c467ff7d20de7!2sRYCHL%C3%8DK%20CATERING%20s.r.o.!5e0!3m2!1scs!2sus!4v1694067895708!5m2!1scs!2sus\" width=\"6000\" height=\"500\" style=\"border:0;\" allowfullscreen=\"\" loading=\"lazy\" referrerpolicy=\"no-referrer-when-downgrade\"><\/iframe>\n\n<\/div><\/div>\n<\/div>\n<\/div>\n<\/div>\n\n<div class=\"gb-container gb-container-a324799e\">\n<div class=\"gb-container gb-container-d7c2c005\">\n<div class=\"gb-grid-wrapper gb-grid-wrapper-c7f67c83\">\n<div class=\"gb-grid-column gb-grid-column-8d641fe8\"><div class=\"gb-container gb-container-8d641fe8\">\n\n<p class=\"gb-headline gb-headline-5bed2c89 gb-headline-text\"><strong>Pavel Rychl\u00edk<\/strong><br>CEO<\/p>\n\n\n\n<p class=\"gb-headline gb-headline-3cbc8fe6 gb-headline-text\"><br>info@rcatering.cz<\/p>\n\n<\/div><\/div>\n\n<div class=\"gb-grid-column gb-grid-column-3db457fa\"><div class=\"gb-container gb-container-3db457fa\">\n\n<p class=\"gb-headline gb-headline-3a0e25a6 gb-headline-text\"><strong>Krist\u00fdna Rychl\u00edkov\u00e1<br><\/strong>CEO, Direktor f\u00fcr Cateringdienste<\/p>\n\n\n\n<p class=\"gb-headline gb-headline-64845fef gb-headline-text\">+420 721 165 676<br>kristyna.rychlikova@rcatering.cz<\/p>\n\n<\/div><\/div>\n\n<div class=\"gb-grid-column gb-grid-column-f834cdff\"><div class=\"gb-container gb-container-f834cdff\">\n\n<p class=\"gb-headline gb-headline-683e629e gb-headline-text\"><strong>Pavl\u00edna Kytlicov\u00e1<br><\/strong>Betriebsverpflegung, Lieferung von Mittagessen, Rechnungsstellung, Essensgutscheine<\/p>\n\n\n\n<p>     +420 723 721 888 ucetni@rcatering.cz<br><\/p>\n\n\n\n<p class=\"gb-headline gb-headline-1e42a5d0 gb-headline-text\">Rechnung<br>ucetni@rcatering.cz<\/p>\n\n<\/div><\/div>\n\n<div class=\"gb-grid-column gb-grid-column-242359e5\"><div class=\"gb-container gb-container-242359e5\">\n<div class=\"gb-grid-wrapper gb-grid-wrapper-e40e16b0\">\n<div class=\"gb-grid-column gb-grid-column-4c634866\"><div class=\"gb-container gb-container-4c634866\">\n\n<p class=\"gb-headline gb-headline-59d5cc02 gb-headline-text\"><strong>Bed\u0159ich Crha<br><\/strong>Versorgung der St\u00e4nde w\u00e4hrend der Messe<\/p>\n\n\n\n<p class=\"gb-headline gb-headline-eb2f65ed gb-headline-text\">+420 725 741 082<br>catering@rcatering.cz<\/p>\n\n<\/div><\/div>\n\n<div class=\"gb-grid-column gb-grid-column-1cd8ecf1\"><div class=\"gb-container gb-container-1cd8ecf1\">\n\n<h2 class=\"gb-headline gb-headline-5a0a6212 gb-headline-text\">Versorgung der St\u00e4nde w\u00e4hrend der Messe<\/h2>\n\n\n\n<p class=\"gb-headline gb-headline-b5a48e08 gb-headline-text\">Wenn Sie an Erfrischungen auf der Messe interessiert sind, f\u00fcllen Sie bitte dieses Formular aus und wenden Sie sich dann an unsere Mitarbeiter.<\/p>\n\n\n\n<a class=\"gb-button gb-button-c7fff81e gb-button-text\" href=\"https:\/\/rcatering.cz\/app\/uploads\/2026\/01\/Objednavkovy-blok-AJ-2026.xlsx\">Formular<\/a>\n\n<\/div><\/div>\n<\/div>\n<\/div><\/div>\n<\/div>\n<\/div>\n<\/div>","protected":false},"excerpt":{"rendered":"","protected":false},"author":1,"featured_media":0,"parent":0,"menu_order":0,"comment_status":"closed","ping_status":"closed","template":"","meta":{"footnotes":""},"class_list":["post-1615","page","type-page","status-publish"],"yoast_head":"<!-- This site is optimized with the Yoast SEO plugin v26.2 - https:\/\/yoast.com\/wordpress\/plugins\/seo\/ -->\n<title>Kontaktinformationen f\u00fcr R CATERING.<\/title>\n<meta name=\"description\" content=\"Kontaktinformationen f\u00fcr unser Unternehmen. Wir befassen uns mit Catering-Dienstleistungen, Catering und Corporate Catering. Wir arbeiten nicht nur in Br\u00fcnn.\" \/>\n<meta name=\"robots\" content=\"index, follow, max-snippet:-1, max-image-preview:large, max-video-preview:-1\" \/>\n<link rel=\"canonical\" href=\"https:\/\/rcatering.cz\/de\/kontaktseite\/\" \/>\n<meta property=\"og:locale\" content=\"de_DE\" \/>\n<meta property=\"og:type\" content=\"article\" \/>\n<meta property=\"og:title\" content=\"Kontaktinformationen f\u00fcr R CATERING.\" \/>\n<meta property=\"og:description\" content=\"Kontaktinformationen f\u00fcr unser Unternehmen. Wir befassen uns mit Catering-Dienstleistungen, Catering und Corporate Catering. Wir arbeiten nicht nur in Br\u00fcnn.\" \/>\n<meta property=\"og:url\" content=\"https:\/\/rcatering.cz\/de\/kontaktseite\/\" \/>\n<meta property=\"og:site_name\" content=\"R CATERING\" \/>\n<meta property=\"article:modified_time\" content=\"2026-01-22T09:11:11+00:00\" \/>\n<meta property=\"og:image\" content=\"http:\/\/rcatering.cz\/app\/uploads\/2023\/09\/recepce-bvv-768x572-1.png\" \/>\n<meta name=\"twitter:card\" content=\"summary_large_image\" \/>\n<meta name=\"twitter:label1\" content=\"Gesch\u00e4tzte Lesezeit\" \/>\n\t<meta name=\"twitter:data1\" content=\"1\u00a0Minute\" \/>\n<script type=\"application\/ld+json\" class=\"yoast-schema-graph\">{\"@context\":\"https:\/\/schema.org\",\"@graph\":[{\"@type\":\"WebPage\",\"@id\":\"https:\/\/rcatering.cz\/de\/kontaktseite\/\",\"url\":\"https:\/\/rcatering.cz\/de\/kontaktseite\/\",\"name\":\"Kontaktinformationen f\u00fcr R CATERING.\",\"isPartOf\":{\"@id\":\"https:\/\/rcatering.cz\/de\/#website\"},\"primaryImageOfPage\":{\"@id\":\"https:\/\/rcatering.cz\/de\/kontaktseite\/#primaryimage\"},\"image\":{\"@id\":\"https:\/\/rcatering.cz\/de\/kontaktseite\/#primaryimage\"},\"thumbnailUrl\":\"http:\/\/rcatering.cz\/app\/uploads\/2023\/09\/recepce-bvv-768x572-1.png\",\"datePublished\":\"2023-09-04T17:49:21+00:00\",\"dateModified\":\"2026-01-22T09:11:11+00:00\",\"description\":\"Kontaktinformationen f\u00fcr unser Unternehmen. Wir befassen uns mit Catering-Dienstleistungen, Catering und Corporate Catering. Wir arbeiten nicht nur in Br\u00fcnn.\",\"breadcrumb\":{\"@id\":\"https:\/\/rcatering.cz\/de\/kontaktseite\/#breadcrumb\"},\"inLanguage\":\"de\",\"potentialAction\":[{\"@type\":\"ReadAction\",\"target\":[\"https:\/\/rcatering.cz\/de\/kontaktseite\/\"]}]},{\"@type\":\"ImageObject\",\"inLanguage\":\"de\",\"@id\":\"https:\/\/rcatering.cz\/de\/kontaktseite\/#primaryimage\",\"url\":\"http:\/\/rcatering.cz\/app\/uploads\/2023\/09\/recepce-bvv-768x572-1.png\",\"contentUrl\":\"http:\/\/rcatering.cz\/app\/uploads\/2023\/09\/recepce-bvv-768x572-1.png\"},{\"@type\":\"BreadcrumbList\",\"@id\":\"https:\/\/rcatering.cz\/de\/kontaktseite\/#breadcrumb\",\"itemListElement\":[{\"@type\":\"ListItem\",\"position\":1,\"name\":\"Dom\u016f\",\"item\":\"https:\/\/rcatering.cz\/de\/\"},{\"@type\":\"ListItem\",\"position\":2,\"name\":\"Kontakt\"}]},{\"@type\":\"WebSite\",\"@id\":\"https:\/\/rcatering.cz\/de\/#website\",\"url\":\"https:\/\/rcatering.cz\/de\/\",\"name\":\"R CATERING\",\"description\":\"\",\"publisher\":{\"@id\":\"https:\/\/rcatering.cz\/de\/#organization\"},\"inLanguage\":\"de\"},{\"@type\":\"Organization\",\"@id\":\"https:\/\/rcatering.cz\/de\/#organization\",\"name\":\"R CATERING\",\"url\":\"https:\/\/rcatering.cz\/de\/\",\"logo\":{\"@type\":\"ImageObject\",\"inLanguage\":\"de\",\"@id\":\"https:\/\/rcatering.cz\/de\/#\/schema\/logo\/image\/\",\"url\":\"https:\/\/rcatering.cz\/app\/uploads\/2024\/04\/bila-2-e1714039805848.png\",\"contentUrl\":\"https:\/\/rcatering.cz\/app\/uploads\/2024\/04\/bila-2-e1714039805848.png\",\"width\":1920,\"height\":1921,\"caption\":\"R CATERING\"},\"image\":{\"@id\":\"https:\/\/rcatering.cz\/de\/#\/schema\/logo\/image\/\"}}]}<\/script>\n<!-- \/ Yoast SEO plugin. -->","yoast_head_json":{"title":"Kontaktinformationen f\u00fcr R CATERING.","description":"Kontaktinformationen f\u00fcr unser Unternehmen. Wir befassen uns mit Catering-Dienstleistungen, Catering und Corporate Catering. Wir arbeiten nicht nur in Br\u00fcnn.","robots":{"index":"index","follow":"follow","max-snippet":"max-snippet:-1","max-image-preview":"max-image-preview:large","max-video-preview":"max-video-preview:-1"},"canonical":"https:\/\/rcatering.cz\/de\/kontaktseite\/","og_locale":"de_DE","og_type":"article","og_title":"Kontaktinformationen f\u00fcr R CATERING.","og_description":"Kontaktinformationen f\u00fcr unser Unternehmen. Wir befassen uns mit Catering-Dienstleistungen, Catering und Corporate Catering. Wir arbeiten nicht nur in Br\u00fcnn.","og_url":"https:\/\/rcatering.cz\/de\/kontaktseite\/","og_site_name":"R CATERING","article_modified_time":"2026-01-22T09:11:11+00:00","og_image":[{"url":"http:\/\/rcatering.cz\/app\/uploads\/2023\/09\/recepce-bvv-768x572-1.png","type":"","width":"","height":""}],"twitter_card":"summary_large_image","twitter_misc":{"Gesch\u00e4tzte Lesezeit":"1\u00a0Minute"},"schema":{"@context":"https:\/\/schema.org","@graph":[{"@type":"WebPage","@id":"https:\/\/rcatering.cz\/de\/kontaktseite\/","url":"https:\/\/rcatering.cz\/de\/kontaktseite\/","name":"Kontaktinformationen f\u00fcr R CATERING.","isPartOf":{"@id":"https:\/\/rcatering.cz\/de\/#website"},"primaryImageOfPage":{"@id":"https:\/\/rcatering.cz\/de\/kontaktseite\/#primaryimage"},"image":{"@id":"https:\/\/rcatering.cz\/de\/kontaktseite\/#primaryimage"},"thumbnailUrl":"http:\/\/rcatering.cz\/app\/uploads\/2023\/09\/recepce-bvv-768x572-1.png","datePublished":"2023-09-04T17:49:21+00:00","dateModified":"2026-01-22T09:11:11+00:00","description":"Kontaktinformationen f\u00fcr unser Unternehmen. Wir befassen uns mit Catering-Dienstleistungen, Catering und Corporate Catering. Wir arbeiten nicht nur in Br\u00fcnn.","breadcrumb":{"@id":"https:\/\/rcatering.cz\/de\/kontaktseite\/#breadcrumb"},"inLanguage":"de","potentialAction":[{"@type":"ReadAction","target":["https:\/\/rcatering.cz\/de\/kontaktseite\/"]}]},{"@type":"ImageObject","inLanguage":"de","@id":"https:\/\/rcatering.cz\/de\/kontaktseite\/#primaryimage","url":"http:\/\/rcatering.cz\/app\/uploads\/2023\/09\/recepce-bvv-768x572-1.png","contentUrl":"http:\/\/rcatering.cz\/app\/uploads\/2023\/09\/recepce-bvv-768x572-1.png"},{"@type":"BreadcrumbList","@id":"https:\/\/rcatering.cz\/de\/kontaktseite\/#breadcrumb","itemListElement":[{"@type":"ListItem","position":1,"name":"Dom\u016f","item":"https:\/\/rcatering.cz\/de\/"},{"@type":"ListItem","position":2,"name":"Kontakt"}]},{"@type":"WebSite","@id":"https:\/\/rcatering.cz\/de\/#website","url":"https:\/\/rcatering.cz\/de\/","name":"R CATERING","description":"","publisher":{"@id":"https:\/\/rcatering.cz\/de\/#organization"},"inLanguage":"de"},{"@type":"Organization","@id":"https:\/\/rcatering.cz\/de\/#organization","name":"R CATERING","url":"https:\/\/rcatering.cz\/de\/","logo":{"@type":"ImageObject","inLanguage":"de","@id":"https:\/\/rcatering.cz\/de\/#\/schema\/logo\/image\/","url":"https:\/\/rcatering.cz\/app\/uploads\/2024\/04\/bila-2-e1714039805848.png","contentUrl":"https:\/\/rcatering.cz\/app\/uploads\/2024\/04\/bila-2-e1714039805848.png","width":1920,"height":1921,"caption":"R CATERING"},"image":{"@id":"https:\/\/rcatering.cz\/de\/#\/schema\/logo\/image\/"}}]}},"_links":{"self":[{"href":"https:\/\/rcatering.cz\/de\/wp-json\/wp\/v2\/pages\/1615","targetHints":{"allow":["GET"]}}],"collection":[{"href":"https:\/\/rcatering.cz\/de\/wp-json\/wp\/v2\/pages"}],"about":[{"href":"https:\/\/rcatering.cz\/de\/wp-json\/wp\/v2\/types\/page"}],"author":[{"embeddable":true,"href":"https:\/\/rcatering.cz\/de\/wp-json\/wp\/v2\/users\/1"}],"replies":[{"embeddable":true,"href":"https:\/\/rcatering.cz\/de\/wp-json\/wp\/v2\/comments?post=1615"}],"version-history":[{"count":18,"href":"https:\/\/rcatering.cz\/de\/wp-json\/wp\/v2\/pages\/1615\/revisions"}],"predecessor-version":[{"id":3187,"href":"https:\/\/rcatering.cz\/de\/wp-json\/wp\/v2\/pages\/1615\/revisions\/3187"}],"wp:attachment":[{"href":"https:\/\/rcatering.cz\/de\/wp-json\/wp\/v2\/media?parent=1615"}],"curies":[{"name":"wp","href":"https:\/\/api.w.org\/{rel}","templated":true}]}}