{"id":2582,"date":"2023-09-27T12:12:37","date_gmt":"2023-09-27T12:12:37","guid":{"rendered":"https:\/\/rcatering.cz\/?page_id=2582"},"modified":"2024-04-25T20:51:11","modified_gmt":"2024-04-25T20:51:11","slug":"erklaerung-zum-schutz-personenbezogener-daten","status":"publish","type":"page","link":"https:\/\/rcatering.cz\/de\/erklaerung-zum-schutz-personenbezogener-daten\/","title":{"rendered":"Erkl\u00e4rung zum Schutz personenbezogener Daten"},"content":{"rendered":"\n<p class=\"gb-headline gb-headline-5d8e77af gb-headline-text\">Mit dem Absenden des Kontaktformulars erteile ich dem Administrator der Website des Vereins: R CATERING s.r.o., V\u00fdstavi\u0161t\u011b 405\/1, Pis\u00e1rky, 603 00 Brno, Tschechische Republik, I\u010c: 29260965 (im Folgenden als Administrator bezeichnet) die Zustimmung dazu Verarbeitung meiner personenbezogenen Daten im erforderlichen Umfang gem\u00e4\u00df der Verordnung (EU) 2016\/679 (DSGVO) zum Schutz personenbezogener Daten in der jeweils g\u00fcltigen Fassung.<\/p>\n\n\n\n<p class=\"gb-headline gb-headline-2094f4ae gb-headline-text\">Ich erteile meine Einwilligung freiwillig auf unbestimmte Zeit und erkl\u00e4re, dass die von mir gemachten Angaben wahrheitsgem\u00e4\u00df und zutreffend sind.<\/p>\n\n\n\n<p class=\"gb-headline gb-headline-542b0ded gb-headline-text\">Die Einwilligung kann jederzeit schriftlich an die Adresse des Administrators oder per E-Mail an die Adresse <a href=\"mailto:info@rcatering.cz\">info@rcatering.cz<\/a> widerrufen werden.<\/p>\n\n\n\n<p class=\"gb-headline gb-headline-90ec0870 gb-headline-text\">Der Administrator erkl\u00e4rt, dass er die Daten gem\u00e4\u00df den geltenden Rechtsvorschriften und nur f\u00fcr die Zwecke verarbeiten wird, f\u00fcr die er seine Einwilligung erteilt hat.<\/p>\n","protected":false},"excerpt":{"rendered":"<p>Mit dem Absenden des Kontaktformulars erteile ich dem Administrator der Website des Vereins: R CATERING s.r.o., V\u00fdstavi\u0161t\u011b 405\/1, Pis\u00e1rky, 603 00 Brno, Tschechische Republik, I\u010c: 29260965 (im Folgenden als Administrator bezeichnet) die Zustimmung dazu Verarbeitung meiner personenbezogenen Daten im erforderlichen Umfang gem\u00e4\u00df der Verordnung (EU) 2016\/679 (DSGVO) zum Schutz personenbezogener Daten in der jeweils g\u00fcltigen &#8230; <a title=\"Erkl\u00e4rung zum Schutz personenbezogener Daten\" class=\"read-more\" href=\"https:\/\/rcatering.cz\/de\/erklaerung-zum-schutz-personenbezogener-daten\/\" aria-label=\"Mehr Informationen \u00fcber Erkl\u00e4rung zum Schutz personenbezogener Daten\">Weiterlesen &#8230;<\/a><\/p>\n","protected":false},"author":253,"featured_media":0,"parent":0,"menu_order":0,"comment_status":"closed","ping_status":"closed","template":"","meta":{"footnotes":""},"class_list":["post-2582","page","type-page","status-publish"],"yoast_head":"<!-- This site is optimized with the Yoast SEO plugin v27.6 - https:\/\/yoast.com\/product\/yoast-seo-wordpress\/ -->\n<title>Erkl\u00e4rung zum Schutz personenbezogener Daten - R CATERING<\/title>\n<meta name=\"robots\" content=\"index, follow, max-snippet:-1, max-image-preview:large, max-video-preview:-1\" \/>\n<link rel=\"canonical\" href=\"https:\/\/rcatering.cz\/de\/erklaerung-zum-schutz-personenbezogener-daten\/\" \/>\n<meta property=\"og:locale\" content=\"de_DE\" \/>\n<meta property=\"og:type\" content=\"article\" \/>\n<meta property=\"og:title\" content=\"Erkl\u00e4rung zum Schutz personenbezogener Daten - R CATERING\" \/>\n<meta property=\"og:description\" content=\"Mit dem Absenden des Kontaktformulars erteile ich dem Administrator der Website des Vereins: R CATERING s.r.o., V\u00fdstavi\u0161t\u011b 405\/1, Pis\u00e1rky, 603 00 Brno, Tschechische Republik, I\u010c: 29260965 (im Folgenden als Administrator bezeichnet) die Zustimmung dazu Verarbeitung meiner personenbezogenen Daten im erforderlichen Umfang gem\u00e4\u00df der Verordnung (EU) 2016\/679 (DSGVO) zum Schutz personenbezogener Daten in der jeweils g\u00fcltigen ... Weiterlesen ...\" \/>\n<meta property=\"og:url\" content=\"https:\/\/rcatering.cz\/de\/erklaerung-zum-schutz-personenbezogener-daten\/\" \/>\n<meta property=\"og:site_name\" content=\"R CATERING\" \/>\n<meta property=\"article:modified_time\" content=\"2024-04-25T20:51:11+00:00\" \/>\n<meta name=\"twitter:card\" content=\"summary_large_image\" \/>\n<meta name=\"twitter:label1\" content=\"Gesch\u00e4tzte Lesezeit\" \/>\n\t<meta name=\"twitter:data1\" content=\"1\u00a0Minute\" \/>\n<script type=\"application\/ld+json\" class=\"yoast-schema-graph\">{\"@context\":\"https:\\\/\\\/schema.org\",\"@graph\":[{\"@type\":\"WebPage\",\"@id\":\"https:\\\/\\\/rcatering.cz\\\/de\\\/erklaerung-zum-schutz-personenbezogener-daten\\\/\",\"url\":\"https:\\\/\\\/rcatering.cz\\\/de\\\/erklaerung-zum-schutz-personenbezogener-daten\\\/\",\"name\":\"Erkl\u00e4rung zum Schutz personenbezogener Daten - R CATERING\",\"isPartOf\":{\"@id\":\"https:\\\/\\\/rcatering.cz\\\/de\\\/#website\"},\"datePublished\":\"2023-09-27T12:12:37+00:00\",\"dateModified\":\"2024-04-25T20:51:11+00:00\",\"breadcrumb\":{\"@id\":\"https:\\\/\\\/rcatering.cz\\\/de\\\/erklaerung-zum-schutz-personenbezogener-daten\\\/#breadcrumb\"},\"inLanguage\":\"de\",\"potentialAction\":[{\"@type\":\"ReadAction\",\"target\":[\"https:\\\/\\\/rcatering.cz\\\/de\\\/erklaerung-zum-schutz-personenbezogener-daten\\\/\"]}]},{\"@type\":\"BreadcrumbList\",\"@id\":\"https:\\\/\\\/rcatering.cz\\\/de\\\/erklaerung-zum-schutz-personenbezogener-daten\\\/#breadcrumb\",\"itemListElement\":[{\"@type\":\"ListItem\",\"position\":1,\"name\":\"Dom\u016f\",\"item\":\"https:\\\/\\\/rcatering.cz\\\/de\\\/\"},{\"@type\":\"ListItem\",\"position\":2,\"name\":\"Erkl\u00e4rung zum Schutz personenbezogener Daten\"}]},{\"@type\":\"WebSite\",\"@id\":\"https:\\\/\\\/rcatering.cz\\\/de\\\/#website\",\"url\":\"https:\\\/\\\/rcatering.cz\\\/de\\\/\",\"name\":\"R CATERING\",\"description\":\"\",\"publisher\":{\"@id\":\"https:\\\/\\\/rcatering.cz\\\/de\\\/#organization\"},\"inLanguage\":\"de\"},{\"@type\":\"Organization\",\"@id\":\"https:\\\/\\\/rcatering.cz\\\/de\\\/#organization\",\"name\":\"R CATERING\",\"url\":\"https:\\\/\\\/rcatering.cz\\\/de\\\/\",\"logo\":{\"@type\":\"ImageObject\",\"inLanguage\":\"de\",\"@id\":\"https:\\\/\\\/rcatering.cz\\\/de\\\/#\\\/schema\\\/logo\\\/image\\\/\",\"url\":\"https:\\\/\\\/rcatering.cz\\\/app\\\/uploads\\\/2024\\\/04\\\/bila-2-e1714039805848.png\",\"contentUrl\":\"https:\\\/\\\/rcatering.cz\\\/app\\\/uploads\\\/2024\\\/04\\\/bila-2-e1714039805848.png\",\"width\":1920,\"height\":1921,\"caption\":\"R CATERING\"},\"image\":{\"@id\":\"https:\\\/\\\/rcatering.cz\\\/de\\\/#\\\/schema\\\/logo\\\/image\\\/\"}}]}<\/script>\n<!-- \/ Yoast SEO plugin. -->","yoast_head_json":{"title":"Erkl\u00e4rung zum Schutz personenbezogener Daten - R CATERING","robots":{"index":"index","follow":"follow","max-snippet":"max-snippet:-1","max-image-preview":"max-image-preview:large","max-video-preview":"max-video-preview:-1"},"canonical":"https:\/\/rcatering.cz\/de\/erklaerung-zum-schutz-personenbezogener-daten\/","og_locale":"de_DE","og_type":"article","og_title":"Erkl\u00e4rung zum Schutz personenbezogener Daten - R CATERING","og_description":"Mit dem Absenden des Kontaktformulars erteile ich dem Administrator der Website des Vereins: R CATERING s.r.o., V\u00fdstavi\u0161t\u011b 405\/1, Pis\u00e1rky, 603 00 Brno, Tschechische Republik, I\u010c: 29260965 (im Folgenden als Administrator bezeichnet) die Zustimmung dazu Verarbeitung meiner personenbezogenen Daten im erforderlichen Umfang gem\u00e4\u00df der Verordnung (EU) 2016\/679 (DSGVO) zum Schutz personenbezogener Daten in der jeweils g\u00fcltigen ... Weiterlesen ...","og_url":"https:\/\/rcatering.cz\/de\/erklaerung-zum-schutz-personenbezogener-daten\/","og_site_name":"R CATERING","article_modified_time":"2024-04-25T20:51:11+00:00","twitter_card":"summary_large_image","twitter_misc":{"Gesch\u00e4tzte Lesezeit":"1\u00a0Minute"},"schema":{"@context":"https:\/\/schema.org","@graph":[{"@type":"WebPage","@id":"https:\/\/rcatering.cz\/de\/erklaerung-zum-schutz-personenbezogener-daten\/","url":"https:\/\/rcatering.cz\/de\/erklaerung-zum-schutz-personenbezogener-daten\/","name":"Erkl\u00e4rung zum Schutz personenbezogener Daten - R CATERING","isPartOf":{"@id":"https:\/\/rcatering.cz\/de\/#website"},"datePublished":"2023-09-27T12:12:37+00:00","dateModified":"2024-04-25T20:51:11+00:00","breadcrumb":{"@id":"https:\/\/rcatering.cz\/de\/erklaerung-zum-schutz-personenbezogener-daten\/#breadcrumb"},"inLanguage":"de","potentialAction":[{"@type":"ReadAction","target":["https:\/\/rcatering.cz\/de\/erklaerung-zum-schutz-personenbezogener-daten\/"]}]},{"@type":"BreadcrumbList","@id":"https:\/\/rcatering.cz\/de\/erklaerung-zum-schutz-personenbezogener-daten\/#breadcrumb","itemListElement":[{"@type":"ListItem","position":1,"name":"Dom\u016f","item":"https:\/\/rcatering.cz\/de\/"},{"@type":"ListItem","position":2,"name":"Erkl\u00e4rung zum Schutz personenbezogener Daten"}]},{"@type":"WebSite","@id":"https:\/\/rcatering.cz\/de\/#website","url":"https:\/\/rcatering.cz\/de\/","name":"R CATERING","description":"","publisher":{"@id":"https:\/\/rcatering.cz\/de\/#organization"},"inLanguage":"de"},{"@type":"Organization","@id":"https:\/\/rcatering.cz\/de\/#organization","name":"R CATERING","url":"https:\/\/rcatering.cz\/de\/","logo":{"@type":"ImageObject","inLanguage":"de","@id":"https:\/\/rcatering.cz\/de\/#\/schema\/logo\/image\/","url":"https:\/\/rcatering.cz\/app\/uploads\/2024\/04\/bila-2-e1714039805848.png","contentUrl":"https:\/\/rcatering.cz\/app\/uploads\/2024\/04\/bila-2-e1714039805848.png","width":1920,"height":1921,"caption":"R CATERING"},"image":{"@id":"https:\/\/rcatering.cz\/de\/#\/schema\/logo\/image\/"}}]}},"_links":{"self":[{"href":"https:\/\/rcatering.cz\/de\/wp-json\/wp\/v2\/pages\/2582","targetHints":{"allow":["GET"]}}],"collection":[{"href":"https:\/\/rcatering.cz\/de\/wp-json\/wp\/v2\/pages"}],"about":[{"href":"https:\/\/rcatering.cz\/de\/wp-json\/wp\/v2\/types\/page"}],"author":[{"embeddable":true,"href":"https:\/\/rcatering.cz\/de\/wp-json\/wp\/v2\/users\/253"}],"replies":[{"embeddable":true,"href":"https:\/\/rcatering.cz\/de\/wp-json\/wp\/v2\/comments?post=2582"}],"version-history":[{"count":1,"href":"https:\/\/rcatering.cz\/de\/wp-json\/wp\/v2\/pages\/2582\/revisions"}],"predecessor-version":[{"id":2583,"href":"https:\/\/rcatering.cz\/de\/wp-json\/wp\/v2\/pages\/2582\/revisions\/2583"}],"wp:attachment":[{"href":"https:\/\/rcatering.cz\/de\/wp-json\/wp\/v2\/media?parent=2582"}],"curies":[{"name":"wp","href":"https:\/\/api.w.org\/{rel}","templated":true}]}}