{"id":1552,"date":"2023-09-04T17:49:59","date_gmt":"2023-09-04T17:49:59","guid":{"rendered":"https:\/\/rcatering.cz\/?page_id=1552"},"modified":"2024-04-25T13:57:13","modified_gmt":"2024-04-25T13:57:13","slug":"lunch-delivery","status":"publish","type":"page","link":"https:\/\/rcatering.cz\/en\/lunch-delivery\/","title":{"rendered":"Lunch delivery"},"content":{"rendered":"<div class=\"gb-container gb-container-aa6cd72c\">\n<div class=\"gb-container gb-container-557a2960\">\n<div class=\"gb-grid-wrapper gb-grid-wrapper-a66e7a4c\">\n<div class=\"gb-grid-column gb-grid-column-5a8708d4\"><div class=\"gb-container gb-container-5a8708d4\">\n\n<h1 class=\"gb-headline gb-headline-6d15678c gb-headline-text\">Lunch delivery in Brno<\/h1>\n\n\n\n<p class=\"gb-headline gb-headline-481cf55f gb-headline-text\">No time to cook? We offer professional delivery of delicious food directly to you in Brno. We will shorten your trip to restaurants and time spent behind the stove. Our customers have long praised us for the quality and selection of our food. We prepare delicious dishes daily from fresh ingredients, paying attention to taste and quality.<\/p>\n\n\n\n<p class=\"gb-headline gb-headline-88d6aee4 gb-headline-text\">Our goal? To make your meals more enjoyable and to give you energy. Just contact us and have a delicious meal brought directly to you. Your satisfaction is our main motive. Simplify your life with our food delivery service!<\/p>\n\n\n\n<p class=\"gb-headline gb-headline-e562f44c gb-headline-text\">Our 4 delivery routes include the following areas:<\/p>\n\n\n\n<ul class=\"wp-block-list\">\n<li>Masarykova \u010dtvr\u0165, \u017dabov\u0159esky, \u0158e\u010dkovice, Medl\u00e1nky, Brno Ivanovice<\/li>\n\n\n\n<li>Kr\u00e1lovo Pole, \u010cern\u00e1 Pole<\/li>\n\n\n\n<li>\u0160t\u00fd\u0159ice, Jundrov, \u017deb\u011bt\u00edn, Bystrc, Kom\u00edn<\/li>\n\n\n\n<li>Star\u00fd L\u00edskovec, Nov\u00fd L\u00edskovec, Bohunice, Horn\u00ed Her\u0161pice, Doln\u00ed Her\u0161pice, Mod\u0159ice<\/li>\n<\/ul>\n\n\n\n<p class=\"gb-headline gb-headline-b3fbed3c gb-headline-text\">Orders for the following day must be made no later than 13:00. We are currently expanding our services and accepting new clients on the Kr\u00e1lovo Pole and \u010cern\u00e1 Pole routes.<\/p>\n\n\n\n<a class=\"gb-button gb-button-09e428ee gb-button-text\" href=\"https:\/\/rcatering.cz\/en\/contact-form\/\">Contact form<\/a>\n\n<\/div><\/div>\n\n<div class=\"gb-grid-column gb-grid-column-7b573bc2\"><div class=\"gb-container gb-container-7b573bc2\">\n\n<figure class=\"gb-block-image gb-block-image-c5a8c363\"><img loading=\"lazy\" decoding=\"async\" width=\"1244\" height=\"1800\" class=\"gb-image gb-image-c5a8c363\" src=\"https:\/\/rcatering.cz\/app\/uploads\/2023\/09\/20210318_073414-scaled-e1694431273463.jpg\" alt=\"R CATERING\" title=\"R CATERING\" srcset=\"https:\/\/rcatering.cz\/app\/uploads\/2023\/09\/20210318_073414-scaled-e1694431273463.jpg 1244w, https:\/\/rcatering.cz\/app\/uploads\/2023\/09\/20210318_073414-scaled-e1694431273463-207x300.jpg 207w, https:\/\/rcatering.cz\/app\/uploads\/2023\/09\/20210318_073414-scaled-e1694431273463-708x1024.jpg 708w, https:\/\/rcatering.cz\/app\/uploads\/2023\/09\/20210318_073414-scaled-e1694431273463-768x1111.jpg 768w, https:\/\/rcatering.cz\/app\/uploads\/2023\/09\/20210318_073414-scaled-e1694431273463-1062x1536.jpg 1062w\" sizes=\"auto, (max-width: 1244px) 100vw, 1244px\" \/><\/figure>\n\n<\/div><\/div>\n<\/div>\n<\/div>\n<\/div>\n\n<div class=\"gb-container gb-container-f7704d54\">\n<div class=\"gb-container gb-container-767f6830\">\n<div class=\"gb-grid-wrapper gb-grid-wrapper-6683f32a\">\n<div class=\"gb-grid-column gb-grid-column-8bc3156f\"><div class=\"gb-container gb-container-8bc3156f\">\n\n<h2 class=\"gb-headline gb-headline-9b95d4b6 gb-headline-text\">Information for diners<\/h2>\n\n\n\n<p class=\"gb-headline gb-headline-c3b7d578 gb-headline-text\">Lunches are delivered MON &#8211; FR from 8:00 &#8211; 14:00. Orders and changes to orders are accepted until 13:00 of the previous working day.<\/p>\n\n<\/div><\/div>\n\n<div class=\"gb-grid-column gb-grid-column-0c1ea836\"><div class=\"gb-container gb-container-0c1ea836\">\n\n<figure class=\"gb-block-image gb-block-image-dab4bf71\"><img loading=\"lazy\" decoding=\"async\" width=\"2560\" height=\"1244\" class=\"gb-image gb-image-dab4bf71\" src=\"http:\/\/rcatering.cz\/app\/uploads\/2023\/09\/20210115_073709-scaled.jpg\" alt=\"R CATERING\" title=\"R CATERING\" srcset=\"https:\/\/rcatering.cz\/app\/uploads\/2023\/09\/20210115_073709-scaled.jpg 2560w, https:\/\/rcatering.cz\/app\/uploads\/2023\/09\/20210115_073709-300x146.jpg 300w, https:\/\/rcatering.cz\/app\/uploads\/2023\/09\/20210115_073709-1024x498.jpg 1024w, https:\/\/rcatering.cz\/app\/uploads\/2023\/09\/20210115_073709-768x373.jpg 768w, https:\/\/rcatering.cz\/app\/uploads\/2023\/09\/20210115_073709-1536x747.jpg 1536w, https:\/\/rcatering.cz\/app\/uploads\/2023\/09\/20210115_073709-2048x996.jpg 2048w\" sizes=\"auto, (max-width: 2560px) 100vw, 2560px\" \/><\/figure>\n\n<\/div><\/div>\n<\/div>\n<\/div>\n<\/div>\n\n<div class=\"gb-container gb-container-1acc1d7e\">\n<div class=\"gb-container gb-container-3d062906\">\n\n<h3 class=\"gb-headline gb-headline-94ccdd3b gb-headline-text\">Gallery<\/h3>\n\n\n\n<figure class=\"wp-block-gallery has-nested-images columns-4 is-cropped wp-block-gallery-1 is-layout-flex wp-block-gallery-is-layout-flex\">\n<figure class=\"wp-block-image size-large\"><a href=\"https:\/\/rcatering.cz\/app\/uploads\/2023\/09\/20210202_071348-scaled.jpg\"><img loading=\"lazy\" decoding=\"async\" width=\"1024\" height=\"498\" data-id=\"502\" src=\"http:\/\/rcatering.cz\/app\/uploads\/2023\/09\/20210202_071348-1024x498.jpg\" alt=\"\" class=\"wp-image-502\" srcset=\"https:\/\/rcatering.cz\/app\/uploads\/2023\/09\/20210202_071348-1024x498.jpg 1024w, https:\/\/rcatering.cz\/app\/uploads\/2023\/09\/20210202_071348-300x146.jpg 300w, https:\/\/rcatering.cz\/app\/uploads\/2023\/09\/20210202_071348-768x373.jpg 768w, https:\/\/rcatering.cz\/app\/uploads\/2023\/09\/20210202_071348-1536x747.jpg 1536w, https:\/\/rcatering.cz\/app\/uploads\/2023\/09\/20210202_071348-2048x996.jpg 2048w\" sizes=\"auto, (max-width: 1024px) 100vw, 1024px\" \/><\/a><\/figure>\n\n\n\n<figure class=\"wp-block-image size-large\"><a href=\"https:\/\/rcatering.cz\/app\/uploads\/2023\/09\/20210129_070239-scaled.jpg\"><img loading=\"lazy\" decoding=\"async\" width=\"1024\" height=\"498\" data-id=\"501\" src=\"http:\/\/rcatering.cz\/app\/uploads\/2023\/09\/20210129_070239-1024x498.jpg\" alt=\"\" class=\"wp-image-501\" srcset=\"https:\/\/rcatering.cz\/app\/uploads\/2023\/09\/20210129_070239-1024x498.jpg 1024w, https:\/\/rcatering.cz\/app\/uploads\/2023\/09\/20210129_070239-300x146.jpg 300w, https:\/\/rcatering.cz\/app\/uploads\/2023\/09\/20210129_070239-768x373.jpg 768w, https:\/\/rcatering.cz\/app\/uploads\/2023\/09\/20210129_070239-1536x747.jpg 1536w, https:\/\/rcatering.cz\/app\/uploads\/2023\/09\/20210129_070239-2048x996.jpg 2048w\" sizes=\"auto, (max-width: 1024px) 100vw, 1024px\" \/><\/a><\/figure>\n\n\n\n<figure class=\"wp-block-image size-large\"><a href=\"https:\/\/rcatering.cz\/app\/uploads\/2023\/09\/20210219_061105-scaled.jpg\"><img loading=\"lazy\" decoding=\"async\" width=\"1024\" height=\"498\" data-id=\"506\" src=\"http:\/\/rcatering.cz\/app\/uploads\/2023\/09\/20210219_061105-1024x498.jpg\" alt=\"\" class=\"wp-image-506\" srcset=\"https:\/\/rcatering.cz\/app\/uploads\/2023\/09\/20210219_061105-1024x498.jpg 1024w, https:\/\/rcatering.cz\/app\/uploads\/2023\/09\/20210219_061105-300x146.jpg 300w, https:\/\/rcatering.cz\/app\/uploads\/2023\/09\/20210219_061105-768x373.jpg 768w, https:\/\/rcatering.cz\/app\/uploads\/2023\/09\/20210219_061105-1536x747.jpg 1536w, https:\/\/rcatering.cz\/app\/uploads\/2023\/09\/20210219_061105-2048x996.jpg 2048w\" sizes=\"auto, (max-width: 1024px) 100vw, 1024px\" \/><\/a><\/figure>\n\n\n\n<figure class=\"wp-block-image size-large\"><a href=\"https:\/\/rcatering.cz\/app\/uploads\/2023\/09\/20210226_070800-scaled.jpg\"><img loading=\"lazy\" decoding=\"async\" width=\"1024\" height=\"498\" data-id=\"509\" src=\"http:\/\/rcatering.cz\/app\/uploads\/2023\/09\/20210226_070800-1024x498.jpg\" alt=\"\" class=\"wp-image-509\" srcset=\"https:\/\/rcatering.cz\/app\/uploads\/2023\/09\/20210226_070800-1024x498.jpg 1024w, https:\/\/rcatering.cz\/app\/uploads\/2023\/09\/20210226_070800-300x146.jpg 300w, https:\/\/rcatering.cz\/app\/uploads\/2023\/09\/20210226_070800-768x373.jpg 768w, https:\/\/rcatering.cz\/app\/uploads\/2023\/09\/20210226_070800-1536x747.jpg 1536w, https:\/\/rcatering.cz\/app\/uploads\/2023\/09\/20210226_070800-2048x996.jpg 2048w\" sizes=\"auto, (max-width: 1024px) 100vw, 1024px\" \/><\/a><\/figure>\n\n\n\n<figure class=\"wp-block-image size-large\"><a href=\"https:\/\/rcatering.cz\/app\/uploads\/2023\/09\/20210604_073337-scaled.jpg\"><img loading=\"lazy\" decoding=\"async\" width=\"1024\" height=\"461\" data-id=\"524\" src=\"http:\/\/rcatering.cz\/app\/uploads\/2023\/09\/20210604_073337-1024x461.jpg\" alt=\"\" class=\"wp-image-524\" srcset=\"https:\/\/rcatering.cz\/app\/uploads\/2023\/09\/20210604_073337-1024x461.jpg 1024w, https:\/\/rcatering.cz\/app\/uploads\/2023\/09\/20210604_073337-300x135.jpg 300w, https:\/\/rcatering.cz\/app\/uploads\/2023\/09\/20210604_073337-768x346.jpg 768w, https:\/\/rcatering.cz\/app\/uploads\/2023\/09\/20210604_073337-1536x691.jpg 1536w, https:\/\/rcatering.cz\/app\/uploads\/2023\/09\/20210604_073337-2048x922.jpg 2048w\" sizes=\"auto, (max-width: 1024px) 100vw, 1024px\" \/><\/a><\/figure>\n\n\n\n<figure class=\"wp-block-image size-large\"><a href=\"https:\/\/rcatering.cz\/app\/uploads\/2023\/09\/20210412_070248-scaled.jpg\"><img loading=\"lazy\" decoding=\"async\" width=\"1024\" height=\"498\" data-id=\"519\" src=\"http:\/\/rcatering.cz\/app\/uploads\/2023\/09\/20210412_070248-1024x498.jpg\" alt=\"\" class=\"wp-image-519\" srcset=\"https:\/\/rcatering.cz\/app\/uploads\/2023\/09\/20210412_070248-1024x498.jpg 1024w, https:\/\/rcatering.cz\/app\/uploads\/2023\/09\/20210412_070248-300x146.jpg 300w, https:\/\/rcatering.cz\/app\/uploads\/2023\/09\/20210412_070248-768x373.jpg 768w, https:\/\/rcatering.cz\/app\/uploads\/2023\/09\/20210412_070248-1536x747.jpg 1536w, https:\/\/rcatering.cz\/app\/uploads\/2023\/09\/20210412_070248-2048x996.jpg 2048w\" sizes=\"auto, (max-width: 1024px) 100vw, 1024px\" \/><\/a><\/figure>\n\n\n\n<figure class=\"wp-block-image size-large\"><a href=\"https:\/\/rcatering.cz\/app\/uploads\/2023\/09\/20210408_073437-scaled.jpg\"><img loading=\"lazy\" decoding=\"async\" width=\"1024\" height=\"498\" data-id=\"518\" src=\"http:\/\/rcatering.cz\/app\/uploads\/2023\/09\/20210408_073437-1024x498.jpg\" alt=\"\" class=\"wp-image-518\" srcset=\"https:\/\/rcatering.cz\/app\/uploads\/2023\/09\/20210408_073437-1024x498.jpg 1024w, https:\/\/rcatering.cz\/app\/uploads\/2023\/09\/20210408_073437-300x146.jpg 300w, https:\/\/rcatering.cz\/app\/uploads\/2023\/09\/20210408_073437-768x373.jpg 768w, https:\/\/rcatering.cz\/app\/uploads\/2023\/09\/20210408_073437-1536x747.jpg 1536w, https:\/\/rcatering.cz\/app\/uploads\/2023\/09\/20210408_073437-2048x996.jpg 2048w\" sizes=\"auto, (max-width: 1024px) 100vw, 1024px\" \/><\/a><\/figure>\n\n\n\n<figure class=\"wp-block-image size-large\"><a href=\"http:\/\/rcatering.cz\/app\/uploads\/2023\/09\/20210115_073709-scaled.jpg\"><img loading=\"lazy\" decoding=\"async\" width=\"1024\" height=\"498\" data-id=\"499\" src=\"http:\/\/rcatering.cz\/app\/uploads\/2023\/09\/20210115_073709-1024x498.jpg\" alt=\"\" class=\"wp-image-499\" srcset=\"https:\/\/rcatering.cz\/app\/uploads\/2023\/09\/20210115_073709-1024x498.jpg 1024w, https:\/\/rcatering.cz\/app\/uploads\/2023\/09\/20210115_073709-300x146.jpg 300w, https:\/\/rcatering.cz\/app\/uploads\/2023\/09\/20210115_073709-768x373.jpg 768w, https:\/\/rcatering.cz\/app\/uploads\/2023\/09\/20210115_073709-1536x747.jpg 1536w, https:\/\/rcatering.cz\/app\/uploads\/2023\/09\/20210115_073709-2048x996.jpg 2048w\" sizes=\"auto, (max-width: 1024px) 100vw, 1024px\" \/><\/a><\/figure>\n<\/figure>\n\n<\/div>\n<\/div>\n\n<div class=\"gb-container gb-container-755e288f\">\n<div class=\"gb-container gb-container-a98d8e08\">\n<div class=\"gb-grid-wrapper gb-grid-wrapper-c19a03d4\">\n<div class=\"gb-grid-column gb-grid-column-b640a247\"><div class=\"gb-container gb-container-b640a247\">\n\n<h2 class=\"gb-headline gb-headline-8217601b gb-headline-text\">Do you have any questions for us?<\/h2>\n\n\n\n<p class=\"gb-headline gb-headline-9f1d7465 gb-headline-text\">No question goes unanswered. Ask us and we will be happy to answer.<\/p>\n\n\n\n<a class=\"gb-button gb-button-ac0b3d4f gb-button-text\" href=\"https:\/\/rcatering.cz\/en\/contact\/\">Contact us<\/a>\n\n<\/div><\/div>\n\n<div class=\"gb-grid-column gb-grid-column-92c6d38e\"><div class=\"gb-container gb-container-92c6d38e\">\n\n<h2 class=\"gb-headline gb-headline-c66f8cab gb-headline-text\">Would you like to become our boarders?<\/h2>\n\n\n\n<p class=\"gb-headline gb-headline-2fde6667 gb-headline-text\">Please send us your enquiry via the form and we will get back to you.<\/p>\n\n\n\n<a class=\"gb-button gb-button-2406e6f8 gb-button-text\" href=\"https:\/\/rcatering.cz\/en\/contact\/\">Contact us<\/a>\n\n<\/div><\/div>\n<\/div>\n<\/div>\n<\/div>","protected":false},"excerpt":{"rendered":"<p>Gallery<\/p>\n","protected":false},"author":1,"featured_media":0,"parent":0,"menu_order":0,"comment_status":"closed","ping_status":"closed","template":"","meta":{"footnotes":""},"class_list":["post-1552","page","type-page","status-publish"],"yoast_head":"<!-- This site is optimized with the Yoast SEO plugin v27.6 - https:\/\/yoast.com\/product\/yoast-seo-wordpress\/ -->\n<title>R CATERING - Lunch delivery<\/title>\n<meta name=\"description\" content=\"Lunch delivery for small and large companies in Brno.\" \/>\n<meta name=\"robots\" content=\"index, follow, max-snippet:-1, max-image-preview:large, max-video-preview:-1\" \/>\n<link rel=\"canonical\" href=\"https:\/\/rcatering.cz\/en\/lunch-delivery\/\" \/>\n<meta property=\"og:locale\" content=\"en_US\" \/>\n<meta property=\"og:type\" content=\"article\" \/>\n<meta property=\"og:title\" content=\"R CATERING - Lunch delivery\" \/>\n<meta property=\"og:description\" content=\"Lunch delivery for small and large companies in Brno.\" \/>\n<meta property=\"og:url\" content=\"https:\/\/rcatering.cz\/en\/lunch-delivery\/\" \/>\n<meta property=\"og:site_name\" content=\"R CATERING\" \/>\n<meta property=\"article:modified_time\" content=\"2024-04-25T13:57:13+00:00\" \/>\n<meta property=\"og:image\" content=\"https:\/\/rcatering.cz\/app\/uploads\/2023\/09\/20210318_073414-scaled-e1694431273463.jpg\" \/>\n<meta name=\"twitter:card\" content=\"summary_large_image\" \/>\n<meta name=\"twitter:label1\" content=\"Est. reading time\" \/>\n\t<meta name=\"twitter:data1\" content=\"4 minutes\" \/>\n<script type=\"application\/ld+json\" class=\"yoast-schema-graph\">{\"@context\":\"https:\\\/\\\/schema.org\",\"@graph\":[{\"@type\":\"WebPage\",\"@id\":\"https:\\\/\\\/rcatering.cz\\\/en\\\/lunch-delivery\\\/\",\"url\":\"https:\\\/\\\/rcatering.cz\\\/en\\\/lunch-delivery\\\/\",\"name\":\"R CATERING - Lunch delivery\",\"isPartOf\":{\"@id\":\"https:\\\/\\\/rcatering.cz\\\/en\\\/#website\"},\"primaryImageOfPage\":{\"@id\":\"https:\\\/\\\/rcatering.cz\\\/en\\\/lunch-delivery\\\/#primaryimage\"},\"image\":{\"@id\":\"https:\\\/\\\/rcatering.cz\\\/en\\\/lunch-delivery\\\/#primaryimage\"},\"thumbnailUrl\":\"https:\\\/\\\/rcatering.cz\\\/app\\\/uploads\\\/2023\\\/09\\\/20210318_073414-scaled-e1694431273463.jpg\",\"datePublished\":\"2023-09-04T17:49:59+00:00\",\"dateModified\":\"2024-04-25T13:57:13+00:00\",\"description\":\"Lunch delivery for small and large companies in Brno.\",\"breadcrumb\":{\"@id\":\"https:\\\/\\\/rcatering.cz\\\/en\\\/lunch-delivery\\\/#breadcrumb\"},\"inLanguage\":\"en-US\",\"potentialAction\":[{\"@type\":\"ReadAction\",\"target\":[\"https:\\\/\\\/rcatering.cz\\\/en\\\/lunch-delivery\\\/\"]}]},{\"@type\":\"ImageObject\",\"inLanguage\":\"en-US\",\"@id\":\"https:\\\/\\\/rcatering.cz\\\/en\\\/lunch-delivery\\\/#primaryimage\",\"url\":\"https:\\\/\\\/rcatering.cz\\\/app\\\/uploads\\\/2023\\\/09\\\/20210318_073414-scaled-e1694431273463.jpg\",\"contentUrl\":\"https:\\\/\\\/rcatering.cz\\\/app\\\/uploads\\\/2023\\\/09\\\/20210318_073414-scaled-e1694431273463.jpg\"},{\"@type\":\"BreadcrumbList\",\"@id\":\"https:\\\/\\\/rcatering.cz\\\/en\\\/lunch-delivery\\\/#breadcrumb\",\"itemListElement\":[{\"@type\":\"ListItem\",\"position\":1,\"name\":\"Dom\u016f\",\"item\":\"https:\\\/\\\/rcatering.cz\\\/en\\\/\"},{\"@type\":\"ListItem\",\"position\":2,\"name\":\"Lunch delivery\"}]},{\"@type\":\"WebSite\",\"@id\":\"https:\\\/\\\/rcatering.cz\\\/en\\\/#website\",\"url\":\"https:\\\/\\\/rcatering.cz\\\/en\\\/\",\"name\":\"R CATERING\",\"description\":\"\",\"publisher\":{\"@id\":\"https:\\\/\\\/rcatering.cz\\\/en\\\/#organization\"},\"inLanguage\":\"en-US\"},{\"@type\":\"Organization\",\"@id\":\"https:\\\/\\\/rcatering.cz\\\/en\\\/#organization\",\"name\":\"R CATERING\",\"url\":\"https:\\\/\\\/rcatering.cz\\\/en\\\/\",\"logo\":{\"@type\":\"ImageObject\",\"inLanguage\":\"en-US\",\"@id\":\"https:\\\/\\\/rcatering.cz\\\/en\\\/#\\\/schema\\\/logo\\\/image\\\/\",\"url\":\"https:\\\/\\\/rcatering.cz\\\/app\\\/uploads\\\/2024\\\/04\\\/bila-2-e1714039805848.png\",\"contentUrl\":\"https:\\\/\\\/rcatering.cz\\\/app\\\/uploads\\\/2024\\\/04\\\/bila-2-e1714039805848.png\",\"width\":1920,\"height\":1921,\"caption\":\"R CATERING\"},\"image\":{\"@id\":\"https:\\\/\\\/rcatering.cz\\\/en\\\/#\\\/schema\\\/logo\\\/image\\\/\"}}]}<\/script>\n<!-- \/ Yoast SEO plugin. -->","yoast_head_json":{"title":"R CATERING - Lunch delivery","description":"Lunch delivery for small and large companies in Brno.","robots":{"index":"index","follow":"follow","max-snippet":"max-snippet:-1","max-image-preview":"max-image-preview:large","max-video-preview":"max-video-preview:-1"},"canonical":"https:\/\/rcatering.cz\/en\/lunch-delivery\/","og_locale":"en_US","og_type":"article","og_title":"R CATERING - Lunch delivery","og_description":"Lunch delivery for small and large companies in Brno.","og_url":"https:\/\/rcatering.cz\/en\/lunch-delivery\/","og_site_name":"R CATERING","article_modified_time":"2024-04-25T13:57:13+00:00","og_image":[{"url":"https:\/\/rcatering.cz\/app\/uploads\/2023\/09\/20210318_073414-scaled-e1694431273463.jpg","type":"","width":"","height":""}],"twitter_card":"summary_large_image","twitter_misc":{"Est. reading time":"4 minutes"},"schema":{"@context":"https:\/\/schema.org","@graph":[{"@type":"WebPage","@id":"https:\/\/rcatering.cz\/en\/lunch-delivery\/","url":"https:\/\/rcatering.cz\/en\/lunch-delivery\/","name":"R CATERING - Lunch delivery","isPartOf":{"@id":"https:\/\/rcatering.cz\/en\/#website"},"primaryImageOfPage":{"@id":"https:\/\/rcatering.cz\/en\/lunch-delivery\/#primaryimage"},"image":{"@id":"https:\/\/rcatering.cz\/en\/lunch-delivery\/#primaryimage"},"thumbnailUrl":"https:\/\/rcatering.cz\/app\/uploads\/2023\/09\/20210318_073414-scaled-e1694431273463.jpg","datePublished":"2023-09-04T17:49:59+00:00","dateModified":"2024-04-25T13:57:13+00:00","description":"Lunch delivery for small and large companies in Brno.","breadcrumb":{"@id":"https:\/\/rcatering.cz\/en\/lunch-delivery\/#breadcrumb"},"inLanguage":"en-US","potentialAction":[{"@type":"ReadAction","target":["https:\/\/rcatering.cz\/en\/lunch-delivery\/"]}]},{"@type":"ImageObject","inLanguage":"en-US","@id":"https:\/\/rcatering.cz\/en\/lunch-delivery\/#primaryimage","url":"https:\/\/rcatering.cz\/app\/uploads\/2023\/09\/20210318_073414-scaled-e1694431273463.jpg","contentUrl":"https:\/\/rcatering.cz\/app\/uploads\/2023\/09\/20210318_073414-scaled-e1694431273463.jpg"},{"@type":"BreadcrumbList","@id":"https:\/\/rcatering.cz\/en\/lunch-delivery\/#breadcrumb","itemListElement":[{"@type":"ListItem","position":1,"name":"Dom\u016f","item":"https:\/\/rcatering.cz\/en\/"},{"@type":"ListItem","position":2,"name":"Lunch delivery"}]},{"@type":"WebSite","@id":"https:\/\/rcatering.cz\/en\/#website","url":"https:\/\/rcatering.cz\/en\/","name":"R CATERING","description":"","publisher":{"@id":"https:\/\/rcatering.cz\/en\/#organization"},"inLanguage":"en-US"},{"@type":"Organization","@id":"https:\/\/rcatering.cz\/en\/#organization","name":"R CATERING","url":"https:\/\/rcatering.cz\/en\/","logo":{"@type":"ImageObject","inLanguage":"en-US","@id":"https:\/\/rcatering.cz\/en\/#\/schema\/logo\/image\/","url":"https:\/\/rcatering.cz\/app\/uploads\/2024\/04\/bila-2-e1714039805848.png","contentUrl":"https:\/\/rcatering.cz\/app\/uploads\/2024\/04\/bila-2-e1714039805848.png","width":1920,"height":1921,"caption":"R CATERING"},"image":{"@id":"https:\/\/rcatering.cz\/en\/#\/schema\/logo\/image\/"}}]}},"_links":{"self":[{"href":"https:\/\/rcatering.cz\/en\/wp-json\/wp\/v2\/pages\/1552","targetHints":{"allow":["GET"]}}],"collection":[{"href":"https:\/\/rcatering.cz\/en\/wp-json\/wp\/v2\/pages"}],"about":[{"href":"https:\/\/rcatering.cz\/en\/wp-json\/wp\/v2\/types\/page"}],"author":[{"embeddable":true,"href":"https:\/\/rcatering.cz\/en\/wp-json\/wp\/v2\/users\/1"}],"replies":[{"embeddable":true,"href":"https:\/\/rcatering.cz\/en\/wp-json\/wp\/v2\/comments?post=1552"}],"version-history":[{"count":7,"href":"https:\/\/rcatering.cz\/en\/wp-json\/wp\/v2\/pages\/1552\/revisions"}],"predecessor-version":[{"id":2513,"href":"https:\/\/rcatering.cz\/en\/wp-json\/wp\/v2\/pages\/1552\/revisions\/2513"}],"wp:attachment":[{"href":"https:\/\/rcatering.cz\/en\/wp-json\/wp\/v2\/media?parent=1552"}],"curies":[{"name":"wp","href":"https:\/\/api.w.org\/{rel}","templated":true}]}}