{"id":1577,"date":"2023-09-04T17:44:36","date_gmt":"2023-09-04T17:44:36","guid":{"rendered":"https:\/\/rcatering.cz\/?page_id=1577"},"modified":"2024-04-25T13:59:14","modified_gmt":"2024-04-25T13:59:14","slug":"company-catering","status":"publish","type":"page","link":"https:\/\/rcatering.cz\/en\/company-catering\/","title":{"rendered":"Company catering"},"content":{"rendered":"<div class=\"gb-container gb-container-aa6cd72c\">\n<div class=\"gb-container gb-container-557a2960\">\n<div class=\"gb-grid-wrapper gb-grid-wrapper-a66e7a4c\">\n<div class=\"gb-grid-column gb-grid-column-5a8708d4\"><div class=\"gb-container gb-container-5a8708d4\">\n\n<h1 class=\"gb-headline gb-headline-6d15678c gb-headline-text\">Company catering<\/h1>\n\n\n\n<p class=\"gb-headline gb-headline-481cf55f gb-headline-text\">FOOD DELIVERY IN BRNO:<\/p>\n\n\n\n<p class=\"gb-headline gb-headline-cf3a528f gb-headline-text\">If you are interested, we will be happy to deliver food directly to your company, office or other place of your choice within Brno.<\/p>\n\n\n\n<p class=\"gb-headline gb-headline-f14942aa gb-headline-text\">Our 4 delivery routes include the following areas:<\/p>\n\n\n\n<ul class=\"wp-block-list\">\n<li>Masarykova \u010dtvr\u0165, \u017dabov\u0159esky, \u0158e\u010dkovice, Medl\u00e1nky, Brno Ivanovice<\/li>\n\n\n\n<li>Kr\u00e1lovo Pole, \u010cern\u00e1 Pole<\/li>\n\n\n\n<li>\u0160t\u00fd\u0159ice, Jundrov, \u017deb\u011bt\u00edn, Bystrc, Kom\u00edn<\/li>\n\n\n\n<li>Star\u00fd L\u00edskovec, Nov\u00fd L\u00edskovec, Bohunice, Horn\u00ed Her\u0161pice, Doln\u00ed Her\u0161pice, Mod\u0159ice<\/li>\n<\/ul>\n\n\n\n<p class=\"gb-headline gb-headline-d6fe1984 gb-headline-text\">Orders for the following day must be made no later than 13:00.<\/p>\n\n\n\n<p class=\"gb-headline gb-headline-903ee201 gb-headline-text\">We are currently expanding our services and accepting new clients on the Kr\u00e1lovo Pole and \u010cern\u00e1 Pole routes.<\/p>\n\n\n\n<a class=\"gb-button gb-button-09e428ee gb-button-text\" href=\"https:\/\/rcatering.cz\/en\/contact-form\/\">Inquiry<\/a>\n\n<\/div><\/div>\n\n<div class=\"gb-grid-column gb-grid-column-7b573bc2\"><div class=\"gb-container gb-container-7b573bc2\">\n\n<figure class=\"gb-block-image gb-block-image-dd7db673\"><img loading=\"lazy\" decoding=\"async\" width=\"1244\" height=\"1800\" class=\"gb-image gb-image-dd7db673\" src=\"https:\/\/rcatering.cz\/app\/uploads\/2023\/09\/20210325_074650-scaled-e1694432235406.jpg\" alt=\"R CATERING\" title=\"R CATERING\" srcset=\"https:\/\/rcatering.cz\/app\/uploads\/2023\/09\/20210325_074650-scaled-e1694432235406.jpg 1244w, https:\/\/rcatering.cz\/app\/uploads\/2023\/09\/20210325_074650-scaled-e1694432235406-207x300.jpg 207w, https:\/\/rcatering.cz\/app\/uploads\/2023\/09\/20210325_074650-scaled-e1694432235406-708x1024.jpg 708w, https:\/\/rcatering.cz\/app\/uploads\/2023\/09\/20210325_074650-scaled-e1694432235406-768x1111.jpg 768w, https:\/\/rcatering.cz\/app\/uploads\/2023\/09\/20210325_074650-scaled-e1694432235406-1062x1536.jpg 1062w\" sizes=\"auto, (max-width: 1244px) 100vw, 1244px\" \/><\/figure>\n\n<\/div><\/div>\n<\/div>\n<\/div>\n<\/div>\n\n<div class=\"gb-container gb-container-1acc1d7e\">\n<div class=\"gb-container gb-container-3d062906\">\n\n<h3 class=\"gb-headline gb-headline-94ccdd3b gb-headline-text\">Gallery<\/h3>\n\n\n\n<figure class=\"wp-block-gallery has-nested-images columns-default is-cropped wp-block-gallery-1 is-layout-flex wp-block-gallery-is-layout-flex\">\n<figure class=\"wp-block-image size-large\"><a href=\"https:\/\/rcatering.cz\/app\/uploads\/2023\/09\/20210129_070239-scaled.jpg\"><img loading=\"lazy\" decoding=\"async\" width=\"1024\" height=\"498\" data-id=\"501\" src=\"http:\/\/rcatering.cz\/app\/uploads\/2023\/09\/20210129_070239-1024x498.jpg\" alt=\"\" class=\"wp-image-501\" srcset=\"https:\/\/rcatering.cz\/app\/uploads\/2023\/09\/20210129_070239-1024x498.jpg 1024w, https:\/\/rcatering.cz\/app\/uploads\/2023\/09\/20210129_070239-300x146.jpg 300w, https:\/\/rcatering.cz\/app\/uploads\/2023\/09\/20210129_070239-768x373.jpg 768w, https:\/\/rcatering.cz\/app\/uploads\/2023\/09\/20210129_070239-1536x747.jpg 1536w, https:\/\/rcatering.cz\/app\/uploads\/2023\/09\/20210129_070239-2048x996.jpg 2048w\" sizes=\"auto, (max-width: 1024px) 100vw, 1024px\" \/><\/a><\/figure>\n\n\n\n<figure class=\"wp-block-image size-large\"><a href=\"https:\/\/rcatering.cz\/app\/uploads\/2023\/09\/20210202_071348-scaled.jpg\"><img loading=\"lazy\" decoding=\"async\" width=\"1024\" height=\"498\" data-id=\"502\" src=\"http:\/\/rcatering.cz\/app\/uploads\/2023\/09\/20210202_071348-1024x498.jpg\" alt=\"\" class=\"wp-image-502\" srcset=\"https:\/\/rcatering.cz\/app\/uploads\/2023\/09\/20210202_071348-1024x498.jpg 1024w, https:\/\/rcatering.cz\/app\/uploads\/2023\/09\/20210202_071348-300x146.jpg 300w, https:\/\/rcatering.cz\/app\/uploads\/2023\/09\/20210202_071348-768x373.jpg 768w, https:\/\/rcatering.cz\/app\/uploads\/2023\/09\/20210202_071348-1536x747.jpg 1536w, https:\/\/rcatering.cz\/app\/uploads\/2023\/09\/20210202_071348-2048x996.jpg 2048w\" sizes=\"auto, (max-width: 1024px) 100vw, 1024px\" \/><\/a><\/figure>\n\n\n\n<figure class=\"wp-block-image size-large\"><a href=\"https:\/\/rcatering.cz\/app\/uploads\/2023\/09\/20210219_061105-scaled.jpg\"><img loading=\"lazy\" decoding=\"async\" width=\"1024\" height=\"498\" data-id=\"506\" src=\"http:\/\/rcatering.cz\/app\/uploads\/2023\/09\/20210219_061105-1024x498.jpg\" alt=\"\" class=\"wp-image-506\" srcset=\"https:\/\/rcatering.cz\/app\/uploads\/2023\/09\/20210219_061105-1024x498.jpg 1024w, https:\/\/rcatering.cz\/app\/uploads\/2023\/09\/20210219_061105-300x146.jpg 300w, https:\/\/rcatering.cz\/app\/uploads\/2023\/09\/20210219_061105-768x373.jpg 768w, https:\/\/rcatering.cz\/app\/uploads\/2023\/09\/20210219_061105-1536x747.jpg 1536w, https:\/\/rcatering.cz\/app\/uploads\/2023\/09\/20210219_061105-2048x996.jpg 2048w\" sizes=\"auto, (max-width: 1024px) 100vw, 1024px\" \/><\/a><\/figure>\n\n\n\n<figure class=\"wp-block-image size-large\"><a href=\"https:\/\/rcatering.cz\/app\/uploads\/2023\/09\/20210226_070800-scaled.jpg\"><img loading=\"lazy\" decoding=\"async\" width=\"1024\" height=\"498\" data-id=\"509\" src=\"http:\/\/rcatering.cz\/app\/uploads\/2023\/09\/20210226_070800-1024x498.jpg\" alt=\"\" class=\"wp-image-509\" srcset=\"https:\/\/rcatering.cz\/app\/uploads\/2023\/09\/20210226_070800-1024x498.jpg 1024w, https:\/\/rcatering.cz\/app\/uploads\/2023\/09\/20210226_070800-300x146.jpg 300w, https:\/\/rcatering.cz\/app\/uploads\/2023\/09\/20210226_070800-768x373.jpg 768w, https:\/\/rcatering.cz\/app\/uploads\/2023\/09\/20210226_070800-1536x747.jpg 1536w, https:\/\/rcatering.cz\/app\/uploads\/2023\/09\/20210226_070800-2048x996.jpg 2048w\" sizes=\"auto, (max-width: 1024px) 100vw, 1024px\" \/><\/a><\/figure>\n\n\n\n<figure class=\"wp-block-image size-large\"><a href=\"https:\/\/rcatering.cz\/app\/uploads\/2023\/09\/20210226_071553-scaled.jpg\"><img loading=\"lazy\" decoding=\"async\" width=\"1024\" height=\"498\" data-id=\"511\" src=\"http:\/\/rcatering.cz\/app\/uploads\/2023\/09\/20210226_071553-1024x498.jpg\" alt=\"\" class=\"wp-image-511\" srcset=\"https:\/\/rcatering.cz\/app\/uploads\/2023\/09\/20210226_071553-1024x498.jpg 1024w, https:\/\/rcatering.cz\/app\/uploads\/2023\/09\/20210226_071553-300x146.jpg 300w, https:\/\/rcatering.cz\/app\/uploads\/2023\/09\/20210226_071553-768x373.jpg 768w, https:\/\/rcatering.cz\/app\/uploads\/2023\/09\/20210226_071553-1536x747.jpg 1536w, https:\/\/rcatering.cz\/app\/uploads\/2023\/09\/20210226_071553-2048x996.jpg 2048w\" sizes=\"auto, (max-width: 1024px) 100vw, 1024px\" \/><\/a><\/figure>\n\n\n\n<figure class=\"wp-block-image size-large\"><a href=\"https:\/\/rcatering.cz\/app\/uploads\/2023\/09\/20210412_070248-scaled.jpg\"><img loading=\"lazy\" decoding=\"async\" width=\"1024\" height=\"498\" data-id=\"519\" src=\"http:\/\/rcatering.cz\/app\/uploads\/2023\/09\/20210412_070248-1024x498.jpg\" alt=\"\" class=\"wp-image-519\" srcset=\"https:\/\/rcatering.cz\/app\/uploads\/2023\/09\/20210412_070248-1024x498.jpg 1024w, https:\/\/rcatering.cz\/app\/uploads\/2023\/09\/20210412_070248-300x146.jpg 300w, https:\/\/rcatering.cz\/app\/uploads\/2023\/09\/20210412_070248-768x373.jpg 768w, https:\/\/rcatering.cz\/app\/uploads\/2023\/09\/20210412_070248-1536x747.jpg 1536w, https:\/\/rcatering.cz\/app\/uploads\/2023\/09\/20210412_070248-2048x996.jpg 2048w\" sizes=\"auto, (max-width: 1024px) 100vw, 1024px\" \/><\/a><\/figure>\n\n\n\n<figure class=\"wp-block-image size-large\"><a href=\"https:\/\/rcatering.cz\/app\/uploads\/2023\/09\/20210408_073437-scaled.jpg\"><img loading=\"lazy\" decoding=\"async\" width=\"1024\" height=\"498\" data-id=\"518\" src=\"http:\/\/rcatering.cz\/app\/uploads\/2023\/09\/20210408_073437-1024x498.jpg\" alt=\"\" class=\"wp-image-518\" srcset=\"https:\/\/rcatering.cz\/app\/uploads\/2023\/09\/20210408_073437-1024x498.jpg 1024w, https:\/\/rcatering.cz\/app\/uploads\/2023\/09\/20210408_073437-300x146.jpg 300w, https:\/\/rcatering.cz\/app\/uploads\/2023\/09\/20210408_073437-768x373.jpg 768w, https:\/\/rcatering.cz\/app\/uploads\/2023\/09\/20210408_073437-1536x747.jpg 1536w, https:\/\/rcatering.cz\/app\/uploads\/2023\/09\/20210408_073437-2048x996.jpg 2048w\" sizes=\"auto, (max-width: 1024px) 100vw, 1024px\" \/><\/a><\/figure>\n\n\n\n<figure class=\"wp-block-image size-large\"><a href=\"https:\/\/rcatering.cz\/app\/uploads\/2023\/09\/20210604_073337-scaled.jpg\"><img loading=\"lazy\" decoding=\"async\" width=\"1024\" height=\"461\" data-id=\"524\" src=\"http:\/\/rcatering.cz\/app\/uploads\/2023\/09\/20210604_073337-1024x461.jpg\" alt=\"\" class=\"wp-image-524\" srcset=\"https:\/\/rcatering.cz\/app\/uploads\/2023\/09\/20210604_073337-1024x461.jpg 1024w, https:\/\/rcatering.cz\/app\/uploads\/2023\/09\/20210604_073337-300x135.jpg 300w, https:\/\/rcatering.cz\/app\/uploads\/2023\/09\/20210604_073337-768x346.jpg 768w, https:\/\/rcatering.cz\/app\/uploads\/2023\/09\/20210604_073337-1536x691.jpg 1536w, https:\/\/rcatering.cz\/app\/uploads\/2023\/09\/20210604_073337-2048x922.jpg 2048w\" sizes=\"auto, (max-width: 1024px) 100vw, 1024px\" \/><\/a><\/figure>\n\n\n\n<figure class=\"wp-block-image size-large\"><a href=\"https:\/\/rcatering.cz\/app\/uploads\/2023\/09\/20210115_073709-scaled.jpg\"><img loading=\"lazy\" decoding=\"async\" width=\"1024\" height=\"498\" data-id=\"499\" src=\"http:\/\/rcatering.cz\/app\/uploads\/2023\/09\/20210115_073709-1024x498.jpg\" alt=\"\" class=\"wp-image-499\" srcset=\"https:\/\/rcatering.cz\/app\/uploads\/2023\/09\/20210115_073709-1024x498.jpg 1024w, https:\/\/rcatering.cz\/app\/uploads\/2023\/09\/20210115_073709-300x146.jpg 300w, https:\/\/rcatering.cz\/app\/uploads\/2023\/09\/20210115_073709-768x373.jpg 768w, https:\/\/rcatering.cz\/app\/uploads\/2023\/09\/20210115_073709-1536x747.jpg 1536w, https:\/\/rcatering.cz\/app\/uploads\/2023\/09\/20210115_073709-2048x996.jpg 2048w\" sizes=\"auto, (max-width: 1024px) 100vw, 1024px\" \/><\/a><\/figure>\n<\/figure>\n\n<\/div>\n<\/div>","protected":false},"excerpt":{"rendered":"<p>Gallery<\/p>\n","protected":false},"author":1,"featured_media":0,"parent":0,"menu_order":0,"comment_status":"closed","ping_status":"closed","template":"","meta":{"footnotes":""},"class_list":["post-1577","page","type-page","status-publish"],"yoast_head":"<!-- This site is optimized with the Yoast SEO plugin v26.2 - https:\/\/yoast.com\/wordpress\/plugins\/seo\/ -->\n<title>R CATERING - Company catering<\/title>\n<meta name=\"description\" content=\"Food delivery and corporate catering in Brno.\" \/>\n<meta name=\"robots\" content=\"index, follow, max-snippet:-1, max-image-preview:large, max-video-preview:-1\" \/>\n<link rel=\"canonical\" href=\"https:\/\/rcatering.cz\/en\/company-catering\/\" \/>\n<meta property=\"og:locale\" content=\"en_US\" \/>\n<meta property=\"og:type\" content=\"article\" \/>\n<meta property=\"og:title\" content=\"R CATERING - Company catering\" \/>\n<meta property=\"og:description\" content=\"Food delivery and corporate catering in Brno.\" \/>\n<meta property=\"og:url\" content=\"https:\/\/rcatering.cz\/en\/company-catering\/\" \/>\n<meta property=\"og:site_name\" content=\"R CATERING\" \/>\n<meta property=\"article:modified_time\" content=\"2024-04-25T13:59:14+00:00\" \/>\n<meta property=\"og:image\" content=\"https:\/\/rcatering.cz\/app\/uploads\/2023\/09\/20210325_074650-scaled-e1694432235406.jpg\" \/>\n<meta name=\"twitter:card\" content=\"summary_large_image\" \/>\n<meta name=\"twitter:label1\" content=\"Est. reading time\" \/>\n\t<meta name=\"twitter:data1\" content=\"3 minutes\" \/>\n<script type=\"application\/ld+json\" class=\"yoast-schema-graph\">{\"@context\":\"https:\/\/schema.org\",\"@graph\":[{\"@type\":\"WebPage\",\"@id\":\"https:\/\/rcatering.cz\/en\/company-catering\/\",\"url\":\"https:\/\/rcatering.cz\/en\/company-catering\/\",\"name\":\"R CATERING - Company catering\",\"isPartOf\":{\"@id\":\"https:\/\/rcatering.cz\/en\/#website\"},\"primaryImageOfPage\":{\"@id\":\"https:\/\/rcatering.cz\/en\/company-catering\/#primaryimage\"},\"image\":{\"@id\":\"https:\/\/rcatering.cz\/en\/company-catering\/#primaryimage\"},\"thumbnailUrl\":\"https:\/\/rcatering.cz\/app\/uploads\/2023\/09\/20210325_074650-scaled-e1694432235406.jpg\",\"datePublished\":\"2023-09-04T17:44:36+00:00\",\"dateModified\":\"2024-04-25T13:59:14+00:00\",\"description\":\"Food delivery and corporate catering in Brno.\",\"breadcrumb\":{\"@id\":\"https:\/\/rcatering.cz\/en\/company-catering\/#breadcrumb\"},\"inLanguage\":\"en-US\",\"potentialAction\":[{\"@type\":\"ReadAction\",\"target\":[\"https:\/\/rcatering.cz\/en\/company-catering\/\"]}]},{\"@type\":\"ImageObject\",\"inLanguage\":\"en-US\",\"@id\":\"https:\/\/rcatering.cz\/en\/company-catering\/#primaryimage\",\"url\":\"https:\/\/rcatering.cz\/app\/uploads\/2023\/09\/20210325_074650-scaled-e1694432235406.jpg\",\"contentUrl\":\"https:\/\/rcatering.cz\/app\/uploads\/2023\/09\/20210325_074650-scaled-e1694432235406.jpg\"},{\"@type\":\"BreadcrumbList\",\"@id\":\"https:\/\/rcatering.cz\/en\/company-catering\/#breadcrumb\",\"itemListElement\":[{\"@type\":\"ListItem\",\"position\":1,\"name\":\"Dom\u016f\",\"item\":\"https:\/\/rcatering.cz\/en\/\"},{\"@type\":\"ListItem\",\"position\":2,\"name\":\"Company catering\"}]},{\"@type\":\"WebSite\",\"@id\":\"https:\/\/rcatering.cz\/en\/#website\",\"url\":\"https:\/\/rcatering.cz\/en\/\",\"name\":\"R CATERING\",\"description\":\"\",\"publisher\":{\"@id\":\"https:\/\/rcatering.cz\/en\/#organization\"},\"inLanguage\":\"en-US\"},{\"@type\":\"Organization\",\"@id\":\"https:\/\/rcatering.cz\/en\/#organization\",\"name\":\"R CATERING\",\"url\":\"https:\/\/rcatering.cz\/en\/\",\"logo\":{\"@type\":\"ImageObject\",\"inLanguage\":\"en-US\",\"@id\":\"https:\/\/rcatering.cz\/en\/#\/schema\/logo\/image\/\",\"url\":\"https:\/\/rcatering.cz\/app\/uploads\/2024\/04\/bila-2-e1714039805848.png\",\"contentUrl\":\"https:\/\/rcatering.cz\/app\/uploads\/2024\/04\/bila-2-e1714039805848.png\",\"width\":1920,\"height\":1921,\"caption\":\"R CATERING\"},\"image\":{\"@id\":\"https:\/\/rcatering.cz\/en\/#\/schema\/logo\/image\/\"}}]}<\/script>\n<!-- \/ Yoast SEO plugin. -->","yoast_head_json":{"title":"R CATERING - Company catering","description":"Food delivery and corporate catering in Brno.","robots":{"index":"index","follow":"follow","max-snippet":"max-snippet:-1","max-image-preview":"max-image-preview:large","max-video-preview":"max-video-preview:-1"},"canonical":"https:\/\/rcatering.cz\/en\/company-catering\/","og_locale":"en_US","og_type":"article","og_title":"R CATERING - Company catering","og_description":"Food delivery and corporate catering in Brno.","og_url":"https:\/\/rcatering.cz\/en\/company-catering\/","og_site_name":"R CATERING","article_modified_time":"2024-04-25T13:59:14+00:00","og_image":[{"url":"https:\/\/rcatering.cz\/app\/uploads\/2023\/09\/20210325_074650-scaled-e1694432235406.jpg","type":"","width":"","height":""}],"twitter_card":"summary_large_image","twitter_misc":{"Est. reading time":"3 minutes"},"schema":{"@context":"https:\/\/schema.org","@graph":[{"@type":"WebPage","@id":"https:\/\/rcatering.cz\/en\/company-catering\/","url":"https:\/\/rcatering.cz\/en\/company-catering\/","name":"R CATERING - Company catering","isPartOf":{"@id":"https:\/\/rcatering.cz\/en\/#website"},"primaryImageOfPage":{"@id":"https:\/\/rcatering.cz\/en\/company-catering\/#primaryimage"},"image":{"@id":"https:\/\/rcatering.cz\/en\/company-catering\/#primaryimage"},"thumbnailUrl":"https:\/\/rcatering.cz\/app\/uploads\/2023\/09\/20210325_074650-scaled-e1694432235406.jpg","datePublished":"2023-09-04T17:44:36+00:00","dateModified":"2024-04-25T13:59:14+00:00","description":"Food delivery and corporate catering in Brno.","breadcrumb":{"@id":"https:\/\/rcatering.cz\/en\/company-catering\/#breadcrumb"},"inLanguage":"en-US","potentialAction":[{"@type":"ReadAction","target":["https:\/\/rcatering.cz\/en\/company-catering\/"]}]},{"@type":"ImageObject","inLanguage":"en-US","@id":"https:\/\/rcatering.cz\/en\/company-catering\/#primaryimage","url":"https:\/\/rcatering.cz\/app\/uploads\/2023\/09\/20210325_074650-scaled-e1694432235406.jpg","contentUrl":"https:\/\/rcatering.cz\/app\/uploads\/2023\/09\/20210325_074650-scaled-e1694432235406.jpg"},{"@type":"BreadcrumbList","@id":"https:\/\/rcatering.cz\/en\/company-catering\/#breadcrumb","itemListElement":[{"@type":"ListItem","position":1,"name":"Dom\u016f","item":"https:\/\/rcatering.cz\/en\/"},{"@type":"ListItem","position":2,"name":"Company catering"}]},{"@type":"WebSite","@id":"https:\/\/rcatering.cz\/en\/#website","url":"https:\/\/rcatering.cz\/en\/","name":"R CATERING","description":"","publisher":{"@id":"https:\/\/rcatering.cz\/en\/#organization"},"inLanguage":"en-US"},{"@type":"Organization","@id":"https:\/\/rcatering.cz\/en\/#organization","name":"R CATERING","url":"https:\/\/rcatering.cz\/en\/","logo":{"@type":"ImageObject","inLanguage":"en-US","@id":"https:\/\/rcatering.cz\/en\/#\/schema\/logo\/image\/","url":"https:\/\/rcatering.cz\/app\/uploads\/2024\/04\/bila-2-e1714039805848.png","contentUrl":"https:\/\/rcatering.cz\/app\/uploads\/2024\/04\/bila-2-e1714039805848.png","width":1920,"height":1921,"caption":"R CATERING"},"image":{"@id":"https:\/\/rcatering.cz\/en\/#\/schema\/logo\/image\/"}}]}},"_links":{"self":[{"href":"https:\/\/rcatering.cz\/en\/wp-json\/wp\/v2\/pages\/1577","targetHints":{"allow":["GET"]}}],"collection":[{"href":"https:\/\/rcatering.cz\/en\/wp-json\/wp\/v2\/pages"}],"about":[{"href":"https:\/\/rcatering.cz\/en\/wp-json\/wp\/v2\/types\/page"}],"author":[{"embeddable":true,"href":"https:\/\/rcatering.cz\/en\/wp-json\/wp\/v2\/users\/1"}],"replies":[{"embeddable":true,"href":"https:\/\/rcatering.cz\/en\/wp-json\/wp\/v2\/comments?post=1577"}],"version-history":[{"count":6,"href":"https:\/\/rcatering.cz\/en\/wp-json\/wp\/v2\/pages\/1577\/revisions"}],"predecessor-version":[{"id":2515,"href":"https:\/\/rcatering.cz\/en\/wp-json\/wp\/v2\/pages\/1577\/revisions\/2515"}],"wp:attachment":[{"href":"https:\/\/rcatering.cz\/en\/wp-json\/wp\/v2\/media?parent=1577"}],"curies":[{"name":"wp","href":"https:\/\/api.w.org\/{rel}","templated":true}]}}