{"id":2580,"date":"2023-09-27T12:12:37","date_gmt":"2023-09-27T12:12:37","guid":{"rendered":"https:\/\/rcatering.cz\/?page_id=2580"},"modified":"2024-04-25T20:48:50","modified_gmt":"2024-04-25T20:48:50","slug":"statement-on-the-protection-of-personal-data","status":"publish","type":"page","link":"https:\/\/rcatering.cz\/en\/statement-on-the-protection-of-personal-data\/","title":{"rendered":"Statement on the protection of personal data"},"content":{"rendered":"\n<p class=\"gb-headline gb-headline-4ca798c5 gb-headline-text\">By sending the contact form, I give the administrator of the website of the association: R CATERING s.r.o., V\u00fdstavi\u0161t\u011b 405\/1, Pis\u00e1rky, 603 00 Brno, Czech Republic, I\u010c: 29260965 (hereinafter referred to as the administrator), consent to the processing of my personal data to the extent necessary in accordance with the Regulation (EU) 2016\/679 (GDPR), on the protection of personal data, as amended.<\/p>\n\n\n\n<p class=\"gb-headline gb-headline-ef71f651 gb-headline-text\">I voluntarily give my consent for an indefinite period of time and declare that the information provided by me is true and accurate.<\/p>\n\n\n\n<p class=\"gb-headline gb-headline-fc2b0a72 gb-headline-text\">Consent can be revoked at any time in writing to the administrator&#8217;s address, or by e-mail to the address: <a href=\"mailto:info@rcatering.cz\">info@rcatering.cz<\/a><\/p>\n\n\n\n<p class=\"gb-headline gb-headline-12c5fa69 gb-headline-text\">The administrator declares that he will process the data in accordance with valid legislation and only for the purposes for which he was given consent.<\/p>\n","protected":false},"excerpt":{"rendered":"<p>By sending the contact form, I give the administrator of the website of the association: R CATERING s.r.o., V\u00fdstavi\u0161t\u011b 405\/1, Pis\u00e1rky, 603 00 Brno, Czech Republic, I\u010c: 29260965 (hereinafter referred to as the administrator), consent to the processing of my personal data to the extent necessary in accordance with the Regulation (EU) 2016\/679 (GDPR), on &#8230; <a title=\"Statement on the protection of personal data\" class=\"read-more\" href=\"https:\/\/rcatering.cz\/en\/statement-on-the-protection-of-personal-data\/\" aria-label=\"Read more about Statement on the protection of personal data\">Read more<\/a><\/p>\n","protected":false},"author":253,"featured_media":0,"parent":0,"menu_order":0,"comment_status":"closed","ping_status":"closed","template":"","meta":{"footnotes":""},"class_list":["post-2580","page","type-page","status-publish"],"yoast_head":"<!-- This site is optimized with the Yoast SEO plugin v26.2 - https:\/\/yoast.com\/wordpress\/plugins\/seo\/ -->\n<title>Statement on the protection of personal data - R CATERING<\/title>\n<meta name=\"robots\" content=\"index, follow, max-snippet:-1, max-image-preview:large, max-video-preview:-1\" \/>\n<link rel=\"canonical\" href=\"https:\/\/rcatering.cz\/en\/statement-on-the-protection-of-personal-data\/\" \/>\n<meta property=\"og:locale\" content=\"en_US\" \/>\n<meta property=\"og:type\" content=\"article\" \/>\n<meta property=\"og:title\" content=\"Statement on the protection of personal data - R CATERING\" \/>\n<meta property=\"og:description\" content=\"By sending the contact form, I give the administrator of the website of the association: R CATERING s.r.o., V\u00fdstavi\u0161t\u011b 405\/1, Pis\u00e1rky, 603 00 Brno, Czech Republic, I\u010c: 29260965 (hereinafter referred to as the administrator), consent to the processing of my personal data to the extent necessary in accordance with the Regulation (EU) 2016\/679 (GDPR), on ... Read more\" \/>\n<meta property=\"og:url\" content=\"https:\/\/rcatering.cz\/en\/statement-on-the-protection-of-personal-data\/\" \/>\n<meta property=\"og:site_name\" content=\"R CATERING\" \/>\n<meta property=\"article:modified_time\" content=\"2024-04-25T20:48:50+00:00\" \/>\n<meta name=\"twitter:card\" content=\"summary_large_image\" \/>\n<meta name=\"twitter:label1\" content=\"Est. reading time\" \/>\n\t<meta name=\"twitter:data1\" content=\"1 minute\" \/>\n<script type=\"application\/ld+json\" class=\"yoast-schema-graph\">{\"@context\":\"https:\/\/schema.org\",\"@graph\":[{\"@type\":\"WebPage\",\"@id\":\"https:\/\/rcatering.cz\/en\/statement-on-the-protection-of-personal-data\/\",\"url\":\"https:\/\/rcatering.cz\/en\/statement-on-the-protection-of-personal-data\/\",\"name\":\"Statement on the protection of personal data - R CATERING\",\"isPartOf\":{\"@id\":\"https:\/\/rcatering.cz\/en\/#website\"},\"datePublished\":\"2023-09-27T12:12:37+00:00\",\"dateModified\":\"2024-04-25T20:48:50+00:00\",\"breadcrumb\":{\"@id\":\"https:\/\/rcatering.cz\/en\/statement-on-the-protection-of-personal-data\/#breadcrumb\"},\"inLanguage\":\"en-US\",\"potentialAction\":[{\"@type\":\"ReadAction\",\"target\":[\"https:\/\/rcatering.cz\/en\/statement-on-the-protection-of-personal-data\/\"]}]},{\"@type\":\"BreadcrumbList\",\"@id\":\"https:\/\/rcatering.cz\/en\/statement-on-the-protection-of-personal-data\/#breadcrumb\",\"itemListElement\":[{\"@type\":\"ListItem\",\"position\":1,\"name\":\"Dom\u016f\",\"item\":\"https:\/\/rcatering.cz\/en\/\"},{\"@type\":\"ListItem\",\"position\":2,\"name\":\"Statement on the protection of personal data\"}]},{\"@type\":\"WebSite\",\"@id\":\"https:\/\/rcatering.cz\/en\/#website\",\"url\":\"https:\/\/rcatering.cz\/en\/\",\"name\":\"R CATERING\",\"description\":\"\",\"publisher\":{\"@id\":\"https:\/\/rcatering.cz\/en\/#organization\"},\"inLanguage\":\"en-US\"},{\"@type\":\"Organization\",\"@id\":\"https:\/\/rcatering.cz\/en\/#organization\",\"name\":\"R CATERING\",\"url\":\"https:\/\/rcatering.cz\/en\/\",\"logo\":{\"@type\":\"ImageObject\",\"inLanguage\":\"en-US\",\"@id\":\"https:\/\/rcatering.cz\/en\/#\/schema\/logo\/image\/\",\"url\":\"https:\/\/rcatering.cz\/app\/uploads\/2024\/04\/bila-2-e1714039805848.png\",\"contentUrl\":\"https:\/\/rcatering.cz\/app\/uploads\/2024\/04\/bila-2-e1714039805848.png\",\"width\":1920,\"height\":1921,\"caption\":\"R CATERING\"},\"image\":{\"@id\":\"https:\/\/rcatering.cz\/en\/#\/schema\/logo\/image\/\"}}]}<\/script>\n<!-- \/ Yoast SEO plugin. -->","yoast_head_json":{"title":"Statement on the protection of personal data - R CATERING","robots":{"index":"index","follow":"follow","max-snippet":"max-snippet:-1","max-image-preview":"max-image-preview:large","max-video-preview":"max-video-preview:-1"},"canonical":"https:\/\/rcatering.cz\/en\/statement-on-the-protection-of-personal-data\/","og_locale":"en_US","og_type":"article","og_title":"Statement on the protection of personal data - R CATERING","og_description":"By sending the contact form, I give the administrator of the website of the association: R CATERING s.r.o., V\u00fdstavi\u0161t\u011b 405\/1, Pis\u00e1rky, 603 00 Brno, Czech Republic, I\u010c: 29260965 (hereinafter referred to as the administrator), consent to the processing of my personal data to the extent necessary in accordance with the Regulation (EU) 2016\/679 (GDPR), on ... Read more","og_url":"https:\/\/rcatering.cz\/en\/statement-on-the-protection-of-personal-data\/","og_site_name":"R CATERING","article_modified_time":"2024-04-25T20:48:50+00:00","twitter_card":"summary_large_image","twitter_misc":{"Est. reading time":"1 minute"},"schema":{"@context":"https:\/\/schema.org","@graph":[{"@type":"WebPage","@id":"https:\/\/rcatering.cz\/en\/statement-on-the-protection-of-personal-data\/","url":"https:\/\/rcatering.cz\/en\/statement-on-the-protection-of-personal-data\/","name":"Statement on the protection of personal data - R CATERING","isPartOf":{"@id":"https:\/\/rcatering.cz\/en\/#website"},"datePublished":"2023-09-27T12:12:37+00:00","dateModified":"2024-04-25T20:48:50+00:00","breadcrumb":{"@id":"https:\/\/rcatering.cz\/en\/statement-on-the-protection-of-personal-data\/#breadcrumb"},"inLanguage":"en-US","potentialAction":[{"@type":"ReadAction","target":["https:\/\/rcatering.cz\/en\/statement-on-the-protection-of-personal-data\/"]}]},{"@type":"BreadcrumbList","@id":"https:\/\/rcatering.cz\/en\/statement-on-the-protection-of-personal-data\/#breadcrumb","itemListElement":[{"@type":"ListItem","position":1,"name":"Dom\u016f","item":"https:\/\/rcatering.cz\/en\/"},{"@type":"ListItem","position":2,"name":"Statement on the protection of personal data"}]},{"@type":"WebSite","@id":"https:\/\/rcatering.cz\/en\/#website","url":"https:\/\/rcatering.cz\/en\/","name":"R CATERING","description":"","publisher":{"@id":"https:\/\/rcatering.cz\/en\/#organization"},"inLanguage":"en-US"},{"@type":"Organization","@id":"https:\/\/rcatering.cz\/en\/#organization","name":"R CATERING","url":"https:\/\/rcatering.cz\/en\/","logo":{"@type":"ImageObject","inLanguage":"en-US","@id":"https:\/\/rcatering.cz\/en\/#\/schema\/logo\/image\/","url":"https:\/\/rcatering.cz\/app\/uploads\/2024\/04\/bila-2-e1714039805848.png","contentUrl":"https:\/\/rcatering.cz\/app\/uploads\/2024\/04\/bila-2-e1714039805848.png","width":1920,"height":1921,"caption":"R CATERING"},"image":{"@id":"https:\/\/rcatering.cz\/en\/#\/schema\/logo\/image\/"}}]}},"_links":{"self":[{"href":"https:\/\/rcatering.cz\/en\/wp-json\/wp\/v2\/pages\/2580","targetHints":{"allow":["GET"]}}],"collection":[{"href":"https:\/\/rcatering.cz\/en\/wp-json\/wp\/v2\/pages"}],"about":[{"href":"https:\/\/rcatering.cz\/en\/wp-json\/wp\/v2\/types\/page"}],"author":[{"embeddable":true,"href":"https:\/\/rcatering.cz\/en\/wp-json\/wp\/v2\/users\/253"}],"replies":[{"embeddable":true,"href":"https:\/\/rcatering.cz\/en\/wp-json\/wp\/v2\/comments?post=2580"}],"version-history":[{"count":1,"href":"https:\/\/rcatering.cz\/en\/wp-json\/wp\/v2\/pages\/2580\/revisions"}],"predecessor-version":[{"id":2581,"href":"https:\/\/rcatering.cz\/en\/wp-json\/wp\/v2\/pages\/2580\/revisions\/2581"}],"wp:attachment":[{"href":"https:\/\/rcatering.cz\/en\/wp-json\/wp\/v2\/media?parent=2580"}],"curies":[{"name":"wp","href":"https:\/\/api.w.org\/{rel}","templated":true}]}}